{"id":89351,"date":"2021-07-16T12:04:08","date_gmt":"2021-07-16T12:04:08","guid":{"rendered":"https:\/\/clearchox.com\/en\/?post_type=product&#038;p=89351"},"modified":"2026-03-16T08:13:46","modified_gmt":"2026-03-16T08:13:46","slug":"original-beans-couverture-dominican-republic-yuna-edel-weiss-37-bio","status":"publish","type":"product","link":"https:\/\/clearchox.com\/fr\/shop\/original-beans-couverture-dominican-republic-yuna-edel-weiss-37-bio\/","title":{"rendered":"Original Beans Couverture R\u00e9publique Dominicaine Yuna Edel Weiss 37% BIO"},"content":{"rendered":"","protected":false},"excerpt":{"rendered":"<p>Couvertures, discs, drops &#8211; \u00e0 cuisiner. Les impressions sucr\u00e9es de lait de banane et de beurre de cacao peignent lentement un portrait dor\u00e9 de la vie dans la vall\u00e9e de la rivi\u00e8re Yuna. Ce chocolat blanc sp\u00e9cial est exempt d&rsquo;additifs et ne contient ni l\u00e9cithine ni vanille.<\/p>\n","protected":false},"featured_media":89347,"comment_status":"open","ping_status":"closed","template":"","meta":[],"product_brand":[27],"product_cat":[735,15],"product_tag":[24],"class_list":{"0":"post-89351","1":"product","2":"type-product","3":"status-publish","4":"has-post-thumbnail","6":"product_brand-original-beans","7":"product_cat-bio","8":"product_cat-chocolat","9":"product_tag-visible","10":"product_shipping_class-16","11":"infinite-scroll-item","12":"resize-featured-image","13":"sales-flash-overlay","14":"woocommerce-text-align-center","15":"woocommerce-image-align-center","17":"first","18":"instock","19":"taxable","20":"shipping-taxable","21":"purchasable","22":"product-type-simple"},"_links":{"self":[{"href":"https:\/\/clearchox.com\/fr\/wp-json\/wp\/v2\/product\/89351","targetHints":{"allow":["GET"]}}],"collection":[{"href":"https:\/\/clearchox.com\/fr\/wp-json\/wp\/v2\/product"}],"about":[{"href":"https:\/\/clearchox.com\/fr\/wp-json\/wp\/v2\/types\/product"}],"replies":[{"embeddable":true,"href":"https:\/\/clearchox.com\/fr\/wp-json\/wp\/v2\/comments?post=89351"}],"wp:featuredmedia":[{"embeddable":true,"href":"https:\/\/clearchox.com\/fr\/wp-json\/wp\/v2\/media\/89347"}],"wp:attachment":[{"href":"https:\/\/clearchox.com\/fr\/wp-json\/wp\/v2\/media?parent=89351"}],"wp:term":[{"taxonomy":"product_brand","embeddable":true,"href":"https:\/\/clearchox.com\/fr\/wp-json\/wp\/v2\/product_brand?post=89351"},{"taxonomy":"product_cat","embeddable":true,"href":"https:\/\/clearchox.com\/fr\/wp-json\/wp\/v2\/product_cat?post=89351"},{"taxonomy":"product_tag","embeddable":true,"href":"https:\/\/clearchox.com\/fr\/wp-json\/wp\/v2\/product_tag?post=89351"}],"curies":[{"name":"wp","href":"https:\/\/api.w.org\/{rel}","templated":true}]}}