{"id":89376,"date":"2021-08-01T15:59:18","date_gmt":"2021-08-01T15:59:18","guid":{"rendered":"https:\/\/clearchox.com\/en\/?post_type=product&#038;p=89376"},"modified":"2025-09-24T09:38:15","modified_gmt":"2025-09-24T09:38:15","slug":"grenada-chocolate-company-71-salty-licious-bio","status":"publish","type":"product","link":"https:\/\/clearchox.com\/fr\/shop\/grenada-chocolate-company-71-salty-licious-bio\/","title":{"rendered":"Grenada 71% salty-licious BIO"},"content":{"rendered":"","protected":false},"excerpt":{"rendered":"<p>Le sel des Cara\u00efbes donne un \u00e9lan suppl\u00e9mentaire \u00e0 cette d\u00e9licieuse barre de cacao Trinitario de Grenade.<\/p>\n","protected":false},"featured_media":89361,"comment_status":"open","ping_status":"closed","template":"","meta":[],"product_brand":[758],"product_cat":[734,735,15,736],"product_tag":[],"class_list":{"0":"post-89376","1":"product","2":"type-product","3":"status-publish","4":"has-post-thumbnail","6":"product_brand-grenada-chocolate-company","7":"product_cat-bean-to-bar","8":"product_cat-bio","9":"product_cat-chocolat","10":"product_cat-vegane","11":"product_shipping_class-16","12":"infinite-scroll-item","13":"resize-featured-image","14":"sales-flash-overlay","15":"woocommerce-text-align-center","16":"woocommerce-image-align-center","17":"wc-has-gallery","19":"first","20":"outofstock","21":"taxable","22":"shipping-taxable","23":"purchasable","24":"product-type-simple"},"_links":{"self":[{"href":"https:\/\/clearchox.com\/fr\/wp-json\/wp\/v2\/product\/89376","targetHints":{"allow":["GET"]}}],"collection":[{"href":"https:\/\/clearchox.com\/fr\/wp-json\/wp\/v2\/product"}],"about":[{"href":"https:\/\/clearchox.com\/fr\/wp-json\/wp\/v2\/types\/product"}],"replies":[{"embeddable":true,"href":"https:\/\/clearchox.com\/fr\/wp-json\/wp\/v2\/comments?post=89376"}],"wp:featuredmedia":[{"embeddable":true,"href":"https:\/\/clearchox.com\/fr\/wp-json\/wp\/v2\/media\/89361"}],"wp:attachment":[{"href":"https:\/\/clearchox.com\/fr\/wp-json\/wp\/v2\/media?parent=89376"}],"wp:term":[{"taxonomy":"product_brand","embeddable":true,"href":"https:\/\/clearchox.com\/fr\/wp-json\/wp\/v2\/product_brand?post=89376"},{"taxonomy":"product_cat","embeddable":true,"href":"https:\/\/clearchox.com\/fr\/wp-json\/wp\/v2\/product_cat?post=89376"},{"taxonomy":"product_tag","embeddable":true,"href":"https:\/\/clearchox.com\/fr\/wp-json\/wp\/v2\/product_tag?post=89376"}],"curies":[{"name":"wp","href":"https:\/\/api.w.org\/{rel}","templated":true}]}}