{"id":89389,"date":"2021-08-05T13:52:11","date_gmt":"2021-08-05T13:52:11","guid":{"rendered":"https:\/\/clearchox.com\/en\/?post_type=product&#038;p=89389"},"modified":"2026-04-07T18:23:28","modified_gmt":"2026-04-07T18:23:28","slug":"latitude-rwenzori-80","status":"publish","type":"product","link":"https:\/\/clearchox.com\/fr\/shop\/latitude-rwenzori-80\/","title":{"rendered":"Latitude Rwenzori 80%"},"content":{"rendered":"","protected":false},"excerpt":{"rendered":"<p>Qualit\u00e9 sup\u00e9rieure fabriqu\u00e9e en Ouganda. C&rsquo;est le grand fr\u00e8re audacieux et plus sombre de la barre Semuliki \u00e0 70%. Un chocolat plus fonc\u00e9 avec des notes \u00e9tincelantes de fruits frais lumineux. Super !<\/p>\n","protected":false},"featured_media":89386,"comment_status":"open","ping_status":"closed","template":"","meta":[],"product_brand":[759],"product_cat":[734,15,736],"product_tag":[],"class_list":{"0":"post-89389","1":"product","2":"type-product","3":"status-publish","4":"has-post-thumbnail","6":"product_brand-latitude","7":"product_cat-bean-to-bar","8":"product_cat-chocolat","9":"product_cat-vegane","10":"product_shipping_class-16","11":"infinite-scroll-item","12":"resize-featured-image","13":"sales-flash-overlay","14":"woocommerce-text-align-center","15":"woocommerce-image-align-center","16":"wc-has-gallery","18":"first","19":"instock","20":"taxable","21":"shipping-taxable","22":"purchasable","23":"product-type-simple"},"_links":{"self":[{"href":"https:\/\/clearchox.com\/fr\/wp-json\/wp\/v2\/product\/89389","targetHints":{"allow":["GET"]}}],"collection":[{"href":"https:\/\/clearchox.com\/fr\/wp-json\/wp\/v2\/product"}],"about":[{"href":"https:\/\/clearchox.com\/fr\/wp-json\/wp\/v2\/types\/product"}],"replies":[{"embeddable":true,"href":"https:\/\/clearchox.com\/fr\/wp-json\/wp\/v2\/comments?post=89389"}],"wp:featuredmedia":[{"embeddable":true,"href":"https:\/\/clearchox.com\/fr\/wp-json\/wp\/v2\/media\/89386"}],"wp:attachment":[{"href":"https:\/\/clearchox.com\/fr\/wp-json\/wp\/v2\/media?parent=89389"}],"wp:term":[{"taxonomy":"product_brand","embeddable":true,"href":"https:\/\/clearchox.com\/fr\/wp-json\/wp\/v2\/product_brand?post=89389"},{"taxonomy":"product_cat","embeddable":true,"href":"https:\/\/clearchox.com\/fr\/wp-json\/wp\/v2\/product_cat?post=89389"},{"taxonomy":"product_tag","embeddable":true,"href":"https:\/\/clearchox.com\/fr\/wp-json\/wp\/v2\/product_tag?post=89389"}],"curies":[{"name":"wp","href":"https:\/\/api.w.org\/{rel}","templated":true}]}}