{"id":89399,"date":"2021-08-05T13:58:31","date_gmt":"2021-08-05T13:58:31","guid":{"rendered":"https:\/\/clearchox.com\/en\/?post_type=product&#038;p=89399"},"modified":"2026-04-07T18:23:30","modified_gmt":"2026-04-07T18:23:30","slug":"latitude-semuliki-70","status":"publish","type":"product","link":"https:\/\/clearchox.com\/fr\/shop\/latitude-semuliki-70\/","title":{"rendered":"Latitude Semuliki 70%"},"content":{"rendered":"","protected":false},"excerpt":{"rendered":"<p>Si fruit\u00e9, si plein, une sensation en bouche si agr\u00e9able ; la saveur signature de Latitude est un chocolat noir \u00e0 base de cacao avec des notes de panela, de figue et de fruits caram\u00e9lis\u00e9s.<\/p>\n","protected":false},"featured_media":89387,"comment_status":"open","ping_status":"closed","template":"","meta":[],"product_brand":[759],"product_cat":[734,15,736],"product_tag":[],"class_list":{"0":"post-89399","1":"product","2":"type-product","3":"status-publish","4":"has-post-thumbnail","6":"product_brand-latitude","7":"product_cat-bean-to-bar","8":"product_cat-chocolat","9":"product_cat-vegane","10":"product_shipping_class-16","11":"infinite-scroll-item","12":"resize-featured-image","13":"sales-flash-overlay","14":"woocommerce-text-align-center","15":"woocommerce-image-align-center","16":"wc-has-gallery","18":"first","19":"instock","20":"taxable","21":"shipping-taxable","22":"purchasable","23":"product-type-simple"},"_links":{"self":[{"href":"https:\/\/clearchox.com\/fr\/wp-json\/wp\/v2\/product\/89399","targetHints":{"allow":["GET"]}}],"collection":[{"href":"https:\/\/clearchox.com\/fr\/wp-json\/wp\/v2\/product"}],"about":[{"href":"https:\/\/clearchox.com\/fr\/wp-json\/wp\/v2\/types\/product"}],"replies":[{"embeddable":true,"href":"https:\/\/clearchox.com\/fr\/wp-json\/wp\/v2\/comments?post=89399"}],"wp:featuredmedia":[{"embeddable":true,"href":"https:\/\/clearchox.com\/fr\/wp-json\/wp\/v2\/media\/89387"}],"wp:attachment":[{"href":"https:\/\/clearchox.com\/fr\/wp-json\/wp\/v2\/media?parent=89399"}],"wp:term":[{"taxonomy":"product_brand","embeddable":true,"href":"https:\/\/clearchox.com\/fr\/wp-json\/wp\/v2\/product_brand?post=89399"},{"taxonomy":"product_cat","embeddable":true,"href":"https:\/\/clearchox.com\/fr\/wp-json\/wp\/v2\/product_cat?post=89399"},{"taxonomy":"product_tag","embeddable":true,"href":"https:\/\/clearchox.com\/fr\/wp-json\/wp\/v2\/product_tag?post=89399"}],"curies":[{"name":"wp","href":"https:\/\/api.w.org\/{rel}","templated":true}]}}