{"id":89402,"date":"2021-08-05T15:01:27","date_gmt":"2021-08-05T15:01:27","guid":{"rendered":"https:\/\/clearchox.com\/en\/?post_type=product&#038;p=89402"},"modified":"2026-04-07T14:24:11","modified_gmt":"2026-04-07T14:24:11","slug":"latitude-white-caramel-40","status":"publish","type":"product","link":"https:\/\/clearchox.com\/fr\/shop\/latitude-white-caramel-40\/","title":{"rendered":"Latitude Caramel Blanc 40%"},"content":{"rendered":"","protected":false},"excerpt":{"rendered":"<p>Une tablette blanche chic, pas trop sucr\u00e9e, au dulce de leche. Le beurre de cacao rencontre le lait caram\u00e9lis\u00e9 et le sucre de canne parfum\u00e9 \u00e0 la m\u00e9lasse.<\/p>\n","protected":false},"featured_media":89388,"comment_status":"open","ping_status":"closed","template":"","meta":[],"product_brand":[759],"product_cat":[734,15],"product_tag":[],"class_list":{"0":"post-89402","1":"product","2":"type-product","3":"status-publish","4":"has-post-thumbnail","6":"product_brand-latitude","7":"product_cat-bean-to-bar","8":"product_cat-chocolat","9":"product_shipping_class-16","10":"infinite-scroll-item","11":"resize-featured-image","12":"sales-flash-overlay","13":"woocommerce-text-align-center","14":"woocommerce-image-align-center","15":"wc-has-gallery","17":"first","18":"instock","19":"taxable","20":"shipping-taxable","21":"purchasable","22":"product-type-simple"},"_links":{"self":[{"href":"https:\/\/clearchox.com\/fr\/wp-json\/wp\/v2\/product\/89402","targetHints":{"allow":["GET"]}}],"collection":[{"href":"https:\/\/clearchox.com\/fr\/wp-json\/wp\/v2\/product"}],"about":[{"href":"https:\/\/clearchox.com\/fr\/wp-json\/wp\/v2\/types\/product"}],"replies":[{"embeddable":true,"href":"https:\/\/clearchox.com\/fr\/wp-json\/wp\/v2\/comments?post=89402"}],"wp:featuredmedia":[{"embeddable":true,"href":"https:\/\/clearchox.com\/fr\/wp-json\/wp\/v2\/media\/89388"}],"wp:attachment":[{"href":"https:\/\/clearchox.com\/fr\/wp-json\/wp\/v2\/media?parent=89402"}],"wp:term":[{"taxonomy":"product_brand","embeddable":true,"href":"https:\/\/clearchox.com\/fr\/wp-json\/wp\/v2\/product_brand?post=89402"},{"taxonomy":"product_cat","embeddable":true,"href":"https:\/\/clearchox.com\/fr\/wp-json\/wp\/v2\/product_cat?post=89402"},{"taxonomy":"product_tag","embeddable":true,"href":"https:\/\/clearchox.com\/fr\/wp-json\/wp\/v2\/product_tag?post=89402"}],"curies":[{"name":"wp","href":"https:\/\/api.w.org\/{rel}","templated":true}]}}