{"id":89410,"date":"2021-08-11T12:36:29","date_gmt":"2021-08-11T12:36:29","guid":{"rendered":"https:\/\/clearchox.com\/en\/?post_type=product&#038;p=89410"},"modified":"2026-04-01T11:23:27","modified_gmt":"2026-04-01T11:23:27","slug":"auro-luna-lait-noir-chocolat-50","status":"publish","type":"product","link":"https:\/\/clearchox.com\/fr\/shop\/auro-luna-lait-noir-chocolat-50\/","title":{"rendered":"Auro Luna Chocolat Noir au Lait 50%"},"content":{"rendered":"<p><strong>Ingr\u00e9dients<\/strong> : f\u00e8ves de cacao, <span style=\"color: #993300;\"><strong>lait<\/strong><\/span> entier en poudre, sucre muscovado, <strong><span style=\"color: #993300;\">lait<\/span><\/strong> \u00e9cr\u00e9m\u00e9 en poudre.<\/p>\n<p><span style=\"color: #993300;\"><em><strong>Contient du lait. Peut contenir des traces de fruits \u00e0 coque, d&rsquo;arachides et de soja.<\/strong><\/em><\/span><\/p>\n<table width=\"593\">\n<tbody>\n<tr>\n<td width=\"333\"><strong>Nutritional values\/N\u00e4hrwerte\/Voedingswaarde\/Valeurs nutritionnelles<\/strong><\/td>\n<td width=\"260\"><strong>per\/pro\/per\/pour 100 g<\/strong><\/td>\n<\/tr>\n<tr>\n<td>Energy\/Energie\/Valeur \u00e9nerg\u00e9tique<\/td>\n<td>550 kcal \/ 2301 kJ<\/td>\n<\/tr>\n<tr>\n<td>Fat\/Fett\/Vetten\/Lipides<\/td>\n<td>36 g<\/td>\n<\/tr>\n<tr>\n<td>of which saturated\/davon ges\u00e4ttigte Fetts\u00e4uren\/waarvan verzadigd\/dont acides gras satur\u00e9s<\/td>\n<td>22 g<\/td>\n<\/tr>\n<tr>\n<td>Carbohydrates\/Kohlenhydrate\/Koolhydraten\/Glucides<\/td>\n<td>48 g<\/td>\n<\/tr>\n<tr>\n<td>of which sugar\/davon Zucker\/waarvan suiker\/dont sucre<\/td>\n<td>38 g<\/td>\n<\/tr>\n<tr>\n<td>Proteins\/Eiweiss\/Eiwitten\/Prot\u00e9ines<\/td>\n<td>10 g<\/td>\n<\/tr>\n<tr>\n<td>Salt\/Salz\/Zout\/Sel<\/td>\n<td>68 mg (0,068 g)<\/td>\n<\/tr>\n<\/tbody>\n<\/table>\n<p>EAN 4806531801897<\/p>\n","protected":false},"excerpt":{"rendered":"<p>Ce chocolat au lait noir a un go\u00fbt surprenant avec des notes de noix de coco, de pomelo et de ramboutan. Le cacao est cultiv\u00e9 sur le domaine de Saloy, qui est situ\u00e9 dans les montagnes tropicales et qui est aliment\u00e9 par l&rsquo;eau fra\u00eeche des sources qui coule \u00e0 travers les for\u00eats luxuriantes.<\/p>\n","protected":false},"featured_media":89412,"comment_status":"open","ping_status":"closed","template":"","meta":[],"product_brand":[116],"product_cat":[734,15],"product_tag":[1144,1146,1127,24],"class_list":{"0":"post-89410","1":"product","2":"type-product","3":"status-publish","4":"has-post-thumbnail","6":"product_brand-auro","7":"product_cat-bean-to-bar","8":"product_cat-chocolat","9":"product_tag-chocolat","10":"product_tag-lait","11":"product_tag-noir","12":"product_tag-visible","13":"product_shipping_class-16","14":"infinite-scroll-item","15":"resize-featured-image","16":"sales-flash-overlay","17":"woocommerce-text-align-center","18":"woocommerce-image-align-center","19":"wc-has-gallery","21":"first","22":"instock","23":"taxable","24":"shipping-taxable","25":"purchasable","26":"product-type-simple"},"_links":{"self":[{"href":"https:\/\/clearchox.com\/fr\/wp-json\/wp\/v2\/product\/89410","targetHints":{"allow":["GET"]}}],"collection":[{"href":"https:\/\/clearchox.com\/fr\/wp-json\/wp\/v2\/product"}],"about":[{"href":"https:\/\/clearchox.com\/fr\/wp-json\/wp\/v2\/types\/product"}],"replies":[{"embeddable":true,"href":"https:\/\/clearchox.com\/fr\/wp-json\/wp\/v2\/comments?post=89410"}],"wp:featuredmedia":[{"embeddable":true,"href":"https:\/\/clearchox.com\/fr\/wp-json\/wp\/v2\/media\/89412"}],"wp:attachment":[{"href":"https:\/\/clearchox.com\/fr\/wp-json\/wp\/v2\/media?parent=89410"}],"wp:term":[{"taxonomy":"product_brand","embeddable":true,"href":"https:\/\/clearchox.com\/fr\/wp-json\/wp\/v2\/product_brand?post=89410"},{"taxonomy":"product_cat","embeddable":true,"href":"https:\/\/clearchox.com\/fr\/wp-json\/wp\/v2\/product_cat?post=89410"},{"taxonomy":"product_tag","embeddable":true,"href":"https:\/\/clearchox.com\/fr\/wp-json\/wp\/v2\/product_tag?post=89410"}],"curies":[{"name":"wp","href":"https:\/\/api.w.org\/{rel}","templated":true}]}}