{"id":89547,"date":"2021-12-09T08:59:53","date_gmt":"2021-12-09T08:59:53","guid":{"rendered":"https:\/\/clearchox.com\/en\/?post_type=product&#038;p=89547"},"modified":"2025-09-24T09:38:16","modified_gmt":"2025-09-24T09:38:16","slug":"grenada-chocolate-company-organic-cocoa-powder-bio","status":"publish","type":"product","link":"https:\/\/clearchox.com\/fr\/shop\/grenada-chocolate-company-organic-cocoa-powder-bio\/","title":{"rendered":"Grenada Chocolate Company &#8211; Poudre de Cacao BIO"},"content":{"rendered":"","protected":false},"excerpt":{"rendered":"<p>Pur et d\u00e9licieux, parfait pour le chocolat chaud, la cr\u00e8me glac\u00e9e au chocolat, la p\u00e2tisserie, etc. La Grenade est connue pour son cacao aromatique plein de saveurs riches.<\/p>\n","protected":false},"featured_media":89549,"comment_status":"open","ping_status":"closed","template":"","meta":[],"product_brand":[758],"product_cat":[734,735,15,736],"product_tag":[],"class_list":{"0":"post-89547","1":"product","2":"type-product","3":"status-publish","4":"has-post-thumbnail","6":"product_brand-grenada-chocolate-company","7":"product_cat-bean-to-bar","8":"product_cat-bio","9":"product_cat-chocolat","10":"product_cat-vegane","11":"product_shipping_class-16","12":"infinite-scroll-item","13":"resize-featured-image","14":"sales-flash-overlay","15":"woocommerce-text-align-center","16":"woocommerce-image-align-center","18":"first","19":"outofstock","20":"taxable","21":"shipping-taxable","22":"purchasable","23":"product-type-simple"},"_links":{"self":[{"href":"https:\/\/clearchox.com\/fr\/wp-json\/wp\/v2\/product\/89547","targetHints":{"allow":["GET"]}}],"collection":[{"href":"https:\/\/clearchox.com\/fr\/wp-json\/wp\/v2\/product"}],"about":[{"href":"https:\/\/clearchox.com\/fr\/wp-json\/wp\/v2\/types\/product"}],"replies":[{"embeddable":true,"href":"https:\/\/clearchox.com\/fr\/wp-json\/wp\/v2\/comments?post=89547"}],"wp:featuredmedia":[{"embeddable":true,"href":"https:\/\/clearchox.com\/fr\/wp-json\/wp\/v2\/media\/89549"}],"wp:attachment":[{"href":"https:\/\/clearchox.com\/fr\/wp-json\/wp\/v2\/media?parent=89547"}],"wp:term":[{"taxonomy":"product_brand","embeddable":true,"href":"https:\/\/clearchox.com\/fr\/wp-json\/wp\/v2\/product_brand?post=89547"},{"taxonomy":"product_cat","embeddable":true,"href":"https:\/\/clearchox.com\/fr\/wp-json\/wp\/v2\/product_cat?post=89547"},{"taxonomy":"product_tag","embeddable":true,"href":"https:\/\/clearchox.com\/fr\/wp-json\/wp\/v2\/product_tag?post=89547"}],"curies":[{"name":"wp","href":"https:\/\/api.w.org\/{rel}","templated":true}]}}