{"id":89746,"date":"2022-07-20T13:52:02","date_gmt":"2022-07-20T13:52:02","guid":{"rendered":"https:\/\/clearchox.com\/en\/?post_type=product&#038;p=89746"},"modified":"2026-03-26T13:19:46","modified_gmt":"2026-03-26T13:19:46","slug":"morin-cocoa-powder-madagascar-100-bio","status":"publish","type":"product","link":"https:\/\/clearchox.com\/fr\/shop\/morin-cocoa-powder-madagascar-100-bio\/","title":{"rendered":"Morin Poudre de Cacao Madagascar 100% (200g) Bio"},"content":{"rendered":"","protected":false},"excerpt":{"rendered":"<p>Poudre de cacao \u00e0 100 % cr\u00e9\u00e9e \u00e0 partir d&rsquo;excellentes f\u00e8ves de cacao tr\u00e8s fruit\u00e9es cultiv\u00e9es dans la vall\u00e9e de Sambirano \u00e0 Madagascar. Profitez-en !<\/p>\n","protected":false},"featured_media":89748,"comment_status":"open","ping_status":"closed","template":"","meta":[],"product_brand":[79],"product_cat":[734,735,15,736],"product_tag":[],"class_list":{"0":"post-89746","1":"product","2":"type-product","3":"status-publish","4":"has-post-thumbnail","6":"product_brand-chocolaterie-a-morin","7":"product_cat-bean-to-bar","8":"product_cat-bio","9":"product_cat-chocolat","10":"product_cat-vegane","11":"product_shipping_class-16","12":"infinite-scroll-item","13":"resize-featured-image","14":"sales-flash-overlay","15":"woocommerce-text-align-center","16":"woocommerce-image-align-center","17":"wc-has-gallery","19":"first","20":"instock","21":"taxable","22":"shipping-taxable","23":"purchasable","24":"product-type-simple"},"_links":{"self":[{"href":"https:\/\/clearchox.com\/fr\/wp-json\/wp\/v2\/product\/89746","targetHints":{"allow":["GET"]}}],"collection":[{"href":"https:\/\/clearchox.com\/fr\/wp-json\/wp\/v2\/product"}],"about":[{"href":"https:\/\/clearchox.com\/fr\/wp-json\/wp\/v2\/types\/product"}],"replies":[{"embeddable":true,"href":"https:\/\/clearchox.com\/fr\/wp-json\/wp\/v2\/comments?post=89746"}],"wp:featuredmedia":[{"embeddable":true,"href":"https:\/\/clearchox.com\/fr\/wp-json\/wp\/v2\/media\/89748"}],"wp:attachment":[{"href":"https:\/\/clearchox.com\/fr\/wp-json\/wp\/v2\/media?parent=89746"}],"wp:term":[{"taxonomy":"product_brand","embeddable":true,"href":"https:\/\/clearchox.com\/fr\/wp-json\/wp\/v2\/product_brand?post=89746"},{"taxonomy":"product_cat","embeddable":true,"href":"https:\/\/clearchox.com\/fr\/wp-json\/wp\/v2\/product_cat?post=89746"},{"taxonomy":"product_tag","embeddable":true,"href":"https:\/\/clearchox.com\/fr\/wp-json\/wp\/v2\/product_tag?post=89746"}],"curies":[{"name":"wp","href":"https:\/\/api.w.org\/{rel}","templated":true}]}}