{"id":89805,"date":"2022-07-31T11:52:38","date_gmt":"2022-07-31T11:52:38","guid":{"rendered":"https:\/\/clearchox.com\/en\/?post_type=product&#038;p=89805"},"modified":"2026-02-17T08:38:29","modified_gmt":"2026-02-17T08:38:29","slug":"original-beans-couverture-beni-wild-66-bio","status":"publish","type":"product","link":"https:\/\/clearchox.com\/fr\/shop\/original-beans-couverture-beni-wild-66-bio\/","title":{"rendered":"Original Beans Couverture Beni Wild 66% BIO"},"content":{"rendered":"","protected":false},"excerpt":{"rendered":"<p>Chocolat noir \u00e0 partir de f\u00e8ves de cacao r\u00e9colt\u00e9es de mani\u00e8re tr\u00e8s sp\u00e9ciale dans le Beni de Bolivie. La saveur est merveilleusement florale avec un peu de miel et d&rsquo;abricot.<\/p>\n","protected":false},"featured_media":89810,"comment_status":"open","ping_status":"closed","template":"","meta":[],"product_brand":[27],"product_cat":[734,735,15,736],"product_tag":[],"class_list":{"0":"post-89805","1":"product","2":"type-product","3":"status-publish","4":"has-post-thumbnail","6":"product_brand-original-beans","7":"product_cat-bean-to-bar","8":"product_cat-bio","9":"product_cat-chocolat","10":"product_cat-vegane","11":"product_shipping_class-16","12":"infinite-scroll-item","13":"resize-featured-image","14":"sales-flash-overlay","15":"woocommerce-text-align-center","16":"woocommerce-image-align-center","17":"wc-has-gallery","19":"first","20":"instock","21":"taxable","22":"shipping-taxable","23":"purchasable","24":"product-type-simple"},"_links":{"self":[{"href":"https:\/\/clearchox.com\/fr\/wp-json\/wp\/v2\/product\/89805","targetHints":{"allow":["GET"]}}],"collection":[{"href":"https:\/\/clearchox.com\/fr\/wp-json\/wp\/v2\/product"}],"about":[{"href":"https:\/\/clearchox.com\/fr\/wp-json\/wp\/v2\/types\/product"}],"replies":[{"embeddable":true,"href":"https:\/\/clearchox.com\/fr\/wp-json\/wp\/v2\/comments?post=89805"}],"wp:featuredmedia":[{"embeddable":true,"href":"https:\/\/clearchox.com\/fr\/wp-json\/wp\/v2\/media\/89810"}],"wp:attachment":[{"href":"https:\/\/clearchox.com\/fr\/wp-json\/wp\/v2\/media?parent=89805"}],"wp:term":[{"taxonomy":"product_brand","embeddable":true,"href":"https:\/\/clearchox.com\/fr\/wp-json\/wp\/v2\/product_brand?post=89805"},{"taxonomy":"product_cat","embeddable":true,"href":"https:\/\/clearchox.com\/fr\/wp-json\/wp\/v2\/product_cat?post=89805"},{"taxonomy":"product_tag","embeddable":true,"href":"https:\/\/clearchox.com\/fr\/wp-json\/wp\/v2\/product_tag?post=89805"}],"curies":[{"name":"wp","href":"https:\/\/api.w.org\/{rel}","templated":true}]}}