{"id":89816,"date":"2022-07-31T12:59:21","date_gmt":"2022-07-31T12:59:21","guid":{"rendered":"https:\/\/clearchox.com\/en\/?post_type=product&#038;p=89816"},"modified":"2025-12-10T07:39:54","modified_gmt":"2025-12-10T07:39:54","slug":"original-beans-couverture-femmes-de-virunga-milk-chocolate-55-bio","status":"publish","type":"product","link":"https:\/\/clearchox.com\/fr\/shop\/original-beans-couverture-femmes-de-virunga-milk-chocolate-55-bio\/","title":{"rendered":"Original Beans Couverture Femmes de Virunga 55% BIO"},"content":{"rendered":"","protected":false},"excerpt":{"rendered":"<p>Couverture de chocolat au lait noir \u00e9labor\u00e9e \u00e0 partir de f\u00e8ves du Parc National des Virunga au Congo. L&rsquo;achat de ces couvertures renforce la position des agriculteurs locaux de cacao dans leur r\u00f4le de leader pour la paix et la prosp\u00e9rit\u00e9 dans l&rsquo;est du Congo.<\/p>\n","protected":false},"featured_media":89807,"comment_status":"open","ping_status":"closed","template":"","meta":[],"product_brand":[27],"product_cat":[735,15],"product_tag":[],"class_list":{"0":"post-89816","1":"product","2":"type-product","3":"status-publish","4":"has-post-thumbnail","6":"product_brand-original-beans","7":"product_cat-bio","8":"product_cat-chocolat","9":"product_shipping_class-16","10":"infinite-scroll-item","11":"resize-featured-image","12":"sales-flash-overlay","13":"woocommerce-text-align-center","14":"woocommerce-image-align-center","15":"wc-has-gallery","17":"first","18":"instock","19":"taxable","20":"shipping-taxable","21":"purchasable","22":"product-type-simple"},"_links":{"self":[{"href":"https:\/\/clearchox.com\/fr\/wp-json\/wp\/v2\/product\/89816","targetHints":{"allow":["GET"]}}],"collection":[{"href":"https:\/\/clearchox.com\/fr\/wp-json\/wp\/v2\/product"}],"about":[{"href":"https:\/\/clearchox.com\/fr\/wp-json\/wp\/v2\/types\/product"}],"replies":[{"embeddable":true,"href":"https:\/\/clearchox.com\/fr\/wp-json\/wp\/v2\/comments?post=89816"}],"wp:featuredmedia":[{"embeddable":true,"href":"https:\/\/clearchox.com\/fr\/wp-json\/wp\/v2\/media\/89807"}],"wp:attachment":[{"href":"https:\/\/clearchox.com\/fr\/wp-json\/wp\/v2\/media?parent=89816"}],"wp:term":[{"taxonomy":"product_brand","embeddable":true,"href":"https:\/\/clearchox.com\/fr\/wp-json\/wp\/v2\/product_brand?post=89816"},{"taxonomy":"product_cat","embeddable":true,"href":"https:\/\/clearchox.com\/fr\/wp-json\/wp\/v2\/product_cat?post=89816"},{"taxonomy":"product_tag","embeddable":true,"href":"https:\/\/clearchox.com\/fr\/wp-json\/wp\/v2\/product_tag?post=89816"}],"curies":[{"name":"wp","href":"https:\/\/api.w.org\/{rel}","templated":true}]}}