{"id":89817,"date":"2022-07-31T13:19:21","date_gmt":"2022-07-31T13:19:21","guid":{"rendered":"https:\/\/clearchox.com\/en\/?post_type=product&#038;p=89817"},"modified":"2025-06-25T12:30:11","modified_gmt":"2025-06-25T12:30:11","slug":"original-beans-couverture-esmeraldas-dark-65-bio","status":"publish","type":"product","link":"https:\/\/clearchox.com\/fr\/shop\/original-beans-couverture-esmeraldas-dark-65-bio\/","title":{"rendered":"Original Beans Couverture Esmeraldas Noir 65% BIO"},"content":{"rendered":"","protected":false},"excerpt":{"rendered":"<p>Des notes de fleurs, de fruits tropicaux et de noix dans ce cacao Nacional s&rsquo;\u00e9quilibrent doucement comme les paresseux accroch\u00e9s aux arbres sous la canop\u00e9e de la derni\u00e8re for\u00eat nuageuse de l&rsquo;\u00c9quateur, o\u00f9 les grenouilles arboricoles en voie de disparition se pr\u00e9lassent dans la brise.<\/p>\n","protected":false},"featured_media":89808,"comment_status":"open","ping_status":"closed","template":"","meta":[],"product_brand":[27],"product_cat":[735,15,736],"product_tag":[],"class_list":{"0":"post-89817","1":"product","2":"type-product","3":"status-publish","4":"has-post-thumbnail","6":"product_brand-original-beans","7":"product_cat-bio","8":"product_cat-chocolat","9":"product_cat-vegane","10":"product_shipping_class-16","11":"infinite-scroll-item","12":"resize-featured-image","13":"sales-flash-overlay","14":"woocommerce-text-align-center","15":"woocommerce-image-align-center","16":"wc-has-gallery","18":"first","19":"outofstock","20":"taxable","21":"shipping-taxable","22":"purchasable","23":"product-type-simple"},"_links":{"self":[{"href":"https:\/\/clearchox.com\/fr\/wp-json\/wp\/v2\/product\/89817","targetHints":{"allow":["GET"]}}],"collection":[{"href":"https:\/\/clearchox.com\/fr\/wp-json\/wp\/v2\/product"}],"about":[{"href":"https:\/\/clearchox.com\/fr\/wp-json\/wp\/v2\/types\/product"}],"replies":[{"embeddable":true,"href":"https:\/\/clearchox.com\/fr\/wp-json\/wp\/v2\/comments?post=89817"}],"wp:featuredmedia":[{"embeddable":true,"href":"https:\/\/clearchox.com\/fr\/wp-json\/wp\/v2\/media\/89808"}],"wp:attachment":[{"href":"https:\/\/clearchox.com\/fr\/wp-json\/wp\/v2\/media?parent=89817"}],"wp:term":[{"taxonomy":"product_brand","embeddable":true,"href":"https:\/\/clearchox.com\/fr\/wp-json\/wp\/v2\/product_brand?post=89817"},{"taxonomy":"product_cat","embeddable":true,"href":"https:\/\/clearchox.com\/fr\/wp-json\/wp\/v2\/product_cat?post=89817"},{"taxonomy":"product_tag","embeddable":true,"href":"https:\/\/clearchox.com\/fr\/wp-json\/wp\/v2\/product_tag?post=89817"}],"curies":[{"name":"wp","href":"https:\/\/api.w.org\/{rel}","templated":true}]}}