{"id":89819,"date":"2022-08-01T11:49:28","date_gmt":"2022-08-01T11:49:28","guid":{"rendered":"https:\/\/clearchox.com\/en\/?post_type=product&#038;p=89819"},"modified":"2026-03-26T13:19:48","modified_gmt":"2026-03-26T13:19:48","slug":"georgia-ramon-guatemala-milkchocolate-55-bio","status":"publish","type":"product","link":"https:\/\/clearchox.com\/fr\/shop\/georgia-ramon-guatemala-milkchocolate-55-bio\/","title":{"rendered":"Georgia Ramon Chocolat au Lait du Guatemala 55% BIO"},"content":{"rendered":"","protected":false},"excerpt":{"rendered":"<p>Cerises et m\u00fbres, avec une touche de cr\u00e8me \u00e9pic\u00e9e, voil\u00e0 les saveurs du cacao Jolomijix au bord du Parc National de la Sierra de las Minas, une r\u00e9serve unique de la biosph\u00e8re de l&rsquo;UNESCO.<\/p>\n","protected":false},"featured_media":89821,"comment_status":"open","ping_status":"closed","template":"","meta":[],"product_brand":[77],"product_cat":[734,735,15],"product_tag":[],"class_list":{"0":"post-89819","1":"product","2":"type-product","3":"status-publish","4":"has-post-thumbnail","6":"product_brand-georgia-ramon","7":"product_cat-bean-to-bar","8":"product_cat-bio","9":"product_cat-chocolat","10":"product_shipping_class-16","11":"infinite-scroll-item","12":"resize-featured-image","13":"sales-flash-overlay","14":"woocommerce-text-align-center","15":"woocommerce-image-align-center","16":"wc-has-gallery","18":"first","19":"instock","20":"taxable","21":"shipping-taxable","22":"purchasable","23":"product-type-simple"},"_links":{"self":[{"href":"https:\/\/clearchox.com\/fr\/wp-json\/wp\/v2\/product\/89819","targetHints":{"allow":["GET"]}}],"collection":[{"href":"https:\/\/clearchox.com\/fr\/wp-json\/wp\/v2\/product"}],"about":[{"href":"https:\/\/clearchox.com\/fr\/wp-json\/wp\/v2\/types\/product"}],"replies":[{"embeddable":true,"href":"https:\/\/clearchox.com\/fr\/wp-json\/wp\/v2\/comments?post=89819"}],"wp:featuredmedia":[{"embeddable":true,"href":"https:\/\/clearchox.com\/fr\/wp-json\/wp\/v2\/media\/89821"}],"wp:attachment":[{"href":"https:\/\/clearchox.com\/fr\/wp-json\/wp\/v2\/media?parent=89819"}],"wp:term":[{"taxonomy":"product_brand","embeddable":true,"href":"https:\/\/clearchox.com\/fr\/wp-json\/wp\/v2\/product_brand?post=89819"},{"taxonomy":"product_cat","embeddable":true,"href":"https:\/\/clearchox.com\/fr\/wp-json\/wp\/v2\/product_cat?post=89819"},{"taxonomy":"product_tag","embeddable":true,"href":"https:\/\/clearchox.com\/fr\/wp-json\/wp\/v2\/product_tag?post=89819"}],"curies":[{"name":"wp","href":"https:\/\/api.w.org\/{rel}","templated":true}]}}