{"id":89838,"date":"2022-08-06T17:32:08","date_gmt":"2022-08-06T17:32:08","guid":{"rendered":"https:\/\/clearchox.com\/en\/?post_type=product&#038;p=89838"},"modified":"2026-04-07T18:23:36","modified_gmt":"2026-04-07T18:23:36","slug":"latitude-semuliki-100","status":"publish","type":"product","link":"https:\/\/clearchox.com\/fr\/shop\/latitude-semuliki-100\/","title":{"rendered":"Latitude Semuliki 100%"},"content":{"rendered":"","protected":false},"excerpt":{"rendered":"<p>Le C\u00f4t\u00e9 Obscur de la Grue. Une barre de cacao pur 100% naturellement sucr\u00e9e pour ceux qui ont le courage de vivre une v\u00e9ritable aventure.<\/p>\n","protected":false},"featured_media":89836,"comment_status":"open","ping_status":"closed","template":"","meta":[],"product_brand":[759],"product_cat":[734,15,736],"product_tag":[],"class_list":{"0":"post-89838","1":"product","2":"type-product","3":"status-publish","4":"has-post-thumbnail","6":"product_brand-latitude","7":"product_cat-bean-to-bar","8":"product_cat-chocolat","9":"product_cat-vegane","10":"product_shipping_class-16","11":"infinite-scroll-item","12":"resize-featured-image","13":"sales-flash-overlay","14":"woocommerce-text-align-center","15":"woocommerce-image-align-center","16":"wc-has-gallery","18":"first","19":"instock","20":"taxable","21":"shipping-taxable","22":"purchasable","23":"product-type-simple"},"_links":{"self":[{"href":"https:\/\/clearchox.com\/fr\/wp-json\/wp\/v2\/product\/89838","targetHints":{"allow":["GET"]}}],"collection":[{"href":"https:\/\/clearchox.com\/fr\/wp-json\/wp\/v2\/product"}],"about":[{"href":"https:\/\/clearchox.com\/fr\/wp-json\/wp\/v2\/types\/product"}],"replies":[{"embeddable":true,"href":"https:\/\/clearchox.com\/fr\/wp-json\/wp\/v2\/comments?post=89838"}],"wp:featuredmedia":[{"embeddable":true,"href":"https:\/\/clearchox.com\/fr\/wp-json\/wp\/v2\/media\/89836"}],"wp:attachment":[{"href":"https:\/\/clearchox.com\/fr\/wp-json\/wp\/v2\/media?parent=89838"}],"wp:term":[{"taxonomy":"product_brand","embeddable":true,"href":"https:\/\/clearchox.com\/fr\/wp-json\/wp\/v2\/product_brand?post=89838"},{"taxonomy":"product_cat","embeddable":true,"href":"https:\/\/clearchox.com\/fr\/wp-json\/wp\/v2\/product_cat?post=89838"},{"taxonomy":"product_tag","embeddable":true,"href":"https:\/\/clearchox.com\/fr\/wp-json\/wp\/v2\/product_tag?post=89838"}],"curies":[{"name":"wp","href":"https:\/\/api.w.org\/{rel}","templated":true}]}}