{"id":89840,"date":"2022-08-06T18:03:20","date_gmt":"2022-08-06T18:03:20","guid":{"rendered":"https:\/\/clearchox.com\/en\/?post_type=product&#038;p=89840"},"modified":"2026-04-07T07:24:17","modified_gmt":"2026-04-07T07:24:17","slug":"latitude-vanilla-sesame-72","status":"publish","type":"product","link":"https:\/\/clearchox.com\/fr\/shop\/latitude-vanilla-sesame-72\/","title":{"rendered":"Latitude Vanille S\u00e9same 72%"},"content":{"rendered":"","protected":false},"excerpt":{"rendered":"<p>Chocolat \u00e0 72%, 100% ougandais. Le chocolat noir Semuliki est relev\u00e9 de vanille locale et d&rsquo;une bonne dose de \u00ab\u00a0sim-sim\u00a0\u00bb (s\u00e9same).<\/p>\n","protected":false},"featured_media":89837,"comment_status":"open","ping_status":"closed","template":"","meta":[],"product_brand":[759],"product_cat":[734,15,736],"product_tag":[],"class_list":{"0":"post-89840","1":"product","2":"type-product","3":"status-publish","4":"has-post-thumbnail","6":"product_brand-latitude","7":"product_cat-bean-to-bar","8":"product_cat-chocolat","9":"product_cat-vegane","10":"product_shipping_class-16","11":"infinite-scroll-item","12":"resize-featured-image","13":"sales-flash-overlay","14":"woocommerce-text-align-center","15":"woocommerce-image-align-center","16":"wc-has-gallery","18":"first","19":"instock","20":"taxable","21":"shipping-taxable","22":"purchasable","23":"product-type-simple"},"_links":{"self":[{"href":"https:\/\/clearchox.com\/fr\/wp-json\/wp\/v2\/product\/89840","targetHints":{"allow":["GET"]}}],"collection":[{"href":"https:\/\/clearchox.com\/fr\/wp-json\/wp\/v2\/product"}],"about":[{"href":"https:\/\/clearchox.com\/fr\/wp-json\/wp\/v2\/types\/product"}],"replies":[{"embeddable":true,"href":"https:\/\/clearchox.com\/fr\/wp-json\/wp\/v2\/comments?post=89840"}],"wp:featuredmedia":[{"embeddable":true,"href":"https:\/\/clearchox.com\/fr\/wp-json\/wp\/v2\/media\/89837"}],"wp:attachment":[{"href":"https:\/\/clearchox.com\/fr\/wp-json\/wp\/v2\/media?parent=89840"}],"wp:term":[{"taxonomy":"product_brand","embeddable":true,"href":"https:\/\/clearchox.com\/fr\/wp-json\/wp\/v2\/product_brand?post=89840"},{"taxonomy":"product_cat","embeddable":true,"href":"https:\/\/clearchox.com\/fr\/wp-json\/wp\/v2\/product_cat?post=89840"},{"taxonomy":"product_tag","embeddable":true,"href":"https:\/\/clearchox.com\/fr\/wp-json\/wp\/v2\/product_tag?post=89840"}],"curies":[{"name":"wp","href":"https:\/\/api.w.org\/{rel}","templated":true}]}}