{"id":89843,"date":"2022-08-06T18:59:36","date_gmt":"2022-08-06T18:59:36","guid":{"rendered":"https:\/\/clearchox.com\/en\/?post_type=product&#038;p=89843"},"modified":"2026-04-07T14:24:17","modified_gmt":"2026-04-07T14:24:17","slug":"latitude-jinja-64","status":"publish","type":"product","link":"https:\/\/clearchox.com\/fr\/shop\/latitude-jinja-64\/","title":{"rendered":"Latitude Jinja 64%"},"content":{"rendered":"","protected":false},"excerpt":{"rendered":"<p>Chocolat 101 : Introduction \u00e0 l&rsquo;obscurit\u00e9. Une tablette de chocolat noir et onctueux pour les amateurs de chocolat au palais sucr\u00e9.<\/p>\n","protected":false},"featured_media":89835,"comment_status":"open","ping_status":"closed","template":"","meta":[],"product_brand":[759],"product_cat":[734,15,736],"product_tag":[],"class_list":{"0":"post-89843","1":"product","2":"type-product","3":"status-publish","4":"has-post-thumbnail","6":"product_brand-latitude","7":"product_cat-bean-to-bar","8":"product_cat-chocolat","9":"product_cat-vegane","10":"product_shipping_class-16","11":"infinite-scroll-item","12":"resize-featured-image","13":"sales-flash-overlay","14":"woocommerce-text-align-center","15":"woocommerce-image-align-center","16":"wc-has-gallery","18":"first","19":"instock","20":"taxable","21":"shipping-taxable","22":"purchasable","23":"product-type-simple"},"_links":{"self":[{"href":"https:\/\/clearchox.com\/fr\/wp-json\/wp\/v2\/product\/89843","targetHints":{"allow":["GET"]}}],"collection":[{"href":"https:\/\/clearchox.com\/fr\/wp-json\/wp\/v2\/product"}],"about":[{"href":"https:\/\/clearchox.com\/fr\/wp-json\/wp\/v2\/types\/product"}],"replies":[{"embeddable":true,"href":"https:\/\/clearchox.com\/fr\/wp-json\/wp\/v2\/comments?post=89843"}],"wp:featuredmedia":[{"embeddable":true,"href":"https:\/\/clearchox.com\/fr\/wp-json\/wp\/v2\/media\/89835"}],"wp:attachment":[{"href":"https:\/\/clearchox.com\/fr\/wp-json\/wp\/v2\/media?parent=89843"}],"wp:term":[{"taxonomy":"product_brand","embeddable":true,"href":"https:\/\/clearchox.com\/fr\/wp-json\/wp\/v2\/product_brand?post=89843"},{"taxonomy":"product_cat","embeddable":true,"href":"https:\/\/clearchox.com\/fr\/wp-json\/wp\/v2\/product_cat?post=89843"},{"taxonomy":"product_tag","embeddable":true,"href":"https:\/\/clearchox.com\/fr\/wp-json\/wp\/v2\/product_tag?post=89843"}],"curies":[{"name":"wp","href":"https:\/\/api.w.org\/{rel}","templated":true}]}}