{"id":89852,"date":"2022-08-15T09:38:23","date_gmt":"2022-08-15T09:38:23","guid":{"rendered":"https:\/\/clearchox.com\/en\/?post_type=product&#038;p=89852"},"modified":"2026-04-07T07:24:19","modified_gmt":"2026-04-07T07:24:19","slug":"naive-black-sauna-smoked-chocolate-70","status":"publish","type":"product","link":"https:\/\/clearchox.com\/fr\/shop\/naive-black-sauna-smoked-chocolate-70\/","title":{"rendered":"Na\u00efve Black Sauna &#8211; Chocolat Fum\u00e9 70%"},"content":{"rendered":"","protected":false},"excerpt":{"rendered":"<p>Le sauna fumant a son propre ar\u00f4me distinct de fum\u00e9e, tr\u00e8s appr\u00e9ci\u00e9 par de nombreux connaisseurs de sauna. Na\u00efve a captur\u00e9 ces ar\u00f4mes dans un superbe chocolat !<\/p>\n","protected":false},"featured_media":89853,"comment_status":"open","ping_status":"closed","template":"","meta":[],"product_brand":[100],"product_cat":[15,736],"product_tag":[],"class_list":{"0":"post-89852","1":"product","2":"type-product","3":"status-publish","4":"has-post-thumbnail","6":"product_brand-naive","7":"product_cat-chocolat","8":"product_cat-vegane","9":"infinite-scroll-item","10":"resize-featured-image","11":"sales-flash-overlay","12":"woocommerce-text-align-center","13":"woocommerce-image-align-center","14":"wc-has-gallery","16":"first","17":"instock","18":"taxable","19":"shipping-taxable","20":"purchasable","21":"product-type-simple"},"_links":{"self":[{"href":"https:\/\/clearchox.com\/fr\/wp-json\/wp\/v2\/product\/89852","targetHints":{"allow":["GET"]}}],"collection":[{"href":"https:\/\/clearchox.com\/fr\/wp-json\/wp\/v2\/product"}],"about":[{"href":"https:\/\/clearchox.com\/fr\/wp-json\/wp\/v2\/types\/product"}],"replies":[{"embeddable":true,"href":"https:\/\/clearchox.com\/fr\/wp-json\/wp\/v2\/comments?post=89852"}],"wp:featuredmedia":[{"embeddable":true,"href":"https:\/\/clearchox.com\/fr\/wp-json\/wp\/v2\/media\/89853"}],"wp:attachment":[{"href":"https:\/\/clearchox.com\/fr\/wp-json\/wp\/v2\/media?parent=89852"}],"wp:term":[{"taxonomy":"product_brand","embeddable":true,"href":"https:\/\/clearchox.com\/fr\/wp-json\/wp\/v2\/product_brand?post=89852"},{"taxonomy":"product_cat","embeddable":true,"href":"https:\/\/clearchox.com\/fr\/wp-json\/wp\/v2\/product_cat?post=89852"},{"taxonomy":"product_tag","embeddable":true,"href":"https:\/\/clearchox.com\/fr\/wp-json\/wp\/v2\/product_tag?post=89852"}],"curies":[{"name":"wp","href":"https:\/\/api.w.org\/{rel}","templated":true}]}}