{"id":89856,"date":"2022-08-15T09:54:55","date_gmt":"2022-08-15T09:54:55","guid":{"rendered":"https:\/\/clearchox.com\/en\/?post_type=product&#038;p=89856"},"modified":"2026-04-07T07:24:21","modified_gmt":"2026-04-07T07:24:21","slug":"naive-flat-white-coffee-chocolate-61","status":"publish","type":"product","link":"https:\/\/clearchox.com\/fr\/shop\/naive-flat-white-coffee-chocolate-61\/","title":{"rendered":"Na\u00efve Flat White &#8211; Chocolat au Caf\u00e9 61%"},"content":{"rendered":"<p>Il y a une histoire d\u2019amour secr\u00e8te entre le caf\u00e9 et le chocolat. Ajoutez une pinc\u00e9e de lait \u00e0 ce duo passionn\u00e9 et il devient encore plus \u00e9pic\u00e9. Pour le dire de mani\u00e8re moins \u00e9rotique, une tasse de flat white r\u00e9pond \u00e0 tous les besoins humains !<br \/>\nTout d\u2019abord, Domantas a choisi un caf\u00e9 lituanien unique, cultiv\u00e9 au Salvador, d\u00e9couvert en 1949 dans une ferme appartenant \u00e0 la famille Pacas (descendants de la famille ducale lituanienne Pacas). Ensuite, il a fusionn\u00e9 le caf\u00e9 Pacas avec des f\u00e8ves de cacao s\u00e9lectionn\u00e9es. La recette s\u2019est av\u00e9r\u00e9e \u00eatre \u00e0 la fois moderne et classique et \u00e9tait plus que satisfaisante. Cela fait maintenant pr\u00e8s de huit ans qu\u2019il travaille sur cette recette, et la derni\u00e8re version ne laisse personne indiff\u00e9rent.<\/p>\n<p>Les f\u00e8ves de cacao utilis\u00e9es par Domantas sont un m\u00e9lange sp\u00e9cial, fait maison, de f\u00e8ves d\u2019excellente qualit\u00e9, dont la plupart proviennent actuellement du Venezuela.<\/p>\n<p>&nbsp;<\/p>\n","protected":false},"excerpt":{"rendered":"<p>Le caf\u00e9 et le chocolat entretiennent une liaison secr\u00e8te. Une touche de lait a \u00e9t\u00e9 ajout\u00e9e \u00e0 cette barre passionn\u00e9e, la rendant encore plus piquante. Apr\u00e8s huit ans d&rsquo;affinage, c&rsquo;est le meilleur chocolat au caf\u00e9 qui existe !<\/p>\n","protected":false},"featured_media":89854,"comment_status":"open","ping_status":"closed","template":"","meta":[],"product_brand":[100],"product_cat":[15],"product_tag":[],"class_list":{"0":"post-89856","1":"product","2":"type-product","3":"status-publish","4":"has-post-thumbnail","6":"product_brand-naive","7":"product_cat-chocolat","8":"infinite-scroll-item","9":"resize-featured-image","10":"sales-flash-overlay","11":"woocommerce-text-align-center","12":"woocommerce-image-align-center","13":"wc-has-gallery","15":"first","16":"instock","17":"taxable","18":"shipping-taxable","19":"purchasable","20":"product-type-simple"},"_links":{"self":[{"href":"https:\/\/clearchox.com\/fr\/wp-json\/wp\/v2\/product\/89856","targetHints":{"allow":["GET"]}}],"collection":[{"href":"https:\/\/clearchox.com\/fr\/wp-json\/wp\/v2\/product"}],"about":[{"href":"https:\/\/clearchox.com\/fr\/wp-json\/wp\/v2\/types\/product"}],"replies":[{"embeddable":true,"href":"https:\/\/clearchox.com\/fr\/wp-json\/wp\/v2\/comments?post=89856"}],"wp:featuredmedia":[{"embeddable":true,"href":"https:\/\/clearchox.com\/fr\/wp-json\/wp\/v2\/media\/89854"}],"wp:attachment":[{"href":"https:\/\/clearchox.com\/fr\/wp-json\/wp\/v2\/media?parent=89856"}],"wp:term":[{"taxonomy":"product_brand","embeddable":true,"href":"https:\/\/clearchox.com\/fr\/wp-json\/wp\/v2\/product_brand?post=89856"},{"taxonomy":"product_cat","embeddable":true,"href":"https:\/\/clearchox.com\/fr\/wp-json\/wp\/v2\/product_cat?post=89856"},{"taxonomy":"product_tag","embeddable":true,"href":"https:\/\/clearchox.com\/fr\/wp-json\/wp\/v2\/product_tag?post=89856"}],"curies":[{"name":"wp","href":"https:\/\/api.w.org\/{rel}","templated":true}]}}