{"id":89932,"date":"2022-09-02T10:14:46","date_gmt":"2022-09-02T10:14:46","guid":{"rendered":"https:\/\/clearchox.com\/en\/?post_type=product&#038;p=89932"},"modified":"2025-11-25T11:48:22","modified_gmt":"2025-11-25T11:48:22","slug":"auro-x-don-papa-chocolat-70-noir-infuse-au-rhum","status":"publish","type":"product","link":"https:\/\/clearchox.com\/fr\/shop\/auro-x-don-papa-chocolat-70-noir-infuse-au-rhum\/","title":{"rendered":"Auro x Don Papa Chocolat Noir 70% Infus\u00e9 au Rhum"},"content":{"rendered":"<p><strong>Ingr\u00e9dients<\/strong> : f\u00e8ves de cacao, sucre de canne, beurre de cacao, rhum.<\/p>\n<p><span style=\"color: #993300;\"><strong>Peut contenir des traces de lait, d&rsquo;avoine, de soja, de fruits \u00e0 coque et d&rsquo;arachides.<\/strong><\/span><\/p>\n<table border=\"0\" width=\"593\" cellspacing=\"0\" cellpadding=\"0\">\n<tbody>\n<tr>\n<td class=\"xl68\" width=\"333\" height=\"15\"><strong>Nutritional values\/N\u00e4hrwerte\/Voedingswaarde\/Valeurs nutritionnelles<\/strong><\/td>\n<td class=\"xl66\" width=\"260\"><strong>per\/pro\/per\/pour 100 g<\/strong><\/td>\n<\/tr>\n<tr>\n<td class=\"xl64\" height=\"15\">Energy\/Energie\/Valeur \u00e9nerg\u00e9tique<\/td>\n<td class=\"xl65\">547 kcal \/ 2290 kJ<\/td>\n<\/tr>\n<tr>\n<td class=\"xl64\" height=\"15\">Fat\/Fett\/Vetten\/Lipides<\/td>\n<td class=\"xl65\">37 g<\/td>\n<\/tr>\n<tr>\n<td class=\"xl64\" height=\"15\">of which saturated\/davon ges\u00e4ttigte Fetts\u00e4uren\/waarvan verzadigd\/dont acides gras satur\u00e9s<\/td>\n<td class=\"xl65\">22 g<\/td>\n<\/tr>\n<tr>\n<td class=\"xl64\" height=\"15\">Carbohydrates\/Kohlenhydrate\/Koolhydraten\/Glucides<\/td>\n<td class=\"xl65\">45 g<\/td>\n<\/tr>\n<tr>\n<td class=\"xl64\" height=\"15\">of which sugar\/davon Zucker\/waarvan suiker\/dont sucre<\/td>\n<td class=\"xl65\">30 g<\/td>\n<\/tr>\n<tr>\n<td class=\"xl64\" height=\"15\">Proteins\/Eiweiss\/Eiwitten\/Prot\u00e9ines<\/td>\n<td class=\"xl65\">7 g<\/td>\n<\/tr>\n<tr>\n<td class=\"xl67\" height=\"15\">Salt\/Salz\/Zout\/Sel<\/td>\n<td class=\"xl63\">&lt; 2 mg<\/td>\n<\/tr>\n<\/tbody>\n<\/table>\n<p>EAN 4806531802412<\/p>\n","protected":false},"excerpt":{"rendered":"<p>Ce chocolat noir \u00e0 70% est fabriqu\u00e9 \u00e0 partir des meilleures f\u00e8ves de cacao de Saloy et soigneusement infus\u00e9 avec du Don Papa &#8211; un rhum premium vieilli, originaire d&rsquo;une seule \u00eele. Go\u00fbtez \u00e0 l&rsquo;harmonie parfaite entre le chocolat artisanal philippin et le rhum philippin !<\/p>\n","protected":false},"featured_media":89929,"comment_status":"open","ping_status":"closed","template":"","meta":[],"product_brand":[116],"product_cat":[734,15,736],"product_tag":[1144,1148,1127,1147],"class_list":{"0":"post-89932","1":"product","2":"type-product","3":"status-publish","4":"has-post-thumbnail","6":"product_brand-auro","7":"product_cat-bean-to-bar","8":"product_cat-chocolat","9":"product_cat-vegane","10":"product_tag-chocolat","11":"product_tag-don-papa","12":"product_tag-noir","13":"product_tag-rhum","14":"product_shipping_class-16","15":"infinite-scroll-item","16":"resize-featured-image","17":"sales-flash-overlay","18":"woocommerce-text-align-center","19":"woocommerce-image-align-center","20":"wc-has-gallery","22":"first","23":"outofstock","24":"taxable","25":"shipping-taxable","26":"purchasable","27":"product-type-simple"},"_links":{"self":[{"href":"https:\/\/clearchox.com\/fr\/wp-json\/wp\/v2\/product\/89932","targetHints":{"allow":["GET"]}}],"collection":[{"href":"https:\/\/clearchox.com\/fr\/wp-json\/wp\/v2\/product"}],"about":[{"href":"https:\/\/clearchox.com\/fr\/wp-json\/wp\/v2\/types\/product"}],"replies":[{"embeddable":true,"href":"https:\/\/clearchox.com\/fr\/wp-json\/wp\/v2\/comments?post=89932"}],"wp:featuredmedia":[{"embeddable":true,"href":"https:\/\/clearchox.com\/fr\/wp-json\/wp\/v2\/media\/89929"}],"wp:attachment":[{"href":"https:\/\/clearchox.com\/fr\/wp-json\/wp\/v2\/media?parent=89932"}],"wp:term":[{"taxonomy":"product_brand","embeddable":true,"href":"https:\/\/clearchox.com\/fr\/wp-json\/wp\/v2\/product_brand?post=89932"},{"taxonomy":"product_cat","embeddable":true,"href":"https:\/\/clearchox.com\/fr\/wp-json\/wp\/v2\/product_cat?post=89932"},{"taxonomy":"product_tag","embeddable":true,"href":"https:\/\/clearchox.com\/fr\/wp-json\/wp\/v2\/product_tag?post=89932"}],"curies":[{"name":"wp","href":"https:\/\/api.w.org\/{rel}","templated":true}]}}