{"id":89934,"date":"2022-09-02T18:34:53","date_gmt":"2022-09-02T18:34:53","guid":{"rendered":"https:\/\/clearchox.com\/en\/?post_type=product&#038;p=89934"},"modified":"2026-03-30T14:59:13","modified_gmt":"2026-03-30T14:59:13","slug":"auro-chocolat-blanc-32-cajou-dulce","status":"publish","type":"product","link":"https:\/\/clearchox.com\/fr\/shop\/auro-chocolat-blanc-32-cajou-dulce\/","title":{"rendered":"Auro Chocolat Blanc 32% Dulce aux Noix de Cajou Grill\u00e9es"},"content":{"rendered":"<p><strong>Ingr\u00e9dients<\/strong> : sucre de canne brut, beurre de cacao,<span style=\"color: #993300;\"><strong> lait<\/strong><\/span> entier en poudre,<span style=\"color: #993300;\"><strong> lait<\/strong> <\/span>\u00e9cr\u00e9m\u00e9 en poudre, l\u00e9cithine de <strong><span style=\"color: #993300;\">soja<\/span><\/strong> (\u00e9mulsifiant), <span style=\"color: #993300;\"><strong>noix de cajou<\/strong><\/span>, sel de mer.<\/p>\n<p><span style=\"color: #993300;\"><strong>Contient du lait, du soja et des fruits \u00e0 coque. Peut \u00e9galement contenir des traces d&rsquo;avoine et d&rsquo;arachides.<\/strong><\/span><\/p>\n<p>&nbsp;<\/p>\n<table border=\"0\" width=\"593\" cellspacing=\"0\" cellpadding=\"0\">\n<tbody>\n<tr>\n<td class=\"xl68\" width=\"333\" height=\"15\"><strong>Nutritional values\/N\u00e4hrwerte\/Voedingswaarde\/Valeurs nutritionnelles<\/strong><\/td>\n<td class=\"xl66\" width=\"260\"><strong>per\/pro\/per\/pour 100 g<\/strong><\/td>\n<\/tr>\n<tr>\n<td class=\"xl64\" height=\"15\">Energy\/Energie\/Valeur \u00e9nerg\u00e9tique<\/td>\n<td class=\"xl65\">577 kcal \/ 2416 kJ<\/td>\n<\/tr>\n<tr>\n<td class=\"xl64\" height=\"15\">Fat\/Fett\/Vetten\/Lipides<\/td>\n<td class=\"xl65\">40 g<\/td>\n<\/tr>\n<tr>\n<td class=\"xl64\" height=\"15\">of which saturated\/davon ges\u00e4ttigte Fetts\u00e4uren\/waarvan verzadigd\/dont acides gras satur\u00e9s<\/td>\n<td class=\"xl65\">23 g<\/td>\n<\/tr>\n<tr>\n<td class=\"xl64\" height=\"15\">Carbohydrates\/Kohlenhydrate\/Koolhydraten\/Glucides<\/td>\n<td class=\"xl65\">49 g<\/td>\n<\/tr>\n<tr>\n<td class=\"xl64\" height=\"15\">of which sugar\/davon Zucker\/waarvan suiker\/dont sucre<\/td>\n<td class=\"xl65\">12 g<\/td>\n<\/tr>\n<tr>\n<td class=\"xl64\" height=\"15\">Proteins\/Eiweiss\/Eiwitten\/Prot\u00e9ines<\/td>\n<td class=\"xl65\">8 g<\/td>\n<\/tr>\n<tr>\n<td class=\"xl67\" height=\"15\">Salt\/Salz\/Zout\/Sel<\/td>\n<td class=\"xl63\">176 mg<\/td>\n<\/tr>\n<\/tbody>\n<\/table>\n<p>EAN 4806531802672<\/p>\n","protected":false},"excerpt":{"rendered":"<p>Le Dulce de Noix de Cajou prim\u00e9 est une c\u00e9l\u00e9bration de saveurs &#8211; une combinaison de chocolat blanc torr\u00e9fi\u00e9 \u00e0 32% et de morceaux de noix de cajou grill\u00e9s.<\/p>\n","protected":false},"featured_media":89927,"comment_status":"open","ping_status":"closed","template":"","meta":[],"product_brand":[116],"product_cat":[733,734,15],"product_tag":[1132,1144,1146,1145],"class_list":{"0":"post-89934","1":"product","2":"type-product","3":"status-publish","4":"has-post-thumbnail","6":"product_brand-auro","7":"product_cat-awards","8":"product_cat-bean-to-bar","9":"product_cat-chocolat","10":"product_tag-blanc","11":"product_tag-chocolat","12":"product_tag-lait","13":"product_tag-noix-de-cajou","14":"product_shipping_class-16","15":"infinite-scroll-item","16":"resize-featured-image","17":"sales-flash-overlay","18":"woocommerce-text-align-center","19":"woocommerce-image-align-center","20":"wc-has-gallery","22":"first","23":"instock","24":"taxable","25":"shipping-taxable","26":"purchasable","27":"product-type-simple"},"_links":{"self":[{"href":"https:\/\/clearchox.com\/fr\/wp-json\/wp\/v2\/product\/89934","targetHints":{"allow":["GET"]}}],"collection":[{"href":"https:\/\/clearchox.com\/fr\/wp-json\/wp\/v2\/product"}],"about":[{"href":"https:\/\/clearchox.com\/fr\/wp-json\/wp\/v2\/types\/product"}],"replies":[{"embeddable":true,"href":"https:\/\/clearchox.com\/fr\/wp-json\/wp\/v2\/comments?post=89934"}],"wp:featuredmedia":[{"embeddable":true,"href":"https:\/\/clearchox.com\/fr\/wp-json\/wp\/v2\/media\/89927"}],"wp:attachment":[{"href":"https:\/\/clearchox.com\/fr\/wp-json\/wp\/v2\/media?parent=89934"}],"wp:term":[{"taxonomy":"product_brand","embeddable":true,"href":"https:\/\/clearchox.com\/fr\/wp-json\/wp\/v2\/product_brand?post=89934"},{"taxonomy":"product_cat","embeddable":true,"href":"https:\/\/clearchox.com\/fr\/wp-json\/wp\/v2\/product_cat?post=89934"},{"taxonomy":"product_tag","embeddable":true,"href":"https:\/\/clearchox.com\/fr\/wp-json\/wp\/v2\/product_tag?post=89934"}],"curies":[{"name":"wp","href":"https:\/\/api.w.org\/{rel}","templated":true}]}}