{"id":89938,"date":"2022-09-03T18:12:15","date_gmt":"2022-09-03T18:12:15","guid":{"rendered":"https:\/\/clearchox.com\/en\/?post_type=product&#038;p=89938"},"modified":"2026-04-07T14:24:13","modified_gmt":"2026-04-07T14:24:13","slug":"auro-vegane-blanc-chocolat-calamansi-cheesecake-34","status":"publish","type":"product","link":"https:\/\/clearchox.com\/fr\/shop\/auro-vegane-blanc-chocolat-calamansi-cheesecake-34\/","title":{"rendered":"Auro Chocolat Blanc \u00e0 Base de Plantes au Cheesecake Calamansi 34%"},"content":{"rendered":"<p><strong>Ingr\u00e9dients :<\/strong> sucre de canne, beurre de cacao, poudre d&rsquo;<span style=\"color: #993300;\"><strong>avoine<\/strong><\/span>, biscuits \u00e9pic\u00e9s (farine de <strong><span style=\"color: #993300;\">bl\u00e9<\/span><\/strong>, sucre, huile v\u00e9g\u00e9tale, sirop de sucre candi, bicarbonate de sodium comme agent levant, farine de <span style=\"color: #993300;\"><strong>soja<\/strong><\/span>, sel, cannelle), extrait de calamansi, extrait naturel de vanille, sel de mer.<\/p>\n<p><span style=\"color: #993300;\"><strong>Contient de l&rsquo;avoine, du bl\u00e9 et du soja. Peut \u00e9galement contenir des traces de lait, de fruits \u00e0 coque et d&rsquo;arachides.<\/strong><\/span><\/p>\n<p>&nbsp;<\/p>\n<table border=\"0\" width=\"593\" cellspacing=\"0\" cellpadding=\"0\">\n<tbody>\n<tr>\n<td class=\"xl68\" width=\"333\" height=\"15\"><strong>Nutritional values\/N\u00e4hrwerte\/Voedingswaarde\/Valeurs nutritionnelles<\/strong><\/td>\n<td class=\"xl66\" width=\"260\"><strong>per\/pro\/per\/pour 100 g<\/strong><\/td>\n<\/tr>\n<tr>\n<td class=\"xl64\" height=\"15\">Energy\/Energie\/Valeur \u00e9nerg\u00e9tique<\/td>\n<td class=\"xl65\">538 kcal \/ 2252 kJ<\/td>\n<\/tr>\n<tr>\n<td class=\"xl64\" height=\"15\">Fat\/Fett\/Vetten\/Lipides<\/td>\n<td class=\"xl65\">33 g<\/td>\n<\/tr>\n<tr>\n<td class=\"xl64\" height=\"15\">of which saturated\/davon ges\u00e4ttigte Fetts\u00e4uren\/waarvan verzadigd\/dont acides gras satur\u00e9s<\/td>\n<td class=\"xl65\">19 g<\/td>\n<\/tr>\n<tr>\n<td class=\"xl64\" height=\"15\">Carbohydrates\/Kohlenhydrate\/Koolhydraten\/Glucides<\/td>\n<td class=\"xl65\">58 g<\/td>\n<\/tr>\n<tr>\n<td class=\"xl64\" height=\"15\">of which sugar\/davon Zucker\/waarvan suiker\/dont sucre<\/td>\n<td class=\"xl65\">36 g<\/td>\n<\/tr>\n<tr>\n<td class=\"xl64\" height=\"15\">Proteins\/Eiweiss\/Eiwitten\/Prot\u00e9ines<\/td>\n<td class=\"xl65\">4 g<\/td>\n<\/tr>\n<tr>\n<td class=\"xl67\" height=\"15\">Salt\/Salz\/Zout\/Sel<\/td>\n<td class=\"xl63\">83 mg<\/td>\n<\/tr>\n<\/tbody>\n<\/table>\n<p>EAN 4806531802641<\/p>\n","protected":false},"excerpt":{"rendered":"<p>De la collection Filippino Fiesta : du chocolat blanc \u00e0 base de plantes avec une infusion de calamansi et des morceaux de d\u00e9licieux biscuits \u00e9pic\u00e9s. Quel go\u00fbt !<\/p>\n","protected":false},"featured_media":89925,"comment_status":"open","ping_status":"closed","template":"","meta":[],"product_brand":[116],"product_cat":[734,15,736],"product_tag":[1142,1132,1143,1144],"class_list":{"0":"post-89938","1":"product","2":"type-product","3":"status-publish","4":"has-post-thumbnail","6":"product_brand-auro","7":"product_cat-bean-to-bar","8":"product_cat-chocolat","9":"product_cat-vegane","10":"product_tag-avoine","11":"product_tag-blanc","12":"product_tag-calamansi","13":"product_tag-chocolat","14":"product_shipping_class-16","15":"infinite-scroll-item","16":"resize-featured-image","17":"sales-flash-overlay","18":"woocommerce-text-align-center","19":"woocommerce-image-align-center","20":"wc-has-gallery","22":"first","23":"instock","24":"taxable","25":"shipping-taxable","26":"purchasable","27":"product-type-simple"},"_links":{"self":[{"href":"https:\/\/clearchox.com\/fr\/wp-json\/wp\/v2\/product\/89938","targetHints":{"allow":["GET"]}}],"collection":[{"href":"https:\/\/clearchox.com\/fr\/wp-json\/wp\/v2\/product"}],"about":[{"href":"https:\/\/clearchox.com\/fr\/wp-json\/wp\/v2\/types\/product"}],"replies":[{"embeddable":true,"href":"https:\/\/clearchox.com\/fr\/wp-json\/wp\/v2\/comments?post=89938"}],"wp:featuredmedia":[{"embeddable":true,"href":"https:\/\/clearchox.com\/fr\/wp-json\/wp\/v2\/media\/89925"}],"wp:attachment":[{"href":"https:\/\/clearchox.com\/fr\/wp-json\/wp\/v2\/media?parent=89938"}],"wp:term":[{"taxonomy":"product_brand","embeddable":true,"href":"https:\/\/clearchox.com\/fr\/wp-json\/wp\/v2\/product_brand?post=89938"},{"taxonomy":"product_cat","embeddable":true,"href":"https:\/\/clearchox.com\/fr\/wp-json\/wp\/v2\/product_cat?post=89938"},{"taxonomy":"product_tag","embeddable":true,"href":"https:\/\/clearchox.com\/fr\/wp-json\/wp\/v2\/product_tag?post=89938"}],"curies":[{"name":"wp","href":"https:\/\/api.w.org\/{rel}","templated":true}]}}