{"id":89943,"date":"2022-09-03T18:55:53","date_gmt":"2022-09-03T18:55:53","guid":{"rendered":"https:\/\/clearchox.com\/en\/?post_type=product&#038;p=89943"},"modified":"2026-03-26T13:37:49","modified_gmt":"2026-03-26T13:37:49","slug":"auro-chocolat-vegane-47-arachide-salee","status":"publish","type":"product","link":"https:\/\/clearchox.com\/fr\/shop\/auro-chocolat-vegane-47-arachide-salee\/","title":{"rendered":"Auro 47% Chocolat \u00e0 Base de Plantes avec Arachide Sal\u00e9e"},"content":{"rendered":"<p><strong>Ingr\u00e9dients<\/strong>: sucre de canne, f\u00e8ves de cacao, beurre de cacao, poudre d&rsquo;<span style=\"color: #993300;\"><strong>avoine<\/strong><\/span>, <span style=\"color: #993300;\"><strong>cacahu\u00e8tes<\/strong><\/span> grill\u00e9es, sel de mer.<\/p>\n<p><span style=\"color: #993300;\"><strong>Contient de l&rsquo;avoine et des arachides. Peut \u00e9galement contenir des traces de lait, de soja et de fruits \u00e0 coque<\/strong><\/span><em><strong>.<\/strong><\/em><\/p>\n<table border=\"0\" width=\"593\" cellspacing=\"0\" cellpadding=\"0\">\n<tbody>\n<tr>\n<td class=\"xl68\" width=\"333\" height=\"15\"><strong>Nutritional values\/N\u00e4hrwerte\/Voedingswaarde\/Valeurs nutritionnelles<\/strong><\/td>\n<td class=\"xl66\" width=\"260\"><strong>per\/pro\/per\/pour 100 g<\/strong><\/td>\n<\/tr>\n<tr>\n<td class=\"xl64\" height=\"15\">Energy\/Energie\/Valeur \u00e9nerg\u00e9tique<\/td>\n<td class=\"xl65\">564 kcal \/ 2361 kJ<\/td>\n<\/tr>\n<tr>\n<td class=\"xl64\" height=\"15\">Fat\/Fett\/Vetten\/Lipides<\/td>\n<td class=\"xl65\">37 g<\/td>\n<\/tr>\n<tr>\n<td class=\"xl64\" height=\"15\">of which saturated\/davon ges\u00e4ttigte Fetts\u00e4uren\/waarvan verzadigd\/dont acides gras satur\u00e9s<\/td>\n<td class=\"xl65\">20 g<\/td>\n<\/tr>\n<tr>\n<td class=\"xl64\" height=\"15\">Carbohydrates\/Kohlenhydrate\/Koolhydraten\/Glucides<\/td>\n<td class=\"xl65\">52 g<\/td>\n<\/tr>\n<tr>\n<td class=\"xl64\" height=\"15\">of which sugar\/davon Zucker\/waarvan suiker\/dont sucre<\/td>\n<td class=\"xl65\">33 g<\/td>\n<\/tr>\n<tr>\n<td class=\"xl64\" height=\"15\">Proteins\/Eiweiss\/Eiwitten\/Prot\u00e9ines<\/td>\n<td class=\"xl65\">7 g<\/td>\n<\/tr>\n<tr>\n<td class=\"xl67\" height=\"15\">Salt\/Salz\/Zout\/Sel<\/td>\n<td class=\"xl63\">88 mg<\/td>\n<\/tr>\n<\/tbody>\n<\/table>\n<p>EAN 4806531802458<\/p>\n","protected":false},"excerpt":{"rendered":"<p>De la collection Filippino Fiesta : du chocolat \u00e0 base de plantes avec des cacahu\u00e8tes grill\u00e9es. Une alternative d\u00e9licieusement cr\u00e9meuse au chocolat au lait. Vous continuerez \u00e0 faire la f\u00eate !<\/p>\n","protected":false},"featured_media":89931,"comment_status":"open","ping_status":"closed","template":"","meta":[],"product_brand":[116],"product_cat":[734,15,736],"product_tag":[1138,1142,1141,1136,1139,1140,1137],"class_list":{"0":"post-89943","1":"product","2":"type-product","3":"status-publish","4":"has-post-thumbnail","6":"product_brand-auro","7":"product_cat-bean-to-bar","8":"product_cat-chocolat","9":"product_cat-vegane","10":"product_tag-arachide","11":"product_tag-avoine","12":"product_tag-cacahuete","13":"product_tag-fiesta","14":"product_tag-salee","15":"product_tag-sel","16":"product_tag-vegane","17":"product_shipping_class-16","18":"infinite-scroll-item","19":"resize-featured-image","20":"sales-flash-overlay","21":"woocommerce-text-align-center","22":"woocommerce-image-align-center","23":"wc-has-gallery","25":"first","26":"instock","27":"taxable","28":"shipping-taxable","29":"purchasable","30":"product-type-simple"},"_links":{"self":[{"href":"https:\/\/clearchox.com\/fr\/wp-json\/wp\/v2\/product\/89943","targetHints":{"allow":["GET"]}}],"collection":[{"href":"https:\/\/clearchox.com\/fr\/wp-json\/wp\/v2\/product"}],"about":[{"href":"https:\/\/clearchox.com\/fr\/wp-json\/wp\/v2\/types\/product"}],"replies":[{"embeddable":true,"href":"https:\/\/clearchox.com\/fr\/wp-json\/wp\/v2\/comments?post=89943"}],"wp:featuredmedia":[{"embeddable":true,"href":"https:\/\/clearchox.com\/fr\/wp-json\/wp\/v2\/media\/89931"}],"wp:attachment":[{"href":"https:\/\/clearchox.com\/fr\/wp-json\/wp\/v2\/media?parent=89943"}],"wp:term":[{"taxonomy":"product_brand","embeddable":true,"href":"https:\/\/clearchox.com\/fr\/wp-json\/wp\/v2\/product_brand?post=89943"},{"taxonomy":"product_cat","embeddable":true,"href":"https:\/\/clearchox.com\/fr\/wp-json\/wp\/v2\/product_cat?post=89943"},{"taxonomy":"product_tag","embeddable":true,"href":"https:\/\/clearchox.com\/fr\/wp-json\/wp\/v2\/product_tag?post=89943"}],"curies":[{"name":"wp","href":"https:\/\/api.w.org\/{rel}","templated":true}]}}