{"id":89960,"date":"2022-09-12T18:20:29","date_gmt":"2022-09-12T18:20:29","guid":{"rendered":"https:\/\/clearchox.com\/en\/?post_type=product&#038;p=89960"},"modified":"2026-03-23T12:34:06","modified_gmt":"2026-03-23T12:34:06","slug":"chocolat-madagascar-noir-100","status":"publish","type":"product","link":"https:\/\/clearchox.com\/fr\/shop\/chocolat-madagascar-noir-100\/","title":{"rendered":"Chocolat Madagascar Golden Bean Fine Noir 100%"},"content":{"rendered":"<p><strong>Ingr\u00e9dients<\/strong> : f\u00e8ves de cacao.<\/p>\n<p><span style=\"color: #993300;\"><strong>Fabriqu\u00e9 dans un environnement o\u00f9 l&rsquo;on utilise \u00e9galement du lait et des noix de cajou.<\/strong><\/span><\/p>\n<p>&nbsp;<\/p>\n<table border=\"0\" width=\"593\" cellspacing=\"0\" cellpadding=\"0\">\n<tbody>\n<tr>\n<td class=\"xl68\" width=\"333\" height=\"15\"><strong>Nutritional values\/N\u00e4hrwerte\/Voedingswaarde\/Valeurs nutritionnelles<\/strong><\/td>\n<td class=\"xl66\" width=\"260\"><strong>per\/pro\/per\/pour 100 g<\/strong><\/td>\n<\/tr>\n<tr>\n<td class=\"xl64\" height=\"15\">Energy\/Energie\/Valeur \u00e9nerg\u00e9tique<\/td>\n<td class=\"xl65\">596 kcal \/ 2466 kJ<\/td>\n<\/tr>\n<tr>\n<td class=\"xl64\" height=\"15\">Fat\/Fett\/Vet\/Lipides<\/td>\n<td class=\"xl65\">48 g<\/td>\n<\/tr>\n<tr>\n<td class=\"xl64\" height=\"15\">of which saturated\/davon ges\u00e4ttigte Fetts\u00e4uren\/waarvan verzadigd\/dont acides gras satur\u00e9s<\/td>\n<td class=\"xl65\">29 g<\/td>\n<\/tr>\n<tr>\n<td class=\"xl64\" height=\"15\">Carbohydrates\/Kohlenhydrate\/Koolhydraten\/Glucides<\/td>\n<td class=\"xl65\">32 g<\/td>\n<\/tr>\n<tr>\n<td class=\"xl64\" height=\"15\">of which sugar\/davon Zucker\/waarvan suiker\/dont sucre<\/td>\n<td class=\"xl65\">0.5 g<\/td>\n<\/tr>\n<tr>\n<td class=\"xl64\" height=\"15\">Proteins\/Eiweiss\/Eiwitten\/Prot\u00e9ines<\/td>\n<td class=\"xl65\">14 g<\/td>\n<\/tr>\n<tr>\n<td class=\"xl67\" height=\"15\">Salt\/Salz\/Zout\/Sel<\/td>\n<td class=\"xl63\">30 mg<\/td>\n<\/tr>\n<\/tbody>\n<\/table>\n<p>EAN 0715547889697<\/p>\n","protected":false},"excerpt":{"rendered":"<p>Une fine barre de chocolat noir \u00e0 100% avec un seul ingr\u00e9dient : des f\u00e8ves de cacao. Les f\u00e8ves proviennent de nos propres plantations situ\u00e9es \u00e0 l&rsquo;ombre des for\u00eats tropicales de la vall\u00e9e de Sambirano dans le nord-ouest de Madagascar.<\/p>\n","protected":false},"featured_media":89963,"comment_status":"open","ping_status":"closed","template":"","meta":[],"product_brand":[860],"product_cat":[733,734,15,736],"product_tag":[1151,1144,1153,1127],"class_list":{"0":"post-89960","1":"product","2":"type-product","3":"status-publish","4":"has-post-thumbnail","6":"product_brand-chocolat-madagascar","7":"product_cat-awards","8":"product_cat-bean-to-bar","9":"product_cat-chocolat","10":"product_cat-vegane","11":"product_tag-1151","12":"product_tag-chocolat","13":"product_tag-madagascar","14":"product_tag-noir","15":"product_shipping_class-16","16":"infinite-scroll-item","17":"resize-featured-image","18":"sales-flash-overlay","19":"woocommerce-text-align-center","20":"woocommerce-image-align-center","21":"wc-has-gallery","23":"first","24":"outofstock","25":"taxable","26":"shipping-taxable","27":"purchasable","28":"product-type-simple"},"_links":{"self":[{"href":"https:\/\/clearchox.com\/fr\/wp-json\/wp\/v2\/product\/89960","targetHints":{"allow":["GET"]}}],"collection":[{"href":"https:\/\/clearchox.com\/fr\/wp-json\/wp\/v2\/product"}],"about":[{"href":"https:\/\/clearchox.com\/fr\/wp-json\/wp\/v2\/types\/product"}],"replies":[{"embeddable":true,"href":"https:\/\/clearchox.com\/fr\/wp-json\/wp\/v2\/comments?post=89960"}],"wp:featuredmedia":[{"embeddable":true,"href":"https:\/\/clearchox.com\/fr\/wp-json\/wp\/v2\/media\/89963"}],"wp:attachment":[{"href":"https:\/\/clearchox.com\/fr\/wp-json\/wp\/v2\/media?parent=89960"}],"wp:term":[{"taxonomy":"product_brand","embeddable":true,"href":"https:\/\/clearchox.com\/fr\/wp-json\/wp\/v2\/product_brand?post=89960"},{"taxonomy":"product_cat","embeddable":true,"href":"https:\/\/clearchox.com\/fr\/wp-json\/wp\/v2\/product_cat?post=89960"},{"taxonomy":"product_tag","embeddable":true,"href":"https:\/\/clearchox.com\/fr\/wp-json\/wp\/v2\/product_tag?post=89960"}],"curies":[{"name":"wp","href":"https:\/\/api.w.org\/{rel}","templated":true}]}}