{"id":90011,"date":"2022-09-13T07:46:41","date_gmt":"2022-09-13T07:46:41","guid":{"rendered":"https:\/\/clearchox.com\/en\/?post_type=product&#038;p=90011"},"modified":"2026-03-23T12:34:08","modified_gmt":"2026-03-23T12:34:08","slug":"chocolat-madagascar-noir-85","status":"publish","type":"product","link":"https:\/\/clearchox.com\/fr\/shop\/chocolat-madagascar-noir-85\/","title":{"rendered":"Chocolat Madagascar Fine Noir 85%"},"content":{"rendered":"<p><strong>Ingr\u00e9dients<\/strong> : f\u00e8ves de cacao, sucre de canne, beurre de cacao.<\/p>\n<p><span style=\"color: #993300;\"><strong>Fabriqu\u00e9 dans un environnement qui fonctionne \u00e9galement avec du lait et des noix de cajou.<\/strong><\/span><\/p>\n<p>&nbsp;<\/p>\n<table border=\"0\" width=\"593\" cellspacing=\"0\" cellpadding=\"0\">\n<tbody>\n<tr>\n<td class=\"xl68\" width=\"333\" height=\"15\"><strong>Nutritional values\/N\u00e4hrwerte\/Voedingswaarde\/Valeurs nutritionnelles<\/strong><\/td>\n<td class=\"xl66\" width=\"260\"><strong>per\/pro\/per\/pour 100 g<\/strong><\/td>\n<\/tr>\n<tr>\n<td class=\"xl64\" height=\"15\">Energy\/Energie\/Valeur \u00e9nerg\u00e9tique<\/td>\n<td class=\"xl65\">593 kcal \/ 2460 kJ<\/td>\n<\/tr>\n<tr>\n<td class=\"xl64\" height=\"15\">Fat\/Fett\/Vet\/Lipides<\/td>\n<td class=\"xl65\">45 g<\/td>\n<\/tr>\n<tr>\n<td class=\"xl64\" height=\"15\">of which saturated\/davon ges\u00e4ttigte Fetts\u00e4uren\/waarvan verzadigd\/dont acides gras satur\u00e9s<\/td>\n<td class=\"xl65\">27 g<\/td>\n<\/tr>\n<tr>\n<td class=\"xl64\" height=\"15\">Carbohydrates\/Kohlenhydrate\/Koolhydraten\/Glucides<\/td>\n<td class=\"xl65\">38 g<\/td>\n<\/tr>\n<tr>\n<td class=\"xl64\" height=\"15\">of which sugar\/davon Zucker\/waarvan suiker\/dont sucre<\/td>\n<td class=\"xl65\">14 g<\/td>\n<\/tr>\n<tr>\n<td class=\"xl64\" height=\"15\">Proteins\/Eiweiss\/Eiwitten\/Prot\u00e9ines<\/td>\n<td class=\"xl65\">12 g<\/td>\n<\/tr>\n<tr>\n<td class=\"xl67\" height=\"15\">Salt\/Salz\/Zout\/Sel<\/td>\n<td class=\"xl63\">20 mg<\/td>\n<\/tr>\n<\/tbody>\n<\/table>\n<p>EAN 0715547889703<\/p>\n","protected":false},"excerpt":{"rendered":"<p>Cette barre \u00e0 85% est tellement fruit\u00e9e que vous pensez manger un bonbon : des saveurs de fruits, des notes d&rsquo;agrumes\/p\u00eache et de fruits des bois, du miel et du caramel avec une finition l\u00e9g\u00e8rement acidul\u00e9e.<\/p>\n","protected":false},"featured_media":90013,"comment_status":"open","ping_status":"closed","template":"","meta":[],"product_brand":[860],"product_cat":[733,734,15,736],"product_tag":[1144,1153,1127],"class_list":{"0":"post-90011","1":"product","2":"type-product","3":"status-publish","4":"has-post-thumbnail","6":"product_brand-chocolat-madagascar","7":"product_cat-awards","8":"product_cat-bean-to-bar","9":"product_cat-chocolat","10":"product_cat-vegane","11":"product_tag-chocolat","12":"product_tag-madagascar","13":"product_tag-noir","14":"product_shipping_class-16","15":"infinite-scroll-item","16":"resize-featured-image","17":"sales-flash-overlay","18":"woocommerce-text-align-center","19":"woocommerce-image-align-center","20":"wc-has-gallery","22":"first","23":"outofstock","24":"taxable","25":"shipping-taxable","26":"purchasable","27":"product-type-simple"},"_links":{"self":[{"href":"https:\/\/clearchox.com\/fr\/wp-json\/wp\/v2\/product\/90011","targetHints":{"allow":["GET"]}}],"collection":[{"href":"https:\/\/clearchox.com\/fr\/wp-json\/wp\/v2\/product"}],"about":[{"href":"https:\/\/clearchox.com\/fr\/wp-json\/wp\/v2\/types\/product"}],"replies":[{"embeddable":true,"href":"https:\/\/clearchox.com\/fr\/wp-json\/wp\/v2\/comments?post=90011"}],"wp:featuredmedia":[{"embeddable":true,"href":"https:\/\/clearchox.com\/fr\/wp-json\/wp\/v2\/media\/90013"}],"wp:attachment":[{"href":"https:\/\/clearchox.com\/fr\/wp-json\/wp\/v2\/media?parent=90011"}],"wp:term":[{"taxonomy":"product_brand","embeddable":true,"href":"https:\/\/clearchox.com\/fr\/wp-json\/wp\/v2\/product_brand?post=90011"},{"taxonomy":"product_cat","embeddable":true,"href":"https:\/\/clearchox.com\/fr\/wp-json\/wp\/v2\/product_cat?post=90011"},{"taxonomy":"product_tag","embeddable":true,"href":"https:\/\/clearchox.com\/fr\/wp-json\/wp\/v2\/product_tag?post=90011"}],"curies":[{"name":"wp","href":"https:\/\/api.w.org\/{rel}","templated":true}]}}