{"id":90073,"date":"2022-10-05T14:20:18","date_gmt":"2022-10-05T14:20:18","guid":{"rendered":"https:\/\/clearchox.com\/en\/?post_type=product&#038;p=90073"},"modified":"2026-01-29T09:28:39","modified_gmt":"2026-01-29T09:28:39","slug":"chocolat-madagascar-vegan-cajou-65","status":"publish","type":"product","link":"https:\/\/clearchox.com\/fr\/shop\/chocolat-madagascar-vegan-cajou-65\/","title":{"rendered":"Chocolat Madagascar V\u00e9gan avec Noix de Cajou 65%"},"content":{"rendered":"<p><strong>Ingr\u00e9dients<\/strong> : f\u00e8ves de cacao, beurre de cacao, sucre de canne, <span style=\"color: #993300;\"><strong>noix de cajou<\/strong><\/span>.<\/p>\n<p><strong><span style=\"color: #993300;\">Contient des noix de cajou. Fabriqu\u00e9 dans un environnement o\u00f9 l&rsquo;on utilise \u00e9galement du lait et du soja.<\/span><\/strong><\/p>\n<p>&nbsp;<\/p>\n<table border=\"0\" width=\"593\" cellspacing=\"0\" cellpadding=\"0\">\n<tbody>\n<tr>\n<td class=\"xl68\" width=\"333\" height=\"15\"><strong>Nutritional values\/N\u00e4hrwerte\/Voedingswaarde\/Valeurs nutritionnelles<\/strong><\/td>\n<td class=\"xl66\" width=\"260\"><strong>per\/pro\/per\/pour 100 g<\/strong><\/td>\n<\/tr>\n<tr>\n<td class=\"xl64\" height=\"15\">Energy\/Energie\/Valeur \u00e9nerg\u00e9tique<\/td>\n<td class=\"xl65\">619 kcal \/ 2590 kJ<\/td>\n<\/tr>\n<tr>\n<td class=\"xl64\" height=\"15\">Fat\/Fett\/Vet\/Lipides<\/td>\n<td class=\"xl65\">51 g<\/td>\n<\/tr>\n<tr>\n<td class=\"xl64\" height=\"15\">of which saturated\/davon ges\u00e4ttigte Fetts\u00e4uren\/waarvan verzadigd\/dont acides gras satur\u00e9s<\/td>\n<td class=\"xl65\">28 g<\/td>\n<\/tr>\n<tr>\n<td class=\"xl64\" height=\"15\">Carbohydrates\/Kohlenhydrate\/Koolhydraten\/Glucides<\/td>\n<td class=\"xl65\">37 g<\/td>\n<\/tr>\n<tr>\n<td class=\"xl64\" height=\"15\">of which sugar\/davon Zucker\/waarvan suiker\/dont sucre<\/td>\n<td class=\"xl65\">21\u00a0 g<\/td>\n<\/tr>\n<tr>\n<td class=\"xl64\" height=\"15\">Proteins\/Eiweiss\/Eiwitten\/Prot\u00e9ines<\/td>\n<td class=\"xl65\">8 g<\/td>\n<\/tr>\n<tr>\n<td class=\"xl67\" height=\"15\">Salt\/Salz\/Zout\/Sel<\/td>\n<td class=\"xl63\">20 mg<\/td>\n<\/tr>\n<\/tbody>\n<\/table>\n<p>EAN 0659436909694<\/p>\n","protected":false},"excerpt":{"rendered":"<p>Cr\u00e9meux, saveurs douces et une texture douce de noix de cajou de Madagascar avec des notes de banane, de caramel et de biscuits provenant du cacao fin de Sambirano, Madagascar. Cette barre de chocolat v\u00e9g\u00e9talien a \u00e9t\u00e9 fabriqu\u00e9e fra\u00eechement \u00e0 Madagascar.<\/p>\n","protected":false},"featured_media":90065,"comment_status":"open","ping_status":"closed","template":"","meta":[],"product_brand":[860],"product_cat":[733,734,15,736],"product_tag":[1144,1145,1156],"class_list":{"0":"post-90073","1":"product","2":"type-product","3":"status-publish","4":"has-post-thumbnail","6":"product_brand-chocolat-madagascar","7":"product_cat-awards","8":"product_cat-bean-to-bar","9":"product_cat-chocolat","10":"product_cat-vegane","11":"product_tag-chocolat","12":"product_tag-noix-de-cajou","13":"product_tag-vegan","14":"product_shipping_class-16","15":"infinite-scroll-item","16":"resize-featured-image","17":"sales-flash-overlay","18":"woocommerce-text-align-center","19":"woocommerce-image-align-center","20":"wc-has-gallery","22":"first","23":"outofstock","24":"taxable","25":"shipping-taxable","26":"purchasable","27":"product-type-simple"},"_links":{"self":[{"href":"https:\/\/clearchox.com\/fr\/wp-json\/wp\/v2\/product\/90073","targetHints":{"allow":["GET"]}}],"collection":[{"href":"https:\/\/clearchox.com\/fr\/wp-json\/wp\/v2\/product"}],"about":[{"href":"https:\/\/clearchox.com\/fr\/wp-json\/wp\/v2\/types\/product"}],"replies":[{"embeddable":true,"href":"https:\/\/clearchox.com\/fr\/wp-json\/wp\/v2\/comments?post=90073"}],"wp:featuredmedia":[{"embeddable":true,"href":"https:\/\/clearchox.com\/fr\/wp-json\/wp\/v2\/media\/90065"}],"wp:attachment":[{"href":"https:\/\/clearchox.com\/fr\/wp-json\/wp\/v2\/media?parent=90073"}],"wp:term":[{"taxonomy":"product_brand","embeddable":true,"href":"https:\/\/clearchox.com\/fr\/wp-json\/wp\/v2\/product_brand?post=90073"},{"taxonomy":"product_cat","embeddable":true,"href":"https:\/\/clearchox.com\/fr\/wp-json\/wp\/v2\/product_cat?post=90073"},{"taxonomy":"product_tag","embeddable":true,"href":"https:\/\/clearchox.com\/fr\/wp-json\/wp\/v2\/product_tag?post=90073"}],"curies":[{"name":"wp","href":"https:\/\/api.w.org\/{rel}","templated":true}]}}