{"id":90477,"date":"2023-01-14T14:20:50","date_gmt":"2023-01-14T14:20:50","guid":{"rendered":"https:\/\/clearchox.com\/en\/?post_type=product&#038;p=90477"},"modified":"2026-03-24T14:44:03","modified_gmt":"2026-03-24T14:44:03","slug":"pure-chocolate-dark-chocolate-84","status":"publish","type":"product","link":"https:\/\/clearchox.com\/fr\/shop\/pure-chocolate-dark-chocolate-84\/","title":{"rendered":"Pure Chocolate Noir 84%"},"content":{"rendered":"","protected":false},"excerpt":{"rendered":"<p>Puissant et magnifique, ce chocolat est destin\u00e9 aux vrais connaisseurs, mais reste tr\u00e8s accessible pour ceux qui ne sont pas habitu\u00e9s aux pourcentages \u00e9lev\u00e9s de cacao.<\/p>\n","protected":false},"featured_media":91180,"comment_status":"open","ping_status":"closed","template":"","meta":[],"product_brand":[1100],"product_cat":[734,15,736],"product_tag":[1343,1127],"class_list":{"0":"post-90477","1":"product","2":"type-product","3":"status-publish","4":"has-post-thumbnail","6":"product_brand-pure-chocolate","7":"product_cat-bean-to-bar","8":"product_cat-chocolat","9":"product_cat-vegane","10":"product_tag-jamaique","11":"product_tag-noir","12":"product_shipping_class-16","13":"infinite-scroll-item","14":"resize-featured-image","15":"sales-flash-overlay","16":"woocommerce-text-align-center","17":"woocommerce-image-align-center","18":"wc-has-gallery","20":"first","21":"instock","22":"taxable","23":"shipping-taxable","24":"purchasable","25":"product-type-simple"},"_links":{"self":[{"href":"https:\/\/clearchox.com\/fr\/wp-json\/wp\/v2\/product\/90477","targetHints":{"allow":["GET"]}}],"collection":[{"href":"https:\/\/clearchox.com\/fr\/wp-json\/wp\/v2\/product"}],"about":[{"href":"https:\/\/clearchox.com\/fr\/wp-json\/wp\/v2\/types\/product"}],"replies":[{"embeddable":true,"href":"https:\/\/clearchox.com\/fr\/wp-json\/wp\/v2\/comments?post=90477"}],"wp:featuredmedia":[{"embeddable":true,"href":"https:\/\/clearchox.com\/fr\/wp-json\/wp\/v2\/media\/91180"}],"wp:attachment":[{"href":"https:\/\/clearchox.com\/fr\/wp-json\/wp\/v2\/media?parent=90477"}],"wp:term":[{"taxonomy":"product_brand","embeddable":true,"href":"https:\/\/clearchox.com\/fr\/wp-json\/wp\/v2\/product_brand?post=90477"},{"taxonomy":"product_cat","embeddable":true,"href":"https:\/\/clearchox.com\/fr\/wp-json\/wp\/v2\/product_cat?post=90477"},{"taxonomy":"product_tag","embeddable":true,"href":"https:\/\/clearchox.com\/fr\/wp-json\/wp\/v2\/product_tag?post=90477"}],"curies":[{"name":"wp","href":"https:\/\/api.w.org\/{rel}","templated":true}]}}