{"id":90479,"date":"2023-01-14T14:32:24","date_gmt":"2023-01-14T14:32:24","guid":{"rendered":"https:\/\/clearchox.com\/en\/?post_type=product&#038;p=90479"},"modified":"2026-04-07T18:23:37","modified_gmt":"2026-04-07T18:23:37","slug":"pure-chocolate-dark-with-cinnamon-70","status":"publish","type":"product","link":"https:\/\/clearchox.com\/fr\/shop\/pure-chocolate-dark-with-cinnamon-70\/","title":{"rendered":"Pure Chocolate Noir avec Cannelle 70%"},"content":{"rendered":"","protected":false},"excerpt":{"rendered":"<p>Bronze \u00e0 l&rsquo;Academy of Chocolate. \u00ab\u00a0Nous sommes likkle mais nous sommes tallawah\u00a0\u00bb (nous sommes peut-\u00eatre petits mais nous avons du caract\u00e8re), dit un proverbe jama\u00efcain. Et cela se retrouve dans cette tablette \u00e0 la cannelle jama\u00efcaine.<\/p>\n","protected":false},"featured_media":91164,"comment_status":"open","ping_status":"closed","template":"","meta":[],"product_brand":[1100],"product_cat":[733,734,15,736],"product_tag":[1296,1343,1127],"class_list":{"0":"post-90479","1":"product","2":"type-product","3":"status-publish","4":"has-post-thumbnail","6":"product_brand-pure-chocolate","7":"product_cat-awards","8":"product_cat-bean-to-bar","9":"product_cat-chocolat","10":"product_cat-vegane","11":"product_tag-canelle","12":"product_tag-jamaique","13":"product_tag-noir","14":"product_shipping_class-16","15":"infinite-scroll-item","16":"resize-featured-image","17":"sales-flash-overlay","18":"woocommerce-text-align-center","19":"woocommerce-image-align-center","20":"wc-has-gallery","22":"first","23":"instock","24":"taxable","25":"shipping-taxable","26":"purchasable","27":"product-type-simple"},"_links":{"self":[{"href":"https:\/\/clearchox.com\/fr\/wp-json\/wp\/v2\/product\/90479","targetHints":{"allow":["GET"]}}],"collection":[{"href":"https:\/\/clearchox.com\/fr\/wp-json\/wp\/v2\/product"}],"about":[{"href":"https:\/\/clearchox.com\/fr\/wp-json\/wp\/v2\/types\/product"}],"replies":[{"embeddable":true,"href":"https:\/\/clearchox.com\/fr\/wp-json\/wp\/v2\/comments?post=90479"}],"wp:featuredmedia":[{"embeddable":true,"href":"https:\/\/clearchox.com\/fr\/wp-json\/wp\/v2\/media\/91164"}],"wp:attachment":[{"href":"https:\/\/clearchox.com\/fr\/wp-json\/wp\/v2\/media?parent=90479"}],"wp:term":[{"taxonomy":"product_brand","embeddable":true,"href":"https:\/\/clearchox.com\/fr\/wp-json\/wp\/v2\/product_brand?post=90479"},{"taxonomy":"product_cat","embeddable":true,"href":"https:\/\/clearchox.com\/fr\/wp-json\/wp\/v2\/product_cat?post=90479"},{"taxonomy":"product_tag","embeddable":true,"href":"https:\/\/clearchox.com\/fr\/wp-json\/wp\/v2\/product_tag?post=90479"}],"curies":[{"name":"wp","href":"https:\/\/api.w.org\/{rel}","templated":true}]}}