{"id":90480,"date":"2023-01-14T14:46:23","date_gmt":"2023-01-14T14:46:23","guid":{"rendered":"https:\/\/clearchox.com\/en\/?post_type=product&#038;p=90480"},"modified":"2026-04-07T18:23:39","modified_gmt":"2026-04-07T18:23:39","slug":"pure-chocolate-dark-mylk-with-coconut-57","status":"publish","type":"product","link":"https:\/\/clearchox.com\/fr\/shop\/pure-chocolate-dark-mylk-with-coconut-57\/","title":{"rendered":"Pure Chocolate Mylk avec Noix de Coco 57%"},"content":{"rendered":"","protected":false},"excerpt":{"rendered":"<p>La red\u00e9finition de la tablette de chocolat \u00e0 la noix de coco. Fabriqu\u00e9 \u00e0 partir de cacao jama\u00efcain, ce chocolat est onctueux et cr\u00e9meux. Un v\u00e9ritable hommage \u00e0 l&rsquo;un des produits les plus c\u00e9l\u00e8bres des Cara\u00efbes : la noix de coco.<\/p>\n","protected":false},"featured_media":91158,"comment_status":"open","ping_status":"closed","template":"","meta":[],"product_brand":[1100],"product_cat":[734,15,736],"product_tag":[1343,1347],"class_list":{"0":"post-90480","1":"product","2":"type-product","3":"status-publish","4":"has-post-thumbnail","6":"product_brand-pure-chocolate","7":"product_cat-bean-to-bar","8":"product_cat-chocolat","9":"product_cat-vegane","10":"product_tag-jamaique","11":"product_tag-noix-coco","12":"product_shipping_class-16","13":"infinite-scroll-item","14":"resize-featured-image","15":"sales-flash-overlay","16":"woocommerce-text-align-center","17":"woocommerce-image-align-center","18":"wc-has-gallery","20":"first","21":"instock","22":"taxable","23":"shipping-taxable","24":"purchasable","25":"product-type-simple"},"_links":{"self":[{"href":"https:\/\/clearchox.com\/fr\/wp-json\/wp\/v2\/product\/90480","targetHints":{"allow":["GET"]}}],"collection":[{"href":"https:\/\/clearchox.com\/fr\/wp-json\/wp\/v2\/product"}],"about":[{"href":"https:\/\/clearchox.com\/fr\/wp-json\/wp\/v2\/types\/product"}],"replies":[{"embeddable":true,"href":"https:\/\/clearchox.com\/fr\/wp-json\/wp\/v2\/comments?post=90480"}],"wp:featuredmedia":[{"embeddable":true,"href":"https:\/\/clearchox.com\/fr\/wp-json\/wp\/v2\/media\/91158"}],"wp:attachment":[{"href":"https:\/\/clearchox.com\/fr\/wp-json\/wp\/v2\/media?parent=90480"}],"wp:term":[{"taxonomy":"product_brand","embeddable":true,"href":"https:\/\/clearchox.com\/fr\/wp-json\/wp\/v2\/product_brand?post=90480"},{"taxonomy":"product_cat","embeddable":true,"href":"https:\/\/clearchox.com\/fr\/wp-json\/wp\/v2\/product_cat?post=90480"},{"taxonomy":"product_tag","embeddable":true,"href":"https:\/\/clearchox.com\/fr\/wp-json\/wp\/v2\/product_tag?post=90480"}],"curies":[{"name":"wp","href":"https:\/\/api.w.org\/{rel}","templated":true}]}}