{"id":90481,"date":"2023-01-14T14:54:34","date_gmt":"2023-01-14T14:54:34","guid":{"rendered":"https:\/\/clearchox.com\/en\/?post_type=product&#038;p=90481"},"modified":"2026-03-16T12:35:08","modified_gmt":"2026-03-16T12:35:08","slug":"pure-chocolate-dark-chocolate-with-coffee-70","status":"publish","type":"product","link":"https:\/\/clearchox.com\/fr\/shop\/pure-chocolate-dark-chocolate-with-coffee-70\/","title":{"rendered":"Pure Chocolate Noir avec Caf\u00e9 70%"},"content":{"rendered":"","protected":false},"excerpt":{"rendered":"<p>Le caf\u00e9 le plus exclusif au monde est le Blue Mountain Coffee de Jama\u00efque. Il est donc tout naturel pour Pure Chocolate d&rsquo;inclure ce caf\u00e9 dans une tablette. Une tablette de qualit\u00e9 sup\u00e9rieure !<\/p>\n","protected":false},"featured_media":91168,"comment_status":"open","ping_status":"closed","template":"","meta":[],"product_brand":[1100],"product_cat":[734,15,736],"product_tag":[1346,1169,1343,1127],"class_list":{"0":"post-90481","1":"product","2":"type-product","3":"status-publish","4":"has-post-thumbnail","6":"product_brand-pure-chocolate","7":"product_cat-bean-to-bar","8":"product_cat-chocolat","9":"product_cat-vegane","10":"product_tag-blue-mountains","11":"product_tag-cafe","12":"product_tag-jamaique","13":"product_tag-noir","14":"product_shipping_class-16","15":"infinite-scroll-item","16":"resize-featured-image","17":"sales-flash-overlay","18":"woocommerce-text-align-center","19":"woocommerce-image-align-center","20":"wc-has-gallery","22":"first","23":"instock","24":"taxable","25":"shipping-taxable","26":"purchasable","27":"product-type-simple"},"_links":{"self":[{"href":"https:\/\/clearchox.com\/fr\/wp-json\/wp\/v2\/product\/90481","targetHints":{"allow":["GET"]}}],"collection":[{"href":"https:\/\/clearchox.com\/fr\/wp-json\/wp\/v2\/product"}],"about":[{"href":"https:\/\/clearchox.com\/fr\/wp-json\/wp\/v2\/types\/product"}],"replies":[{"embeddable":true,"href":"https:\/\/clearchox.com\/fr\/wp-json\/wp\/v2\/comments?post=90481"}],"wp:featuredmedia":[{"embeddable":true,"href":"https:\/\/clearchox.com\/fr\/wp-json\/wp\/v2\/media\/91168"}],"wp:attachment":[{"href":"https:\/\/clearchox.com\/fr\/wp-json\/wp\/v2\/media?parent=90481"}],"wp:term":[{"taxonomy":"product_brand","embeddable":true,"href":"https:\/\/clearchox.com\/fr\/wp-json\/wp\/v2\/product_brand?post=90481"},{"taxonomy":"product_cat","embeddable":true,"href":"https:\/\/clearchox.com\/fr\/wp-json\/wp\/v2\/product_cat?post=90481"},{"taxonomy":"product_tag","embeddable":true,"href":"https:\/\/clearchox.com\/fr\/wp-json\/wp\/v2\/product_tag?post=90481"}],"curies":[{"name":"wp","href":"https:\/\/api.w.org\/{rel}","templated":true}]}}