{"id":90482,"date":"2023-01-14T17:30:49","date_gmt":"2023-01-14T17:30:49","guid":{"rendered":"https:\/\/clearchox.com\/en\/?post_type=product&#038;p=90482"},"modified":"2026-04-07T18:23:42","modified_gmt":"2026-04-07T18:23:42","slug":"pure-chocolate-dark-chocolate-with-jerk-seasoning-70","status":"publish","type":"product","link":"https:\/\/clearchox.com\/fr\/shop\/pure-chocolate-dark-chocolate-with-jerk-seasoning-70\/","title":{"rendered":"Pure Chocolate Noir avec Assaisonnement Jerk 70%"},"content":{"rendered":"","protected":false},"excerpt":{"rendered":"<p>M\u00e9daille d\u00b4Or \u00e0 l&rsquo;AoC. Une tablette unique que vous devez avoir go\u00fbt\u00e9e. Un hommage \u00e0 la Jama\u00efque en associant des f\u00e8ves de cacao locales \u00e0 une saveur traditionnelle jama\u00efcaine.<\/p>\n","protected":false},"featured_media":91169,"comment_status":"open","ping_status":"closed","template":"","meta":[],"product_brand":[1100],"product_cat":[733,734,15,736],"product_tag":[1343,1345,1127],"class_list":{"0":"post-90482","1":"product","2":"type-product","3":"status-publish","4":"has-post-thumbnail","6":"product_brand-pure-chocolate","7":"product_cat-awards","8":"product_cat-bean-to-bar","9":"product_cat-chocolat","10":"product_cat-vegane","11":"product_tag-jamaique","12":"product_tag-jerk","13":"product_tag-noir","14":"product_shipping_class-16","15":"infinite-scroll-item","16":"resize-featured-image","17":"sales-flash-overlay","18":"woocommerce-text-align-center","19":"woocommerce-image-align-center","20":"wc-has-gallery","22":"first","23":"instock","24":"taxable","25":"shipping-taxable","26":"purchasable","27":"product-type-simple"},"_links":{"self":[{"href":"https:\/\/clearchox.com\/fr\/wp-json\/wp\/v2\/product\/90482","targetHints":{"allow":["GET"]}}],"collection":[{"href":"https:\/\/clearchox.com\/fr\/wp-json\/wp\/v2\/product"}],"about":[{"href":"https:\/\/clearchox.com\/fr\/wp-json\/wp\/v2\/types\/product"}],"replies":[{"embeddable":true,"href":"https:\/\/clearchox.com\/fr\/wp-json\/wp\/v2\/comments?post=90482"}],"wp:featuredmedia":[{"embeddable":true,"href":"https:\/\/clearchox.com\/fr\/wp-json\/wp\/v2\/media\/91169"}],"wp:attachment":[{"href":"https:\/\/clearchox.com\/fr\/wp-json\/wp\/v2\/media?parent=90482"}],"wp:term":[{"taxonomy":"product_brand","embeddable":true,"href":"https:\/\/clearchox.com\/fr\/wp-json\/wp\/v2\/product_brand?post=90482"},{"taxonomy":"product_cat","embeddable":true,"href":"https:\/\/clearchox.com\/fr\/wp-json\/wp\/v2\/product_cat?post=90482"},{"taxonomy":"product_tag","embeddable":true,"href":"https:\/\/clearchox.com\/fr\/wp-json\/wp\/v2\/product_tag?post=90482"}],"curies":[{"name":"wp","href":"https:\/\/api.w.org\/{rel}","templated":true}]}}