{"id":90483,"date":"2023-01-14T17:38:55","date_gmt":"2023-01-14T17:38:55","guid":{"rendered":"https:\/\/clearchox.com\/en\/?post_type=product&#038;p=90483"},"modified":"2026-04-07T18:23:44","modified_gmt":"2026-04-07T18:23:44","slug":"pure-chocolate-dark-chocolate-with-lemongrass-70","status":"publish","type":"product","link":"https:\/\/clearchox.com\/fr\/shop\/pure-chocolate-dark-chocolate-with-lemongrass-70\/","title":{"rendered":"Pure Chocolate Noir avec Citronnelle 70%"},"content":{"rendered":"","protected":false},"excerpt":{"rendered":"<p>Harmonie des notes fruit\u00e9es du cacao avec le subtil agrume de la citronnelle. Cette tablette d\u00e9licatement \u00e9quilibr\u00e9e est un must si vous aimez quelque chose de sp\u00e9cial.<\/p>\n","protected":false},"featured_media":91174,"comment_status":"open","ping_status":"closed","template":"","meta":[],"product_brand":[1100],"product_cat":[734,15,736],"product_tag":[1344,1343,1127],"class_list":{"0":"post-90483","1":"product","2":"type-product","3":"status-publish","4":"has-post-thumbnail","6":"product_brand-pure-chocolate","7":"product_cat-bean-to-bar","8":"product_cat-chocolat","9":"product_cat-vegane","10":"product_tag-citronelle","11":"product_tag-jamaique","12":"product_tag-noir","13":"product_shipping_class-16","14":"infinite-scroll-item","15":"resize-featured-image","16":"sales-flash-overlay","17":"woocommerce-text-align-center","18":"woocommerce-image-align-center","19":"wc-has-gallery","21":"first","22":"instock","23":"taxable","24":"shipping-taxable","25":"purchasable","26":"product-type-simple"},"_links":{"self":[{"href":"https:\/\/clearchox.com\/fr\/wp-json\/wp\/v2\/product\/90483","targetHints":{"allow":["GET"]}}],"collection":[{"href":"https:\/\/clearchox.com\/fr\/wp-json\/wp\/v2\/product"}],"about":[{"href":"https:\/\/clearchox.com\/fr\/wp-json\/wp\/v2\/types\/product"}],"replies":[{"embeddable":true,"href":"https:\/\/clearchox.com\/fr\/wp-json\/wp\/v2\/comments?post=90483"}],"wp:featuredmedia":[{"embeddable":true,"href":"https:\/\/clearchox.com\/fr\/wp-json\/wp\/v2\/media\/91174"}],"wp:attachment":[{"href":"https:\/\/clearchox.com\/fr\/wp-json\/wp\/v2\/media?parent=90483"}],"wp:term":[{"taxonomy":"product_brand","embeddable":true,"href":"https:\/\/clearchox.com\/fr\/wp-json\/wp\/v2\/product_brand?post=90483"},{"taxonomy":"product_cat","embeddable":true,"href":"https:\/\/clearchox.com\/fr\/wp-json\/wp\/v2\/product_cat?post=90483"},{"taxonomy":"product_tag","embeddable":true,"href":"https:\/\/clearchox.com\/fr\/wp-json\/wp\/v2\/product_tag?post=90483"}],"curies":[{"name":"wp","href":"https:\/\/api.w.org\/{rel}","templated":true}]}}