{"id":90703,"date":"2024-02-13T15:08:00","date_gmt":"2024-02-13T15:08:00","guid":{"rendered":"https:\/\/clearchox.com\/fr\/shop\/pure-chocolate-dark-chocolate-with-jamaican-rum-65\/"},"modified":"2026-03-26T13:37:50","modified_gmt":"2026-03-26T13:37:50","slug":"pure-chocolat-noir-au-rhum-jamaicain-65","status":"publish","type":"product","link":"https:\/\/clearchox.com\/fr\/shop\/pure-chocolat-noir-au-rhum-jamaicain-65\/","title":{"rendered":"Pure Chocolate Noir au Rhum Jamaicain 65%"},"content":{"rendered":"","protected":false},"excerpt":{"rendered":"<p>Chocolat noir au go\u00fbt d&rsquo;aventure. La texture douce et cr\u00eameuse de ce chocolat s&rsquo;accorde parfaitement avec l&rsquo;ar\u00f4me riche et complexe du Rhum s\u00e9lectionn\u00e9 \u00ab\u00a0Worthy Park\u00a0\u00bb.Une explosion de go\u00fbt \u00e0 laquelle il est difficile de r\u00e9sister.<\/p>\n","protected":false},"featured_media":91155,"comment_status":"open","ping_status":"closed","template":"","meta":[],"product_brand":[1100],"product_cat":[733,734,15,736],"product_tag":[1147],"class_list":{"0":"post-90703","1":"product","2":"type-product","3":"status-publish","4":"has-post-thumbnail","6":"product_brand-pure-chocolate","7":"product_cat-awards","8":"product_cat-bean-to-bar","9":"product_cat-chocolat","10":"product_cat-vegane","11":"product_tag-rhum","12":"infinite-scroll-item","13":"resize-featured-image","14":"sales-flash-overlay","15":"woocommerce-text-align-center","16":"woocommerce-image-align-center","17":"wc-has-gallery","19":"first","20":"instock","21":"taxable","22":"shipping-taxable","23":"purchasable","24":"product-type-simple"},"_links":{"self":[{"href":"https:\/\/clearchox.com\/fr\/wp-json\/wp\/v2\/product\/90703","targetHints":{"allow":["GET"]}}],"collection":[{"href":"https:\/\/clearchox.com\/fr\/wp-json\/wp\/v2\/product"}],"about":[{"href":"https:\/\/clearchox.com\/fr\/wp-json\/wp\/v2\/types\/product"}],"replies":[{"embeddable":true,"href":"https:\/\/clearchox.com\/fr\/wp-json\/wp\/v2\/comments?post=90703"}],"wp:featuredmedia":[{"embeddable":true,"href":"https:\/\/clearchox.com\/fr\/wp-json\/wp\/v2\/media\/91155"}],"wp:attachment":[{"href":"https:\/\/clearchox.com\/fr\/wp-json\/wp\/v2\/media?parent=90703"}],"wp:term":[{"taxonomy":"product_brand","embeddable":true,"href":"https:\/\/clearchox.com\/fr\/wp-json\/wp\/v2\/product_brand?post=90703"},{"taxonomy":"product_cat","embeddable":true,"href":"https:\/\/clearchox.com\/fr\/wp-json\/wp\/v2\/product_cat?post=90703"},{"taxonomy":"product_tag","embeddable":true,"href":"https:\/\/clearchox.com\/fr\/wp-json\/wp\/v2\/product_tag?post=90703"}],"curies":[{"name":"wp","href":"https:\/\/api.w.org\/{rel}","templated":true}]}}