{"id":90712,"date":"2024-02-20T17:19:06","date_gmt":"2024-02-20T17:19:06","guid":{"rendered":"https:\/\/clearchox.com\/fr\/?post_type=product&#038;p=90712"},"modified":"2026-04-07T18:23:47","modified_gmt":"2026-04-07T18:23:47","slug":"morin-perou-chanchamayo-chocolat-blanc-40-bio","status":"publish","type":"product","link":"https:\/\/clearchox.com\/fr\/shop\/morin-perou-chanchamayo-chocolat-blanc-40-bio\/","title":{"rendered":"Morin P\u00e9rou Chanchamayo chocolat blanc 40% BIO"},"content":{"rendered":"","protected":false},"excerpt":{"rendered":"<p>M\u00e9daill\u00e9 d&rsquo;or \u00e0 la \u00ab\u00a0International Chocolat Awards 2022\u00a0\u00bb. Cette d\u00e9licieuse tablette de chocolat blanc est constitu\u00e9e de beurre de cacao provenant de f\u00e8ves du P\u00e9rou de la r\u00e9gion de Chanchamayo.<\/p>\n","protected":false},"featured_media":90713,"comment_status":"open","ping_status":"closed","template":"","meta":[],"product_brand":[79],"product_cat":[733,734,735,15],"product_tag":[24],"class_list":{"0":"post-90712","1":"product","2":"type-product","3":"status-publish","4":"has-post-thumbnail","6":"product_brand-chocolaterie-a-morin","7":"product_cat-awards","8":"product_cat-bean-to-bar","9":"product_cat-bio","10":"product_cat-chocolat","11":"product_tag-visible","12":"product_shipping_class-16","13":"infinite-scroll-item","14":"resize-featured-image","15":"sales-flash-overlay","16":"woocommerce-text-align-center","17":"woocommerce-image-align-center","18":"wc-has-gallery","20":"first","21":"instock","22":"taxable","23":"shipping-taxable","24":"purchasable","25":"product-type-simple"},"_links":{"self":[{"href":"https:\/\/clearchox.com\/fr\/wp-json\/wp\/v2\/product\/90712","targetHints":{"allow":["GET"]}}],"collection":[{"href":"https:\/\/clearchox.com\/fr\/wp-json\/wp\/v2\/product"}],"about":[{"href":"https:\/\/clearchox.com\/fr\/wp-json\/wp\/v2\/types\/product"}],"replies":[{"embeddable":true,"href":"https:\/\/clearchox.com\/fr\/wp-json\/wp\/v2\/comments?post=90712"}],"wp:featuredmedia":[{"embeddable":true,"href":"https:\/\/clearchox.com\/fr\/wp-json\/wp\/v2\/media\/90713"}],"wp:attachment":[{"href":"https:\/\/clearchox.com\/fr\/wp-json\/wp\/v2\/media?parent=90712"}],"wp:term":[{"taxonomy":"product_brand","embeddable":true,"href":"https:\/\/clearchox.com\/fr\/wp-json\/wp\/v2\/product_brand?post=90712"},{"taxonomy":"product_cat","embeddable":true,"href":"https:\/\/clearchox.com\/fr\/wp-json\/wp\/v2\/product_cat?post=90712"},{"taxonomy":"product_tag","embeddable":true,"href":"https:\/\/clearchox.com\/fr\/wp-json\/wp\/v2\/product_tag?post=90712"}],"curies":[{"name":"wp","href":"https:\/\/api.w.org\/{rel}","templated":true}]}}