{"id":90801,"date":"2024-07-02T14:28:38","date_gmt":"2024-07-02T14:28:38","guid":{"rendered":"https:\/\/clearchox.com\/fr\/?post_type=product&#038;p=90801"},"modified":"2026-04-07T18:23:53","modified_gmt":"2026-04-07T18:23:53","slug":"blanxart-nicaragua-bosawas-85-bio","status":"publish","type":"product","link":"https:\/\/clearchox.com\/fr\/shop\/blanxart-nicaragua-bosawas-85-bio\/","title":{"rendered":"Blanxart Nicaragua &#8211; Bosawas 85% BIO"},"content":{"rendered":"","protected":false},"excerpt":{"rendered":"<p>Les f\u00e8ves de cacao de cette barre proviennent de Waslala, situ\u00e9e dans la biosph\u00e8re de l&rsquo;Unesco Bosaw\u00e1s au Nicaragua. Elle est caract\u00e9ris\u00e9e par des tons terreux profonds avec des nuances de noix et d&rsquo;herbes. La barre fond facilement, lib\u00e9rant rapidement ses saveurs.<\/p>\n","protected":false},"featured_media":91102,"comment_status":"open","ping_status":"closed","template":"","meta":[],"product_brand":[31],"product_cat":[734,735,15,736],"product_tag":[24],"class_list":{"0":"post-90801","1":"product","2":"type-product","3":"status-publish","4":"has-post-thumbnail","6":"product_brand-blanxart","7":"product_cat-bean-to-bar","8":"product_cat-bio","9":"product_cat-chocolat","10":"product_cat-vegane","11":"product_tag-visible","12":"product_shipping_class-16","13":"infinite-scroll-item","14":"resize-featured-image","15":"sales-flash-overlay","16":"woocommerce-text-align-center","17":"woocommerce-image-align-center","18":"wc-has-gallery","20":"first","21":"instock","22":"taxable","23":"shipping-taxable","24":"purchasable","25":"product-type-simple"},"_links":{"self":[{"href":"https:\/\/clearchox.com\/fr\/wp-json\/wp\/v2\/product\/90801","targetHints":{"allow":["GET"]}}],"collection":[{"href":"https:\/\/clearchox.com\/fr\/wp-json\/wp\/v2\/product"}],"about":[{"href":"https:\/\/clearchox.com\/fr\/wp-json\/wp\/v2\/types\/product"}],"replies":[{"embeddable":true,"href":"https:\/\/clearchox.com\/fr\/wp-json\/wp\/v2\/comments?post=90801"}],"wp:featuredmedia":[{"embeddable":true,"href":"https:\/\/clearchox.com\/fr\/wp-json\/wp\/v2\/media\/91102"}],"wp:attachment":[{"href":"https:\/\/clearchox.com\/fr\/wp-json\/wp\/v2\/media?parent=90801"}],"wp:term":[{"taxonomy":"product_brand","embeddable":true,"href":"https:\/\/clearchox.com\/fr\/wp-json\/wp\/v2\/product_brand?post=90801"},{"taxonomy":"product_cat","embeddable":true,"href":"https:\/\/clearchox.com\/fr\/wp-json\/wp\/v2\/product_cat?post=90801"},{"taxonomy":"product_tag","embeddable":true,"href":"https:\/\/clearchox.com\/fr\/wp-json\/wp\/v2\/product_tag?post=90801"}],"curies":[{"name":"wp","href":"https:\/\/api.w.org\/{rel}","templated":true}]}}