{"id":90807,"date":"2024-07-02T14:49:02","date_gmt":"2024-07-02T14:49:02","guid":{"rendered":"https:\/\/clearchox.com\/fr\/?post_type=product&#038;p=90807"},"modified":"2026-03-23T08:15:20","modified_gmt":"2026-03-23T08:15:20","slug":"blanxart-brasil-76-bio","status":"publish","type":"product","link":"https:\/\/clearchox.com\/fr\/shop\/blanxart-brasil-76-bio\/","title":{"rendered":"Blanxart Br\u00e9sil 76% BIO"},"content":{"rendered":"","protected":false},"excerpt":{"rendered":"<p>La barre de chocolat noir bio du Br\u00e9sil est cr\u00e9\u00e9e \u00e0 partir de f\u00e8ves de cacao Forastero cultiv\u00e9es dans la for\u00eat tropicale atlantique. Elle a un pourcentage \u00e9lev\u00e9 de cacao mais un arome doux et \u00e9quilibr\u00e9, id\u00e9ale pour d\u00e9couvrir la gamme Blanxart Origins.<\/p>\n","protected":false},"featured_media":91096,"comment_status":"open","ping_status":"closed","template":"","meta":[],"product_brand":[31],"product_cat":[734,735,15,736],"product_tag":[24],"class_list":{"0":"post-90807","1":"product","2":"type-product","3":"status-publish","4":"has-post-thumbnail","6":"product_brand-blanxart","7":"product_cat-bean-to-bar","8":"product_cat-bio","9":"product_cat-chocolat","10":"product_cat-vegane","11":"product_tag-visible","12":"product_shipping_class-16","13":"infinite-scroll-item","14":"resize-featured-image","15":"sales-flash-overlay","16":"woocommerce-text-align-center","17":"woocommerce-image-align-center","19":"first","20":"instock","21":"taxable","22":"shipping-taxable","23":"purchasable","24":"product-type-simple"},"_links":{"self":[{"href":"https:\/\/clearchox.com\/fr\/wp-json\/wp\/v2\/product\/90807","targetHints":{"allow":["GET"]}}],"collection":[{"href":"https:\/\/clearchox.com\/fr\/wp-json\/wp\/v2\/product"}],"about":[{"href":"https:\/\/clearchox.com\/fr\/wp-json\/wp\/v2\/types\/product"}],"replies":[{"embeddable":true,"href":"https:\/\/clearchox.com\/fr\/wp-json\/wp\/v2\/comments?post=90807"}],"wp:featuredmedia":[{"embeddable":true,"href":"https:\/\/clearchox.com\/fr\/wp-json\/wp\/v2\/media\/91096"}],"wp:attachment":[{"href":"https:\/\/clearchox.com\/fr\/wp-json\/wp\/v2\/media?parent=90807"}],"wp:term":[{"taxonomy":"product_brand","embeddable":true,"href":"https:\/\/clearchox.com\/fr\/wp-json\/wp\/v2\/product_brand?post=90807"},{"taxonomy":"product_cat","embeddable":true,"href":"https:\/\/clearchox.com\/fr\/wp-json\/wp\/v2\/product_cat?post=90807"},{"taxonomy":"product_tag","embeddable":true,"href":"https:\/\/clearchox.com\/fr\/wp-json\/wp\/v2\/product_tag?post=90807"}],"curies":[{"name":"wp","href":"https:\/\/api.w.org\/{rel}","templated":true}]}}