{"id":90815,"date":"2024-07-02T15:19:54","date_gmt":"2024-07-02T15:19:54","guid":{"rendered":"https:\/\/clearchox.com\/fr\/?post_type=product&#038;p=90815"},"modified":"2026-03-30T14:59:21","modified_gmt":"2026-03-30T14:59:21","slug":"blanxart-sans-sucre-rajoute-bresil-78-bio","status":"publish","type":"product","link":"https:\/\/clearchox.com\/fr\/shop\/blanxart-sans-sucre-rajoute-bresil-78-bio\/","title":{"rendered":"Blanxart sans sucre rajout\u00e9 Br\u00e9sil 78% BIO"},"content":{"rendered":"","protected":false},"excerpt":{"rendered":"<p>Sa saveur intense de fruits secs est id\u00e9al pour accompagner un porto. Si tu veux rechercher son origine tu dois aller dans la jungle de l&rsquo;Amazonie d&rsquo;Altamira dans le distict de Par\u00e0 au Br\u00e9sil. Les f\u00e9ves proviennent de l\u00e0-bas.<\/p>\n","protected":false},"featured_media":91108,"comment_status":"open","ping_status":"closed","template":"","meta":[],"product_brand":[31],"product_cat":[734,735,15,736],"product_tag":[24],"class_list":{"0":"post-90815","1":"product","2":"type-product","3":"status-publish","4":"has-post-thumbnail","6":"product_brand-blanxart","7":"product_cat-bean-to-bar","8":"product_cat-bio","9":"product_cat-chocolat","10":"product_cat-vegane","11":"product_tag-visible","12":"product_shipping_class-16","13":"infinite-scroll-item","14":"resize-featured-image","15":"sales-flash-overlay","16":"woocommerce-text-align-center","17":"woocommerce-image-align-center","18":"wc-has-gallery","20":"first","21":"instock","22":"taxable","23":"shipping-taxable","24":"purchasable","25":"product-type-simple"},"_links":{"self":[{"href":"https:\/\/clearchox.com\/fr\/wp-json\/wp\/v2\/product\/90815","targetHints":{"allow":["GET"]}}],"collection":[{"href":"https:\/\/clearchox.com\/fr\/wp-json\/wp\/v2\/product"}],"about":[{"href":"https:\/\/clearchox.com\/fr\/wp-json\/wp\/v2\/types\/product"}],"replies":[{"embeddable":true,"href":"https:\/\/clearchox.com\/fr\/wp-json\/wp\/v2\/comments?post=90815"}],"wp:featuredmedia":[{"embeddable":true,"href":"https:\/\/clearchox.com\/fr\/wp-json\/wp\/v2\/media\/91108"}],"wp:attachment":[{"href":"https:\/\/clearchox.com\/fr\/wp-json\/wp\/v2\/media?parent=90815"}],"wp:term":[{"taxonomy":"product_brand","embeddable":true,"href":"https:\/\/clearchox.com\/fr\/wp-json\/wp\/v2\/product_brand?post=90815"},{"taxonomy":"product_cat","embeddable":true,"href":"https:\/\/clearchox.com\/fr\/wp-json\/wp\/v2\/product_cat?post=90815"},{"taxonomy":"product_tag","embeddable":true,"href":"https:\/\/clearchox.com\/fr\/wp-json\/wp\/v2\/product_tag?post=90815"}],"curies":[{"name":"wp","href":"https:\/\/api.w.org\/{rel}","templated":true}]}}