{"id":90817,"date":"2024-07-02T15:24:53","date_gmt":"2024-07-02T15:24:53","guid":{"rendered":"https:\/\/clearchox.com\/fr\/?post_type=product&#038;p=90817"},"modified":"2026-02-06T08:30:27","modified_gmt":"2026-02-06T08:30:27","slug":"blanxart-boite-de-degustation-4-tablettes-de-chocolat-noir-bio","status":"publish","type":"product","link":"https:\/\/clearchox.com\/fr\/shop\/blanxart-boite-de-degustation-4-tablettes-de-chocolat-noir-bio\/","title":{"rendered":"Blanxart Coffret Cadeau 4 Barres Chocolat Noir BIO"},"content":{"rendered":"","protected":false},"excerpt":{"rendered":"<p>Fais un voyage autour du monde du chocolat. d\u00e9guste le Br\u00e9sil, traverse le Congo, reviens en Am\u00e9rique du Sud, au P\u00e9rou et ensuite au Nicaragua en Am\u00e9rique Centrale. D\u00e9guste des diff\u00e9rentes f\u00e8ves  des terroirs et tu deviendras  s\u00fbrement un grand amateur du vrai chocolat.<\/p>\n","protected":false},"featured_media":90818,"comment_status":"open","ping_status":"closed","template":"","meta":[],"product_brand":[31],"product_cat":[734,735,15,736],"product_tag":[1133,1266,1267,1268,24],"class_list":{"0":"post-90817","1":"product","2":"type-product","3":"status-publish","4":"has-post-thumbnail","6":"product_brand-blanxart","7":"product_cat-bean-to-bar","8":"product_cat-bio","9":"product_cat-chocolat","10":"product_cat-vegane","11":"product_tag-bio","12":"product_tag-boite","13":"product_tag-degustation","14":"product_tag-quatre","15":"product_tag-visible","16":"product_shipping_class-16","17":"infinite-scroll-item","18":"resize-featured-image","19":"sales-flash-overlay","20":"woocommerce-text-align-center","21":"woocommerce-image-align-center","22":"wc-has-gallery","24":"first","25":"instock","26":"taxable","27":"shipping-taxable","28":"purchasable","29":"product-type-simple"},"_links":{"self":[{"href":"https:\/\/clearchox.com\/fr\/wp-json\/wp\/v2\/product\/90817","targetHints":{"allow":["GET"]}}],"collection":[{"href":"https:\/\/clearchox.com\/fr\/wp-json\/wp\/v2\/product"}],"about":[{"href":"https:\/\/clearchox.com\/fr\/wp-json\/wp\/v2\/types\/product"}],"replies":[{"embeddable":true,"href":"https:\/\/clearchox.com\/fr\/wp-json\/wp\/v2\/comments?post=90817"}],"wp:featuredmedia":[{"embeddable":true,"href":"https:\/\/clearchox.com\/fr\/wp-json\/wp\/v2\/media\/90818"}],"wp:attachment":[{"href":"https:\/\/clearchox.com\/fr\/wp-json\/wp\/v2\/media?parent=90817"}],"wp:term":[{"taxonomy":"product_brand","embeddable":true,"href":"https:\/\/clearchox.com\/fr\/wp-json\/wp\/v2\/product_brand?post=90817"},{"taxonomy":"product_cat","embeddable":true,"href":"https:\/\/clearchox.com\/fr\/wp-json\/wp\/v2\/product_cat?post=90817"},{"taxonomy":"product_tag","embeddable":true,"href":"https:\/\/clearchox.com\/fr\/wp-json\/wp\/v2\/product_tag?post=90817"}],"curies":[{"name":"wp","href":"https:\/\/api.w.org\/{rel}","templated":true}]}}