{"id":90829,"date":"2024-07-03T14:56:28","date_gmt":"2024-07-03T14:56:28","guid":{"rendered":"https:\/\/clearchox.com\/fr\/?post_type=product&#038;p=90829"},"modified":"2025-11-03T15:18:06","modified_gmt":"2025-11-03T15:18:06","slug":"theo-philo-coffret-cadeau-3-barres","status":"publish","type":"product","link":"https:\/\/clearchox.com\/fr\/shop\/theo-philo-coffret-cadeau-3-barres\/","title":{"rendered":"Theo &#038; Philo &#8211; Coffret Cadeau 3 Barres"},"content":{"rendered":"","protected":false},"excerpt":{"rendered":"<p>Go\u00fbtez les Philippines. Joli coffret cadeau avec trois excellentes tablettes de Theo &amp; Philo. Agr\u00e9able \u00e0 offrir ou \u00e0 recevoir en cadeau.<\/p>\n","protected":false},"featured_media":91146,"comment_status":"open","ping_status":"closed","template":"","meta":[],"product_brand":[755],"product_cat":[733,734,15],"product_tag":[],"class_list":{"0":"post-90829","1":"product","2":"type-product","3":"status-publish","4":"has-post-thumbnail","6":"product_brand-theo-philo-et","7":"product_cat-awards","8":"product_cat-bean-to-bar","9":"product_cat-chocolat","10":"product_shipping_class-16","11":"infinite-scroll-item","12":"resize-featured-image","13":"sales-flash-overlay","14":"woocommerce-text-align-center","15":"woocommerce-image-align-center","16":"wc-has-gallery","18":"first","19":"outofstock","20":"taxable","21":"shipping-taxable","22":"purchasable","23":"product-type-simple"},"_links":{"self":[{"href":"https:\/\/clearchox.com\/fr\/wp-json\/wp\/v2\/product\/90829","targetHints":{"allow":["GET"]}}],"collection":[{"href":"https:\/\/clearchox.com\/fr\/wp-json\/wp\/v2\/product"}],"about":[{"href":"https:\/\/clearchox.com\/fr\/wp-json\/wp\/v2\/types\/product"}],"replies":[{"embeddable":true,"href":"https:\/\/clearchox.com\/fr\/wp-json\/wp\/v2\/comments?post=90829"}],"wp:featuredmedia":[{"embeddable":true,"href":"https:\/\/clearchox.com\/fr\/wp-json\/wp\/v2\/media\/91146"}],"wp:attachment":[{"href":"https:\/\/clearchox.com\/fr\/wp-json\/wp\/v2\/media?parent=90829"}],"wp:term":[{"taxonomy":"product_brand","embeddable":true,"href":"https:\/\/clearchox.com\/fr\/wp-json\/wp\/v2\/product_brand?post=90829"},{"taxonomy":"product_cat","embeddable":true,"href":"https:\/\/clearchox.com\/fr\/wp-json\/wp\/v2\/product_cat?post=90829"},{"taxonomy":"product_tag","embeddable":true,"href":"https:\/\/clearchox.com\/fr\/wp-json\/wp\/v2\/product_tag?post=90829"}],"curies":[{"name":"wp","href":"https:\/\/api.w.org\/{rel}","templated":true}]}}