{"id":90838,"date":"2024-07-04T11:08:04","date_gmt":"2024-07-04T11:08:04","guid":{"rendered":"https:\/\/clearchox.com\/fr\/?post_type=product&#038;p=90838"},"modified":"2025-10-30T15:14:43","modified_gmt":"2025-10-30T15:14:43","slug":"theo-philo-chocolat-noir-avec-banane-verte-et-sel-rose-60","status":"publish","type":"product","link":"https:\/\/clearchox.com\/fr\/shop\/theo-philo-chocolat-noir-avec-banane-verte-et-sel-rose-60\/","title":{"rendered":"Th\u00e9o &#038; Philo &#8211; Noir avec Banane Verte et Sel Rose 60%"},"content":{"rendered":"","protected":false},"excerpt":{"rendered":"<p>M\u00eame une petite bouch\u00e9e de cette tablette est sp\u00e9ciale. Les saveurs combin\u00e9es de banane verte, sel rose et chocolat noir explosent en bouche.<\/p>\n","protected":false},"featured_media":90839,"comment_status":"open","ping_status":"closed","template":"","meta":[],"product_brand":[755],"product_cat":[734,15,736],"product_tag":[],"class_list":{"0":"post-90838","1":"product","2":"type-product","3":"status-publish","4":"has-post-thumbnail","6":"product_brand-theo-philo-et","7":"product_cat-bean-to-bar","8":"product_cat-chocolat","9":"product_cat-vegane","10":"infinite-scroll-item","11":"resize-featured-image","12":"sales-flash-overlay","13":"woocommerce-text-align-center","14":"woocommerce-image-align-center","15":"wc-has-gallery","17":"first","18":"outofstock","19":"taxable","20":"shipping-taxable","21":"purchasable","22":"product-type-simple"},"_links":{"self":[{"href":"https:\/\/clearchox.com\/fr\/wp-json\/wp\/v2\/product\/90838","targetHints":{"allow":["GET"]}}],"collection":[{"href":"https:\/\/clearchox.com\/fr\/wp-json\/wp\/v2\/product"}],"about":[{"href":"https:\/\/clearchox.com\/fr\/wp-json\/wp\/v2\/types\/product"}],"replies":[{"embeddable":true,"href":"https:\/\/clearchox.com\/fr\/wp-json\/wp\/v2\/comments?post=90838"}],"wp:featuredmedia":[{"embeddable":true,"href":"https:\/\/clearchox.com\/fr\/wp-json\/wp\/v2\/media\/90839"}],"wp:attachment":[{"href":"https:\/\/clearchox.com\/fr\/wp-json\/wp\/v2\/media?parent=90838"}],"wp:term":[{"taxonomy":"product_brand","embeddable":true,"href":"https:\/\/clearchox.com\/fr\/wp-json\/wp\/v2\/product_brand?post=90838"},{"taxonomy":"product_cat","embeddable":true,"href":"https:\/\/clearchox.com\/fr\/wp-json\/wp\/v2\/product_cat?post=90838"},{"taxonomy":"product_tag","embeddable":true,"href":"https:\/\/clearchox.com\/fr\/wp-json\/wp\/v2\/product_tag?post=90838"}],"curies":[{"name":"wp","href":"https:\/\/api.w.org\/{rel}","templated":true}]}}