{"id":90841,"date":"2024-07-04T12:21:51","date_gmt":"2024-07-04T12:21:51","guid":{"rendered":"https:\/\/clearchox.com\/fr\/?post_type=product&#038;p=90841"},"modified":"2026-04-07T18:23:49","modified_gmt":"2026-04-07T18:23:49","slug":"presentoir-latitude","status":"publish","type":"product","link":"https:\/\/clearchox.com\/fr\/shop\/presentoir-latitude\/","title":{"rendered":"Latitude Bo\u00eete de Pr\u00e9sentation"},"content":{"rendered":"","protected":false},"excerpt":{"rendered":"<p>La nouvelle bo\u00eete Latitude , festive et color\u00e9e, lance la vente des tablettes de chocolat<\/p>\n","protected":false},"featured_media":90842,"comment_status":"open","ping_status":"closed","template":"","meta":[],"product_brand":[84,759],"product_cat":[731],"product_tag":[],"class_list":{"0":"post-90841","1":"product","2":"type-product","3":"status-publish","4":"has-post-thumbnail","6":"product_brand-accessoires","7":"product_brand-latitude","8":"product_cat-accessoires","9":"infinite-scroll-item","10":"resize-featured-image","11":"sales-flash-overlay","12":"woocommerce-text-align-center","13":"woocommerce-image-align-center","14":"wc-has-gallery","16":"first","17":"instock","18":"taxable","19":"shipping-taxable","20":"purchasable","21":"product-type-simple"},"_links":{"self":[{"href":"https:\/\/clearchox.com\/fr\/wp-json\/wp\/v2\/product\/90841","targetHints":{"allow":["GET"]}}],"collection":[{"href":"https:\/\/clearchox.com\/fr\/wp-json\/wp\/v2\/product"}],"about":[{"href":"https:\/\/clearchox.com\/fr\/wp-json\/wp\/v2\/types\/product"}],"replies":[{"embeddable":true,"href":"https:\/\/clearchox.com\/fr\/wp-json\/wp\/v2\/comments?post=90841"}],"wp:featuredmedia":[{"embeddable":true,"href":"https:\/\/clearchox.com\/fr\/wp-json\/wp\/v2\/media\/90842"}],"wp:attachment":[{"href":"https:\/\/clearchox.com\/fr\/wp-json\/wp\/v2\/media?parent=90841"}],"wp:term":[{"taxonomy":"product_brand","embeddable":true,"href":"https:\/\/clearchox.com\/fr\/wp-json\/wp\/v2\/product_brand?post=90841"},{"taxonomy":"product_cat","embeddable":true,"href":"https:\/\/clearchox.com\/fr\/wp-json\/wp\/v2\/product_cat?post=90841"},{"taxonomy":"product_tag","embeddable":true,"href":"https:\/\/clearchox.com\/fr\/wp-json\/wp\/v2\/product_tag?post=90841"}],"curies":[{"name":"wp","href":"https:\/\/api.w.org\/{rel}","templated":true}]}}