{"id":90864,"date":"2024-07-05T11:02:58","date_gmt":"2024-07-05T11:02:58","guid":{"rendered":"https:\/\/clearchox.com\/fr\/?post_type=product&#038;p=90864"},"modified":"2026-03-26T13:37:46","modified_gmt":"2026-03-26T13:37:46","slug":"soklet-noir-menthe-fraiche-et-cacaonibs-60","status":"publish","type":"product","link":"https:\/\/clearchox.com\/fr\/shop\/soklet-noir-menthe-fraiche-et-cacaonibs-60\/","title":{"rendered":"Soklet 60% Noir avec Menthe et \u00c9clats"},"content":{"rendered":"","protected":false},"excerpt":{"rendered":"<p>Menthe fraiche et cacaonibs grill\u00e9es et croquantes sont combin\u00e9es avec du chocolat pur demi-doux , ce qui rend ce chocolat magnifiquement explosif en go\u00fbt.<\/p>\n","protected":false},"featured_media":90865,"comment_status":"open","ping_status":"closed","template":"","meta":[],"product_brand":[108],"product_cat":[734,15,736],"product_tag":[],"class_list":{"0":"post-90864","1":"product","2":"type-product","3":"status-publish","4":"has-post-thumbnail","6":"product_brand-soklet","7":"product_cat-bean-to-bar","8":"product_cat-chocolat","9":"product_cat-vegane","10":"infinite-scroll-item","11":"resize-featured-image","12":"sales-flash-overlay","13":"woocommerce-text-align-center","14":"woocommerce-image-align-center","16":"first","17":"outofstock","18":"taxable","19":"shipping-taxable","20":"purchasable","21":"product-type-simple"},"_links":{"self":[{"href":"https:\/\/clearchox.com\/fr\/wp-json\/wp\/v2\/product\/90864","targetHints":{"allow":["GET"]}}],"collection":[{"href":"https:\/\/clearchox.com\/fr\/wp-json\/wp\/v2\/product"}],"about":[{"href":"https:\/\/clearchox.com\/fr\/wp-json\/wp\/v2\/types\/product"}],"replies":[{"embeddable":true,"href":"https:\/\/clearchox.com\/fr\/wp-json\/wp\/v2\/comments?post=90864"}],"wp:featuredmedia":[{"embeddable":true,"href":"https:\/\/clearchox.com\/fr\/wp-json\/wp\/v2\/media\/90865"}],"wp:attachment":[{"href":"https:\/\/clearchox.com\/fr\/wp-json\/wp\/v2\/media?parent=90864"}],"wp:term":[{"taxonomy":"product_brand","embeddable":true,"href":"https:\/\/clearchox.com\/fr\/wp-json\/wp\/v2\/product_brand?post=90864"},{"taxonomy":"product_cat","embeddable":true,"href":"https:\/\/clearchox.com\/fr\/wp-json\/wp\/v2\/product_cat?post=90864"},{"taxonomy":"product_tag","embeddable":true,"href":"https:\/\/clearchox.com\/fr\/wp-json\/wp\/v2\/product_tag?post=90864"}],"curies":[{"name":"wp","href":"https:\/\/api.w.org\/{rel}","templated":true}]}}