{"id":90874,"date":"2024-07-07T07:28:12","date_gmt":"2024-07-07T07:28:12","guid":{"rendered":"https:\/\/clearchox.com\/fr\/?post_type=product&#038;p=90874"},"modified":"2025-12-18T10:34:08","modified_gmt":"2025-12-18T10:34:08","slug":"millesime-republique-dominicaine-75-poivre-sauvage-bio","status":"publish","type":"product","link":"https:\/\/clearchox.com\/fr\/shop\/millesime-republique-dominicaine-75-poivre-sauvage-bio\/","title":{"rendered":"Mill\u00e9sime Dominican Republic 75% Poivre Sauvage BIO"},"content":{"rendered":"","protected":false},"excerpt":{"rendered":"<p>Chocolat d\u00e9licat et artisanal au go\u00fbt joliment \u00e9quilibr\u00e9 de cacao de \u00d6ko-Cara\u00efbe, Notes profondes de cacao et fruits rouges,<\/p>\n","protected":false},"featured_media":90875,"comment_status":"open","ping_status":"closed","template":"","meta":[],"product_brand":[757],"product_cat":[734,735,15,736],"product_tag":[],"class_list":{"0":"post-90874","1":"product","2":"type-product","3":"status-publish","4":"has-post-thumbnail","6":"product_brand-millesime","7":"product_cat-bean-to-bar","8":"product_cat-bio","9":"product_cat-chocolat","10":"product_cat-vegane","11":"product_shipping_class-16","12":"infinite-scroll-item","13":"resize-featured-image","14":"sales-flash-overlay","15":"woocommerce-text-align-center","16":"woocommerce-image-align-center","17":"wc-has-gallery","19":"first","20":"outofstock","21":"taxable","22":"shipping-taxable","23":"purchasable","24":"product-type-simple"},"_links":{"self":[{"href":"https:\/\/clearchox.com\/fr\/wp-json\/wp\/v2\/product\/90874","targetHints":{"allow":["GET"]}}],"collection":[{"href":"https:\/\/clearchox.com\/fr\/wp-json\/wp\/v2\/product"}],"about":[{"href":"https:\/\/clearchox.com\/fr\/wp-json\/wp\/v2\/types\/product"}],"replies":[{"embeddable":true,"href":"https:\/\/clearchox.com\/fr\/wp-json\/wp\/v2\/comments?post=90874"}],"wp:featuredmedia":[{"embeddable":true,"href":"https:\/\/clearchox.com\/fr\/wp-json\/wp\/v2\/media\/90875"}],"wp:attachment":[{"href":"https:\/\/clearchox.com\/fr\/wp-json\/wp\/v2\/media?parent=90874"}],"wp:term":[{"taxonomy":"product_brand","embeddable":true,"href":"https:\/\/clearchox.com\/fr\/wp-json\/wp\/v2\/product_brand?post=90874"},{"taxonomy":"product_cat","embeddable":true,"href":"https:\/\/clearchox.com\/fr\/wp-json\/wp\/v2\/product_cat?post=90874"},{"taxonomy":"product_tag","embeddable":true,"href":"https:\/\/clearchox.com\/fr\/wp-json\/wp\/v2\/product_tag?post=90874"}],"curies":[{"name":"wp","href":"https:\/\/api.w.org\/{rel}","templated":true}]}}