{"id":90905,"date":"2024-07-10T09:56:21","date_gmt":"2024-07-10T09:56:21","guid":{"rendered":"https:\/\/clearchox.com\/fr\/shop\/georgia-ramon-matcha-and-raspberries-bio\/"},"modified":"2026-04-07T14:24:19","modified_gmt":"2026-04-07T14:24:19","slug":"georgia-ramon-matcha-et-framboises-bio","status":"publish","type":"product","link":"https:\/\/clearchox.com\/fr\/shop\/georgia-ramon-matcha-et-framboises-bio\/","title":{"rendered":"Georgia Ramon Matcha et Framboises BIO\/AB"},"content":{"rendered":"<p>Du chocolat bicolore ! Le matcha est un th\u00e9 vert en poudre utilis\u00e9 dans la c\u00e9r\u00e9monie japonaise du th\u00e9. Il a une couleur verte intense et un go\u00fbt agr\u00e9ablement sucr\u00e9, l\u00e9g\u00e8rement \u00e9pic\u00e9 lorsqu&rsquo;il est r\u00e9colt\u00e9 tardivement. Il se marie parfaitement avec l&rsquo;ar\u00f4me d\u00e9licatement doucereux des framboises. Celles-ci sont rouge ros\u00e9.<\/p>\n<p>Le beurre de cacao pur utilis\u00e9 provient de R\u00e9publique dominicaine.<\/p>\n<p><strong>Ingr\u00e9dients:<\/strong> beurre de cacao (40 %), sucre de canne brut, <span style=\"color: #993300;\"><strong><em>lait entier<\/em><\/strong><\/span> en poudre, framboises s\u00e9ch\u00e9es (6 %), matcha (3 %), l\u00e9cithine de tournesol.<\/p>\n<p><span style=\"color: #993300;\"><em><strong>Contient du lait. Peut \u00e9galement contenir des traces de fruits \u00e0 coque.<\/strong><\/em><\/span><\/p>\n<p><strong>Valeurs nutritionnelles \/ Nutritional values \/ Voedingswaarde \/ N\u00e4hrwerte<br \/>\n<\/strong>pour \/ per \/ pro 100g<\/p>\n<table width=\"713\">\n<tbody>\n<tr>\n<td width=\"613\">Valeur \u00e9nerg\u00e9tique \/ Energy \/ Energie<\/td>\n<td width=\"100\">611 Kcal \/ 2558 KJ<\/td>\n<\/tr>\n<tr>\n<td width=\"632\">Prot\u00e9ines \/ Proteins \/ Eiwitten \/ Eiwei\u00df<\/td>\n<td width=\"81\">6 g<\/td>\n<\/tr>\n<tr>\n<td width=\"632\">Glucides \/ Carbohydrates \/ Koolhydraten \/ Kohlenhydrate<\/td>\n<td width=\"81\">42 g<\/td>\n<\/tr>\n<tr>\n<td width=\"632\">dont sucre \/ of which sugar \/ waarvan suiker \/ davon Zucker<\/td>\n<td width=\"81\">41 g<\/td>\n<\/tr>\n<tr>\n<td width=\"632\">Lipides \/ Fat \/ Vet \/ Fett<\/td>\n<td width=\"81\">46 g<\/td>\n<\/tr>\n<tr>\n<td width=\"632\">dont acides gras satur\u00e9s \/ of which saturated fat \/ waarvan verzadigde vetzuren \/ davon ges\u00e4ttigte Fetts\u00e4uren<\/td>\n<td width=\"81\">26 g<\/td>\n<\/tr>\n<tr>\n<td width=\"632\">Fibres \/ Fibers \/ Vezels \/ Ballaststoffe<\/td>\n<td width=\"81\"><\/td>\n<\/tr>\n<tr>\n<td width=\"632\">Sel \/ Salt \/ Zout \/ Salz<\/td>\n<td width=\"81\">0,18 g<\/td>\n<\/tr>\n<\/tbody>\n<\/table>\n<p>EAN 4260441821428<\/p>\n","protected":false},"excerpt":{"rendered":"<p>Chocolat bicolore! Rose et vert, au go\u00fbt subtilement sucr\u00e9, avec des notes fruit\u00e9es aromatiques de framboise et de matcha d\u00e9licat.<\/p>\n","protected":false},"featured_media":91232,"comment_status":"open","ping_status":"closed","template":"","meta":[],"product_brand":[77],"product_cat":[735,15],"product_tag":[],"class_list":{"0":"post-90905","1":"product","2":"type-product","3":"status-publish","4":"has-post-thumbnail","6":"product_brand-georgia-ramon","7":"product_cat-bio","8":"product_cat-chocolat","9":"infinite-scroll-item","10":"resize-featured-image","11":"sales-flash-overlay","12":"woocommerce-text-align-center","13":"woocommerce-image-align-center","15":"first","16":"instock","17":"taxable","18":"shipping-taxable","19":"purchasable","20":"product-type-simple"},"_links":{"self":[{"href":"https:\/\/clearchox.com\/fr\/wp-json\/wp\/v2\/product\/90905","targetHints":{"allow":["GET"]}}],"collection":[{"href":"https:\/\/clearchox.com\/fr\/wp-json\/wp\/v2\/product"}],"about":[{"href":"https:\/\/clearchox.com\/fr\/wp-json\/wp\/v2\/types\/product"}],"replies":[{"embeddable":true,"href":"https:\/\/clearchox.com\/fr\/wp-json\/wp\/v2\/comments?post=90905"}],"wp:featuredmedia":[{"embeddable":true,"href":"https:\/\/clearchox.com\/fr\/wp-json\/wp\/v2\/media\/91232"}],"wp:attachment":[{"href":"https:\/\/clearchox.com\/fr\/wp-json\/wp\/v2\/media?parent=90905"}],"wp:term":[{"taxonomy":"product_brand","embeddable":true,"href":"https:\/\/clearchox.com\/fr\/wp-json\/wp\/v2\/product_brand?post=90905"},{"taxonomy":"product_cat","embeddable":true,"href":"https:\/\/clearchox.com\/fr\/wp-json\/wp\/v2\/product_cat?post=90905"},{"taxonomy":"product_tag","embeddable":true,"href":"https:\/\/clearchox.com\/fr\/wp-json\/wp\/v2\/product_tag?post=90905"}],"curies":[{"name":"wp","href":"https:\/\/api.w.org\/{rel}","templated":true}]}}