{"id":90908,"date":"2024-07-10T09:58:38","date_gmt":"2024-07-10T09:58:38","guid":{"rendered":"https:\/\/clearchox.com\/fr\/shop\/blanxart-ecuador-guayaquil-95-2\/"},"modified":"2026-03-30T14:59:27","modified_gmt":"2026-03-30T14:59:27","slug":"blanxart-equateur-guayaquil-95-2","status":"publish","type":"product","link":"https:\/\/clearchox.com\/fr\/shop\/blanxart-equateur-guayaquil-95-2\/","title":{"rendered":"Blanxart Equateur &#8211; Guayaquil 95%"},"content":{"rendered":"","protected":false},"excerpt":{"rendered":"<p>Fabriqu\u00e9 \u00e0 partir de f\u00e8ves de cacao de vari\u00e9t\u00e9 Nacional de la province de Guayas en \u00c9quateur. Les f\u00e8ves de cacao Nacional sont parmi les plus aromatiques au monde &#8211; et lorsqu&rsquo;elles sont cultiv\u00e9es en amont le long de la rivi\u00e8re, on les appelle Arriba.<\/p>\n","protected":false},"featured_media":91104,"comment_status":"open","ping_status":"closed","template":"","meta":[],"product_brand":[31],"product_cat":[15],"product_tag":[1265,1127],"class_list":{"0":"post-90908","1":"product","2":"type-product","3":"status-publish","4":"has-post-thumbnail","6":"product_brand-blanxart","7":"product_cat-chocolat","8":"product_tag-equateur","9":"product_tag-noir","10":"infinite-scroll-item","11":"resize-featured-image","12":"sales-flash-overlay","13":"woocommerce-text-align-center","14":"woocommerce-image-align-center","15":"wc-has-gallery","17":"first","18":"instock","19":"taxable","20":"shipping-taxable","21":"purchasable","22":"product-type-simple"},"_links":{"self":[{"href":"https:\/\/clearchox.com\/fr\/wp-json\/wp\/v2\/product\/90908","targetHints":{"allow":["GET"]}}],"collection":[{"href":"https:\/\/clearchox.com\/fr\/wp-json\/wp\/v2\/product"}],"about":[{"href":"https:\/\/clearchox.com\/fr\/wp-json\/wp\/v2\/types\/product"}],"replies":[{"embeddable":true,"href":"https:\/\/clearchox.com\/fr\/wp-json\/wp\/v2\/comments?post=90908"}],"wp:featuredmedia":[{"embeddable":true,"href":"https:\/\/clearchox.com\/fr\/wp-json\/wp\/v2\/media\/91104"}],"wp:attachment":[{"href":"https:\/\/clearchox.com\/fr\/wp-json\/wp\/v2\/media?parent=90908"}],"wp:term":[{"taxonomy":"product_brand","embeddable":true,"href":"https:\/\/clearchox.com\/fr\/wp-json\/wp\/v2\/product_brand?post=90908"},{"taxonomy":"product_cat","embeddable":true,"href":"https:\/\/clearchox.com\/fr\/wp-json\/wp\/v2\/product_cat?post=90908"},{"taxonomy":"product_tag","embeddable":true,"href":"https:\/\/clearchox.com\/fr\/wp-json\/wp\/v2\/product_tag?post=90908"}],"curies":[{"name":"wp","href":"https:\/\/api.w.org\/{rel}","templated":true}]}}