{"id":90922,"date":"2024-08-22T07:12:43","date_gmt":"2024-08-22T07:12:43","guid":{"rendered":"https:\/\/clearchox.com\/fr\/?post_type=product&#038;p=90922"},"modified":"2026-03-03T11:08:29","modified_gmt":"2026-03-03T11:08:29","slug":"chocolat-noir-cupuacu","status":"publish","type":"product","link":"https:\/\/clearchox.com\/fr\/shop\/chocolat-noir-cupuacu\/","title":{"rendered":"Luisa Abram Chocolat noir au cupua\u00e7u"},"content":{"rendered":"<p>Avec cette barre, Luisa Abram rend hommage aux ingr\u00e9dients br\u00e9siliens, en l&rsquo;occurrence le cupua\u00e7u (un fruit \u00e9troitement li\u00e9 au cacaoyer).<\/p>\n<p>Ce chocolat \u00e0 70%, fabriqu\u00e9 \u00e0 partir de cacao originaire de la r\u00e9gion du fleuve Tocantins, prend vie gr\u00e2ce \u00e0 l&rsquo;acidit\u00e9 du cupua\u00e7u cristallis\u00e9. Les notes d&rsquo;orange et de citron du cacao sont subtilement compl\u00e9t\u00e9es par les morceaux de cupua\u00e7u comme s&rsquo;ils \u00e9taient faits l&rsquo;un pour l&rsquo;autre. D\u00e9licieuse et onctueuse, cette barre est tout simplement indispensable.<\/p>\n<p>Le bel emballage contient deux barres de 40 g chacune, emball\u00e9es s\u00e9par\u00e9ment, pour un total de 80 g de chocolat. De cette fa\u00e7on, vous n&rsquo;avez pas besoin d&rsquo;ouvrir tout votre chocolat en une seule fois et vous pouvez le consommer avec une qualit\u00e9 \u00e0 100 % \u00e0 un autre moment ! C&rsquo;est-\u00e0-dire, si vous parvenez \u00e0 vous contenir, bien s\u00fbr. L&#8217;emballage pr\u00e9sente \u00e9galement l&rsquo;histoire du chocolat et une carte de l&rsquo;origine.<\/p>\n<p>Ce chocolat a remport\u00e9 une m\u00e9daille d&rsquo;argent aux International Chocolate Awards.<\/p>\n<p>&#8212;&#8212;&#8212;&#8212;&#8212;&#8212;&#8212;&#8212;<\/p>\n<div class=\"oSioSc\">\n<div id=\"tw-target\">\n<div id=\"kAz1tf\" class=\"g9WsWb\">\n<div id=\"tw-target-text-container\" class=\"tw-ta-container F0azHf tw-nfl\">\n<p>Notes gustatives : caramel, aigre-doux, orange, citron, miel<\/p>\n<p>Ingr\u00e9dients : f\u00e8ves de cacao, sucre de canne, cupua\u00e7u, beurre de cacao.<\/p>\n<p><span style=\"color: #993300;\"><em><strong>Peut contenir des traces de fruits \u00e0 coque et de lait.<\/strong><\/em><\/span><\/p>\n<\/div>\n<p>&nbsp;<\/p>\n<table border=\"0\" width=\"593\" cellspacing=\"0\" cellpadding=\"0\">\n<tbody>\n<tr>\n<td class=\"xl68\" width=\"333\" height=\"15\"><strong>Nutrition values\/N\u00e4hrwerte\/Voedingswaarde\/Information nutritionelles<\/strong><\/td>\n<td class=\"xl66\" width=\"260\"><strong>per\/pro\/per 100 g<\/strong><\/td>\n<\/tr>\n<tr>\n<td class=\"xl64\" height=\"15\">Energy\/Energie<\/td>\n<td class=\"xl65\">2144 kJ \/ 512 kcal<\/td>\n<\/tr>\n<tr>\n<td class=\"xl64\" height=\"15\">Fat\/Fett\/vetten\/lipides<\/td>\n<td class=\"xl65\">37 g<\/td>\n<\/tr>\n<tr>\n<td class=\"xl64\" height=\"15\">of which saturated\/davon ges\u00e4ttigte Fetts\u00e4uren\/waarvan verzadigd\/dont acides gras saturis<\/td>\n<td class=\"xl65\">23 g<\/td>\n<\/tr>\n<tr>\n<td class=\"xl64\" height=\"15\">Carbonhydrates\/Kohlenhydrate\/koolhydraten\/glucides<\/td>\n<td class=\"xl65\">36 g<\/td>\n<\/tr>\n<tr>\n<td class=\"xl64\" height=\"15\">of which sugar\/davon Zucker\/dont sucre<\/td>\n<td class=\"xl65\">28 g<\/td>\n<\/tr>\n<tr>\n<td class=\"xl64\" height=\"15\">Proteins\/Eiweiss\/eiwitten\/prot\u00e9ines<\/td>\n<td class=\"xl65\">8,2 g<\/td>\n<\/tr>\n<tr>\n<td class=\"xl67\" height=\"15\">Salt\/Salz\/zout\/sel<\/td>\n<td class=\"xl63\">0<\/td>\n<\/tr>\n<\/tbody>\n<\/table>\n<p>EAN <span id=\"pageForm:articleListPanel\"><span id=\"pageForm:articleListTable:9:oteanNumber\">7898960562187<\/span><\/span><\/p>\n<\/div>\n<\/div>\n<\/div>\n","protected":false},"excerpt":{"rendered":"<p>Chocolat noir Tocantins d\u00e9licieusement aigre-doux avec des morceaux de fruits de cupua\u00e7u cristallis\u00e9s. Un vrai go\u00fbt du Br\u00e9sil !<\/p>\n","protected":false},"featured_media":90923,"comment_status":"closed","ping_status":"closed","template":"","meta":[],"product_brand":[1120],"product_cat":[734,15,736],"product_tag":[1122,1123,1128,1129,1121],"class_list":{"0":"post-90922","1":"product","2":"type-product","3":"status-publish","4":"has-post-thumbnail","6":"product_brand-luisa-abram","7":"product_cat-bean-to-bar","8":"product_cat-chocolat","9":"product_cat-vegane","10":"product_tag-amazon","11":"product_tag-bresil","12":"product_tag-cupuacu","13":"product_tag-cupuazu","14":"product_tag-sauvage","15":"infinite-scroll-item","16":"resize-featured-image","17":"sales-flash-overlay","18":"woocommerce-text-align-center","19":"woocommerce-image-align-center","20":"wc-has-gallery","22":"first","23":"outofstock","24":"purchasable","25":"product-type-simple"},"_links":{"self":[{"href":"https:\/\/clearchox.com\/fr\/wp-json\/wp\/v2\/product\/90922","targetHints":{"allow":["GET"]}}],"collection":[{"href":"https:\/\/clearchox.com\/fr\/wp-json\/wp\/v2\/product"}],"about":[{"href":"https:\/\/clearchox.com\/fr\/wp-json\/wp\/v2\/types\/product"}],"replies":[{"embeddable":true,"href":"https:\/\/clearchox.com\/fr\/wp-json\/wp\/v2\/comments?post=90922"}],"wp:featuredmedia":[{"embeddable":true,"href":"https:\/\/clearchox.com\/fr\/wp-json\/wp\/v2\/media\/90923"}],"wp:attachment":[{"href":"https:\/\/clearchox.com\/fr\/wp-json\/wp\/v2\/media?parent=90922"}],"wp:term":[{"taxonomy":"product_brand","embeddable":true,"href":"https:\/\/clearchox.com\/fr\/wp-json\/wp\/v2\/product_brand?post=90922"},{"taxonomy":"product_cat","embeddable":true,"href":"https:\/\/clearchox.com\/fr\/wp-json\/wp\/v2\/product_cat?post=90922"},{"taxonomy":"product_tag","embeddable":true,"href":"https:\/\/clearchox.com\/fr\/wp-json\/wp\/v2\/product_tag?post=90922"}],"curies":[{"name":"wp","href":"https:\/\/api.w.org\/{rel}","templated":true}]}}