{"id":90968,"date":"2024-09-10T15:30:48","date_gmt":"2024-09-10T15:30:48","guid":{"rendered":"https:\/\/clearchox.com\/fr\/?post_type=product&#038;p=90968"},"modified":"2026-04-07T18:23:54","modified_gmt":"2026-04-07T18:23:54","slug":"choba-choba-noir-sel-marin-71-bio","status":"publish","type":"product","link":"https:\/\/clearchox.com\/fr\/shop\/choba-choba-noir-sel-marin-71-bio\/","title":{"rendered":"Choba Choba Noir Sel Marin 71% BIO"},"content":{"rendered":"<div id=\"tabs-3\" class=\"ui-accordion-content ui-helper-reset ui-widget-content ui-corner-bottom ui-accordion-content-active\" role=\"tabpanel\" aria-labelledby=\"ui-accordion-tabs-app-accordion-header-0\" aria-hidden=\"false\">\n<p>Le tablette de chocolat noir pur au sel marin est fabriqu\u00e9e \u00e0 partir de f\u00e8ves de cacao exquises provenant des\u00a0 fermes de la vall\u00e9e Huayabamba au P\u00e9rou et enfin finie par l&rsquo;un des meilleurs chocolatiers suisses. Les saveurs intenses du cacao rencontrent les notes florales du sel marin de Gu\u00e9rande dans ce chocolat.<\/p>\n<p>Choba Choba a d\u00e9cid\u00e9 de donner \u00e0 chaque barre de chocolat le nom de l&rsquo;un des agriculteurs et copropri\u00e9taires de l&rsquo;entreprise. Ce bar porte le nom de Rosario.<\/p>\n<p><strong>Ingr\u00e9dients<\/strong> : P\u00e2te de cacao biologique (du P\u00e9rou), Sucre de canne brut biologique, Beurre de cacao biologique (de R\u00e9publique Dominicaine), Sel Marin (de Gu\u00e9rande en France).<\/p>\n<p><strong><span style=\"color: #993300;\">Peut contenir des traces de lait, d&rsquo;amandes, de noisettes, de cacahu\u00e8tes et de soja.<\/span><\/strong><\/p>\n<table width=\"593\">\n<tbody>\n<tr>\n<td width=\"333\"><strong>N\u00e4hrwerte\/Nutritional values\/Voedingswaarde\/Valeurs nutritionnelles<\/strong><\/td>\n<td width=\"260\"><strong>pro\/per\/pour 100 g<\/strong><\/td>\n<\/tr>\n<tr>\n<td>Energie\/Energy\/Energie\/Valeur \u00e9nerg\u00e9tique<\/td>\n<td>582 kcal \/ 2413 kJ<\/td>\n<\/tr>\n<tr>\n<td>Fett\/Fat\/Vet\/Lipides<\/td>\n<td>44 g<\/td>\n<\/tr>\n<tr>\n<td>davon ges\u00e4ttigte Fetts\u00e4uren\/of which saturated fatty acids\/waarvan verzadigd\/dont acides gras satur\u00e9s<\/td>\n<td>27 g<\/td>\n<\/tr>\n<tr>\n<td>Kohlenhydrate\/Carbohydrates\/Koolhydraten\/Glucides<\/td>\n<td>33 g<\/td>\n<\/tr>\n<tr>\n<td>davon Zucker\/of which sugar\/waarvan suiker\/dont sucre<\/td>\n<td>28 g<\/td>\n<\/tr>\n<tr>\n<td>Eiweiss\/Protein\/Eiwit\/Prot\u00e9ine<\/td>\n<td>6.8 g<\/td>\n<\/tr>\n<tr>\n<td>Salz\/Salt\/Zout\/Sel<\/td>\n<td>0.8 g<\/td>\n<\/tr>\n<tr>\n<td><\/td>\n<td><\/td>\n<\/tr>\n<\/tbody>\n<\/table>\n<\/div>\n","protected":false},"excerpt":{"rendered":"<p>Choba Choba est un chocolat biologique appartenant \u00e0 des agriculteurs p\u00e9ruviens et fabriqu\u00e9 en Suisse. 91 Grammes!<\/p>\n","protected":false},"featured_media":91020,"comment_status":"closed","ping_status":"closed","template":"","meta":[],"product_brand":[1269],"product_cat":[733,734,735,15],"product_tag":[1133,1273,1127,1270,1126,1140,1170,1272,1271],"class_list":{"0":"post-90968","1":"product","2":"type-product","3":"status-publish","4":"has-post-thumbnail","6":"product_brand-choba-choba","7":"product_cat-awards","8":"product_cat-bean-to-bar","9":"product_cat-bio","10":"product_cat-chocolat","11":"product_tag-bio","12":"product_tag-guerande","13":"product_tag-noir","14":"product_tag-perou","15":"product_tag-prix","16":"product_tag-sel","17":"product_tag-sel-de-mer","18":"product_tag-sel-marin","19":"product_tag-suisse","20":"infinite-scroll-item","21":"resize-featured-image","22":"sales-flash-overlay","23":"woocommerce-text-align-center","24":"woocommerce-image-align-center","25":"wc-has-gallery","27":"first","28":"instock","29":"purchasable","30":"product-type-simple"},"_links":{"self":[{"href":"https:\/\/clearchox.com\/fr\/wp-json\/wp\/v2\/product\/90968","targetHints":{"allow":["GET"]}}],"collection":[{"href":"https:\/\/clearchox.com\/fr\/wp-json\/wp\/v2\/product"}],"about":[{"href":"https:\/\/clearchox.com\/fr\/wp-json\/wp\/v2\/types\/product"}],"replies":[{"embeddable":true,"href":"https:\/\/clearchox.com\/fr\/wp-json\/wp\/v2\/comments?post=90968"}],"wp:featuredmedia":[{"embeddable":true,"href":"https:\/\/clearchox.com\/fr\/wp-json\/wp\/v2\/media\/91020"}],"wp:attachment":[{"href":"https:\/\/clearchox.com\/fr\/wp-json\/wp\/v2\/media?parent=90968"}],"wp:term":[{"taxonomy":"product_brand","embeddable":true,"href":"https:\/\/clearchox.com\/fr\/wp-json\/wp\/v2\/product_brand?post=90968"},{"taxonomy":"product_cat","embeddable":true,"href":"https:\/\/clearchox.com\/fr\/wp-json\/wp\/v2\/product_cat?post=90968"},{"taxonomy":"product_tag","embeddable":true,"href":"https:\/\/clearchox.com\/fr\/wp-json\/wp\/v2\/product_tag?post=90968"}],"curies":[{"name":"wp","href":"https:\/\/api.w.org\/{rel}","templated":true}]}}