{"id":90972,"date":"2024-09-10T15:52:36","date_gmt":"2024-09-10T15:52:36","guid":{"rendered":"https:\/\/clearchox.com\/fr\/?post_type=product&#038;p=90972"},"modified":"2026-04-07T18:23:56","modified_gmt":"2026-04-07T18:23:56","slug":"choba-choba-lait-fine-41-bio","status":"publish","type":"product","link":"https:\/\/clearchox.com\/fr\/shop\/choba-choba-lait-fine-41-bio\/","title":{"rendered":"Choba Choba Chocolat au Lait 41% BIO"},"content":{"rendered":"<p>Les tablettes bio de chocolat au lait suisse de Choba Choba ont une teneur en cacao de 41 % et sont fabriqu\u00e9e \u00e0 partir de f\u00e8ves de cacao s\u00e9lectionn\u00e9es provenant des propres fermes de la vall\u00e9e Huayabamba au P\u00e9rou. Le chocolat contient au total 22% de lait biologique suisse. Savourez un chocolat harmonieux aux notes intenses de caramel, de p\u00e2te d&rsquo;amande et de miel de fleurs.<\/p>\n<p>Choba Choba a d\u00e9cid\u00e9 de donner \u00e0 chaque barre de chocolat le nom de l&rsquo;un des agriculteurs et copropri\u00e9taires de l&rsquo;entreprise. Ce bar porte le nom de Pasiona.<\/p>\n<p><strong>Ingr\u00e9dients<\/strong> : P\u00e2te de cacao biologique (de P\u00e9rou), Sucre de canne brut biologique (de Paraguay), Beurre de cacao biologique (de R\u00e9publique Dominicaine), <span style=\"color: #993300;\"><strong>Lait<\/strong><\/span> entier en poudre biologique (de Suisse).<\/p>\n<p><strong><span style=\"color: #993300;\">Contient du lait. Peut contenir des traces d&rsquo;amandes, de noisettes, de cacahu\u00e8tes et de soja.<\/span><\/strong><\/p>\n<table width=\"593\">\n<tbody>\n<tr>\n<td width=\"333\"><strong>N\u00e4hrwerte\/Nutritional values\/Voedingswaarde\/Valeurs nutritionnelles<\/strong><\/td>\n<td width=\"260\"><strong>pro\/per\/pour 100 g<\/strong><\/td>\n<\/tr>\n<tr>\n<td>Energie\/Energy\/Energie\/Valeur \u00e9nerg\u00e9tique<\/td>\n<td>607 kcal \/ 2523 kJ<\/td>\n<\/tr>\n<tr>\n<td>Fett\/Fat\/Vet\/Lipides<\/td>\n<td>44 g<\/td>\n<\/tr>\n<tr>\n<td>davon ges\u00e4ttigte Fetts\u00e4uren\/of which saturated fatty acids\/waarvan verzadigd\/dont acides gras satur\u00e9s<\/td>\n<td>28 g<\/td>\n<\/tr>\n<tr>\n<td>Kohlenhydrate\/Carbohydrates\/Koolhydraten\/Glucides<\/td>\n<td>45 g<\/td>\n<\/tr>\n<tr>\n<td>davon Zucker\/of which sugar\/waarvan suiker\/dont sucre<\/td>\n<td>44 g<\/td>\n<\/tr>\n<tr>\n<td>Eiweiss\/Protein\/Eiwit\/Prot\u00e9ine<\/td>\n<td>6.7 g<\/td>\n<\/tr>\n<tr>\n<td>Salz\/Salt\/Zout\/Sel<\/td>\n<td>0.2 g<\/td>\n<\/tr>\n<tr>\n<td><\/td>\n<td><\/td>\n<\/tr>\n<\/tbody>\n<\/table>\n","protected":false},"excerpt":{"rendered":"<p>Choba Choba est un chocolat biologique appartenant \u00e0 des agriculteurs p\u00e9ruviens et fabriqu\u00e9 en Suisse. 91 Grammes!<\/p>\n","protected":false},"featured_media":91019,"comment_status":"closed","ping_status":"closed","template":"","meta":[],"product_brand":[1269],"product_cat":[733,734,735,15],"product_tag":[1133,1146,1270,1271],"class_list":{"0":"post-90972","1":"product","2":"type-product","3":"status-publish","4":"has-post-thumbnail","6":"product_brand-choba-choba","7":"product_cat-awards","8":"product_cat-bean-to-bar","9":"product_cat-bio","10":"product_cat-chocolat","11":"product_tag-bio","12":"product_tag-lait","13":"product_tag-perou","14":"product_tag-suisse","15":"infinite-scroll-item","16":"resize-featured-image","17":"sales-flash-overlay","18":"woocommerce-text-align-center","19":"woocommerce-image-align-center","20":"wc-has-gallery","22":"first","23":"instock","24":"purchasable","25":"product-type-simple"},"_links":{"self":[{"href":"https:\/\/clearchox.com\/fr\/wp-json\/wp\/v2\/product\/90972","targetHints":{"allow":["GET"]}}],"collection":[{"href":"https:\/\/clearchox.com\/fr\/wp-json\/wp\/v2\/product"}],"about":[{"href":"https:\/\/clearchox.com\/fr\/wp-json\/wp\/v2\/types\/product"}],"replies":[{"embeddable":true,"href":"https:\/\/clearchox.com\/fr\/wp-json\/wp\/v2\/comments?post=90972"}],"wp:featuredmedia":[{"embeddable":true,"href":"https:\/\/clearchox.com\/fr\/wp-json\/wp\/v2\/media\/91019"}],"wp:attachment":[{"href":"https:\/\/clearchox.com\/fr\/wp-json\/wp\/v2\/media?parent=90972"}],"wp:term":[{"taxonomy":"product_brand","embeddable":true,"href":"https:\/\/clearchox.com\/fr\/wp-json\/wp\/v2\/product_brand?post=90972"},{"taxonomy":"product_cat","embeddable":true,"href":"https:\/\/clearchox.com\/fr\/wp-json\/wp\/v2\/product_cat?post=90972"},{"taxonomy":"product_tag","embeddable":true,"href":"https:\/\/clearchox.com\/fr\/wp-json\/wp\/v2\/product_tag?post=90972"}],"curies":[{"name":"wp","href":"https:\/\/api.w.org\/{rel}","templated":true}]}}