{"id":90974,"date":"2024-09-10T15:57:19","date_gmt":"2024-09-10T15:57:19","guid":{"rendered":"https:\/\/clearchox.com\/fr\/?post_type=product&#038;p=90974"},"modified":"2026-04-07T18:23:58","modified_gmt":"2026-04-07T18:23:58","slug":"choba-choba-caramel-sel-marin-41-bio","status":"publish","type":"product","link":"https:\/\/clearchox.com\/fr\/shop\/choba-choba-caramel-sel-marin-41-bio\/","title":{"rendered":"Choba Choba Lait Caramel Sel de Mer 41% BIO"},"content":{"rendered":"<div class=\"sticky-product-scroll is_stuck\">\n<div class=\" product-block product-block--description \">\n<div class=\" description content has-padding-top \">\n<div id=\"tabs-app-accordion\" class=\"easytabs-app-accordion ui-accordion ui-widget ui-helper-reset\" role=\"tablist\">\n<div id=\"tabs-3\" class=\"ui-accordion-content ui-helper-reset ui-widget-content ui-corner-bottom ui-accordion-content-active\" role=\"tabpanel\" aria-labelledby=\"ui-accordion-tabs-app-accordion-header-0\" aria-hidden=\"false\">\n<p>Ce harmonieux chocolat au lait bio suisse avec caramel et sel de mer est fabriqu\u00e9e \u00e0 partir de f\u00e8ves de cacao s\u00e9lectionn\u00e9es de les propres fermes de Choba Choba dans la vall\u00e9e de Huayabamba au P\u00e9rou et de lait bio suisse. Elle est enrichie de caramel dor\u00e9 et de sel de mer fran\u00e7ais de la r\u00e9gion de Gu\u00e9rande.<\/p>\n<p>Choba Choba a d\u00e9cid\u00e9 de donner \u00e0 chaque barre de chocolat le nom de l&rsquo;un des agriculteurs et copropri\u00e9taires de l&rsquo;entreprise. Ce bar porte le nom de F\u00e9lix.<\/p>\n<\/div>\n<\/div>\n<\/div>\n<\/div>\n<\/div>\n<p><strong>Ingr\u00e9dients<\/strong> : P\u00e2te de cacao biologique (du P\u00e9rou), cacao 39%minimum, Sucre de canne brut biologique, Beurre de cacao biologique (de la R\u00e9publique Dominicaine), <span style=\"color: #993300;\"><strong>Lait<\/strong> <\/span>en poudre biologique (de Suisse), \u00c9clats de caramel 5% (sucre de canne, lait entier en poudre, beurre, sirop de glucose), Sel marin Gu\u00e9rande (de France).<\/p>\n<p><span style=\"color: #993300;\"><strong>Contient du lait. Peut contenir des traces d&rsquo;amandes, de noisettes, d&rsquo;arachides et de soja.<\/strong><\/span><strong>\u00a0<\/strong><\/p>\n<table width=\"593\">\n<tbody>\n<tr>\n<td width=\"333\"><strong>N\u00e4hrwerte\/Nutritional values\/Voedingswaarde\/Valeurs nutritionnelles<\/strong><\/td>\n<td width=\"260\"><strong>pro\/per\/pour 100 g<\/strong><\/td>\n<\/tr>\n<tr>\n<td>Energie\/Energy\/Energie\/Valeur \u00e9nerg\u00e9tique<\/td>\n<td>607 kcal \/ 2464 kJ<\/td>\n<\/tr>\n<tr>\n<td>Fett\/Fat\/Vet\/Lipides<\/td>\n<td>41 g<\/td>\n<\/tr>\n<tr>\n<td>davon ges\u00e4ttigte Fetts\u00e4uren\/of which saturated fatty acids\/waarvan verzadigd\/dont acides gras satur\u00e9s<\/td>\n<td>26 g<\/td>\n<\/tr>\n<tr>\n<td>Kohlenhydrate\/Carbohydrates\/Koolhydraten\/Glucides<\/td>\n<td>47 g<\/td>\n<\/tr>\n<tr>\n<td>davon Zucker\/of which sugar\/waarvan suiker\/dont sucre<\/td>\n<td>46 g<\/td>\n<\/tr>\n<tr>\n<td>Eiweiss\/Protein\/Eiwit\/Prot\u00e9ine<\/td>\n<td>6.8 g<\/td>\n<\/tr>\n<tr>\n<td>Salz\/Salt\/Zout\/Sel<\/td>\n<td>0.52 g<\/td>\n<\/tr>\n<\/tbody>\n<\/table>\n","protected":false},"excerpt":{"rendered":"<p>Choba Choba est un chocolat biologique appartenant \u00e0 des agriculteurs p\u00e9ruviens et fabriqu\u00e9 en Suisse. 91 Grammes!<\/p>\n","protected":false},"featured_media":91023,"comment_status":"closed","ping_status":"closed","template":"","meta":[],"product_brand":[1269],"product_cat":[734,735,15],"product_tag":[1133,1274,1273,1146,1270,1140,1170,1272,1271],"class_list":{"0":"post-90974","1":"product","2":"type-product","3":"status-publish","4":"has-post-thumbnail","6":"product_brand-choba-choba","7":"product_cat-bean-to-bar","8":"product_cat-bio","9":"product_cat-chocolat","10":"product_tag-bio","11":"product_tag-caramel","12":"product_tag-guerande","13":"product_tag-lait","14":"product_tag-perou","15":"product_tag-sel","16":"product_tag-sel-de-mer","17":"product_tag-sel-marin","18":"product_tag-suisse","19":"infinite-scroll-item","20":"resize-featured-image","21":"sales-flash-overlay","22":"woocommerce-text-align-center","23":"woocommerce-image-align-center","24":"wc-has-gallery","26":"first","27":"instock","28":"purchasable","29":"product-type-simple"},"_links":{"self":[{"href":"https:\/\/clearchox.com\/fr\/wp-json\/wp\/v2\/product\/90974","targetHints":{"allow":["GET"]}}],"collection":[{"href":"https:\/\/clearchox.com\/fr\/wp-json\/wp\/v2\/product"}],"about":[{"href":"https:\/\/clearchox.com\/fr\/wp-json\/wp\/v2\/types\/product"}],"replies":[{"embeddable":true,"href":"https:\/\/clearchox.com\/fr\/wp-json\/wp\/v2\/comments?post=90974"}],"wp:featuredmedia":[{"embeddable":true,"href":"https:\/\/clearchox.com\/fr\/wp-json\/wp\/v2\/media\/91023"}],"wp:attachment":[{"href":"https:\/\/clearchox.com\/fr\/wp-json\/wp\/v2\/media?parent=90974"}],"wp:term":[{"taxonomy":"product_brand","embeddable":true,"href":"https:\/\/clearchox.com\/fr\/wp-json\/wp\/v2\/product_brand?post=90974"},{"taxonomy":"product_cat","embeddable":true,"href":"https:\/\/clearchox.com\/fr\/wp-json\/wp\/v2\/product_cat?post=90974"},{"taxonomy":"product_tag","embeddable":true,"href":"https:\/\/clearchox.com\/fr\/wp-json\/wp\/v2\/product_tag?post=90974"}],"curies":[{"name":"wp","href":"https:\/\/api.w.org\/{rel}","templated":true}]}}