{"id":90976,"date":"2024-09-10T16:02:35","date_gmt":"2024-09-10T16:02:35","guid":{"rendered":"https:\/\/clearchox.com\/fr\/?post_type=product&#038;p=90976"},"modified":"2026-03-12T17:48:52","modified_gmt":"2026-03-12T17:48:52","slug":"choba-choba-noir-quinoa-framboise-64-bio","status":"publish","type":"product","link":"https:\/\/clearchox.com\/fr\/shop\/choba-choba-noir-quinoa-framboise-64-bio\/","title":{"rendered":"Choba Choba Noir Quinoa Framboise 64% BIO"},"content":{"rendered":"<p>Pour cette cr\u00e9ation chocolat\u00e9e, Choba Choba a associ\u00e9 des morceaux de framboise et des chips de quinoa dans le chocolat noir \u00ab\u00a0Elmer\u00a0\u00bb 64 %, qui d\u00e9voile des notes de framboises, de canneberges, de th\u00e9 noir et de poivre. L&rsquo;acidit\u00e9 des morceaux de framboise renforce les notes fruit\u00e9es du chocolat, tandis que le quinoa ajoute une touche de croquant rafra\u00eechissante.<\/p>\n<p>Note importante : Le quinoa est un pilier du patrimoine p\u00e9ruvien et joue un r\u00f4le crucial dans l&rsquo;agriculture, l&rsquo;\u00e9conomie et l&rsquo;alimentation du pays. Cet ingr\u00e9dient dynamique enrichit non seulement le go\u00fbt et la texture de ce chocolat, mais il c\u00e9l\u00e8bre \u00e9galement la signification culturelle et la durabilit\u00e9 du quinoa p\u00e9ruvien, le pays d&rsquo;origine du cacao pour le chocolat.<\/p>\n<p>Choba Choba a d\u00e9cid\u00e9 de donner \u00e0 chaque barre de chocolat le nom de l&rsquo;un des agriculteurs et copropri\u00e9taires de l&rsquo;entreprise. Ce bar porte le nom de Lindley.<\/p>\n<p><strong>Ingr\u00e9dients<\/strong> : <span class=\"ui-provider a b c d e f g h i j k l m n o p q r s t u v w x y z ab ac ae af ag ah ai aj ak\" dir=\"ltr\">Masse de cacao* (en provenance du P\u00e9rou, cacao au moins 51,1%), <\/span><span style=\"font-size: 0.875rem;\">Sucre de canne brut* (du Paraguay), <\/span>Beurre de cacao* (de R\u00e9publique Dominicaine), Framboises* (Suisse), Croustillant de quinoa 1,5%<\/p>\n<p><span style=\"color: #993300;\"><strong>Peut contenir des traces de lait, de fruits \u00e0 coque, d&rsquo;amandes, de noisettes, d&rsquo;arachides et de soja.<\/strong><\/span><\/p>\n<table width=\"593\">\n<tbody>\n<tr>\n<td width=\"333\"><strong>N\u00e4hrwerte\/Nutritional values\/Voedingswaarde\/Valeurs nutritionnelles<\/strong><\/td>\n<td width=\"260\"><strong>pro\/per\/pour 100 g<\/strong><\/td>\n<\/tr>\n<tr>\n<td>Energie\/Energy\/Energie\/Valeur \u00e9nerg\u00e9tique<\/td>\n<td>565 kcal \/ 2348 kJ<\/td>\n<\/tr>\n<tr>\n<td>Fett\/Fat\/Vet\/Lipides<\/td>\n<td>40 g<\/td>\n<\/tr>\n<tr>\n<td>davon ges\u00e4ttigte Fetts\u00e4uren\/of which saturated fatty acids\/waarvan verzadigd\/dont acides gras satur\u00e9s<\/td>\n<td>25 g<\/td>\n<\/tr>\n<tr>\n<td>Kohlenhydrate\/Carbohydrates\/Koolhydraten\/Glucides<\/td>\n<td>39 g<\/td>\n<\/tr>\n<tr>\n<td>davon Zucker\/of which sugar\/waarvan suiker\/dont sucre<\/td>\n<td>34 g<\/td>\n<\/tr>\n<tr>\n<td>Eiweiss\/Protein\/Eiwit\/Prot\u00e9ine<\/td>\n<td>6.1 g<\/td>\n<\/tr>\n<tr>\n<td>Salz\/Salt\/Zout\/Sel<\/td>\n<td>0.0 g<\/td>\n<\/tr>\n<tr>\n<td><\/td>\n<td><\/td>\n<\/tr>\n<\/tbody>\n<\/table>\n","protected":false},"excerpt":{"rendered":"<p>Choba Choba est un chocolat biologique appartenant \u00e0 des agriculteurs p\u00e9ruviens et fabriqu\u00e9 en Suisse. 91 Grammes!<\/p>\n","protected":false},"featured_media":91022,"comment_status":"closed","ping_status":"closed","template":"","meta":[],"product_brand":[1269],"product_cat":[734,735,15],"product_tag":[1133,1275,1127,1270,1276,1271],"class_list":{"0":"post-90976","1":"product","2":"type-product","3":"status-publish","4":"has-post-thumbnail","6":"product_brand-choba-choba","7":"product_cat-bean-to-bar","8":"product_cat-bio","9":"product_cat-chocolat","10":"product_tag-bio","11":"product_tag-framboise","12":"product_tag-noir","13":"product_tag-perou","14":"product_tag-quinoa","15":"product_tag-suisse","16":"infinite-scroll-item","17":"resize-featured-image","18":"sales-flash-overlay","19":"woocommerce-text-align-center","20":"woocommerce-image-align-center","21":"wc-has-gallery","23":"first","24":"instock","25":"purchasable","26":"product-type-simple"},"_links":{"self":[{"href":"https:\/\/clearchox.com\/fr\/wp-json\/wp\/v2\/product\/90976","targetHints":{"allow":["GET"]}}],"collection":[{"href":"https:\/\/clearchox.com\/fr\/wp-json\/wp\/v2\/product"}],"about":[{"href":"https:\/\/clearchox.com\/fr\/wp-json\/wp\/v2\/types\/product"}],"replies":[{"embeddable":true,"href":"https:\/\/clearchox.com\/fr\/wp-json\/wp\/v2\/comments?post=90976"}],"wp:featuredmedia":[{"embeddable":true,"href":"https:\/\/clearchox.com\/fr\/wp-json\/wp\/v2\/media\/91022"}],"wp:attachment":[{"href":"https:\/\/clearchox.com\/fr\/wp-json\/wp\/v2\/media?parent=90976"}],"wp:term":[{"taxonomy":"product_brand","embeddable":true,"href":"https:\/\/clearchox.com\/fr\/wp-json\/wp\/v2\/product_brand?post=90976"},{"taxonomy":"product_cat","embeddable":true,"href":"https:\/\/clearchox.com\/fr\/wp-json\/wp\/v2\/product_cat?post=90976"},{"taxonomy":"product_tag","embeddable":true,"href":"https:\/\/clearchox.com\/fr\/wp-json\/wp\/v2\/product_tag?post=90976"}],"curies":[{"name":"wp","href":"https:\/\/api.w.org\/{rel}","templated":true}]}}