{"id":91012,"date":"2024-10-13T13:54:20","date_gmt":"2024-10-13T13:54:20","guid":{"rendered":"https:\/\/clearchox.com\/fr\/?post_type=product&#038;p=91012"},"modified":"2026-04-07T18:24:00","modified_gmt":"2026-04-07T18:24:00","slug":"ocelot-chocolat-au-lait-cinnamon-swirl","status":"publish","type":"product","link":"https:\/\/clearchox.com\/fr\/shop\/ocelot-chocolat-au-lait-cinnamon-swirl\/","title":{"rendered":"Ocelot &#8211; Chocolat au Lait Cinnamon Swirl"},"content":{"rendered":"<p>Cette barre est \u00e0 base de chocolat au lait Esmeraldas soyeux \u00e0 42 % d&rsquo;\u00c9quateur et est m\u00e9lang\u00e9e \u00e0 des petits pains \u00e0 la cannelle croustillants et beurr\u00e9s, fra\u00eechement cuits par Wild Hearth Bakery dans le Perthshire. Les riches notes de caramel des f\u00e8ves de cacao Arriba rares compl\u00e8tent les ar\u00f4mes apaisants des brioches \u00e0 la cannelle. Attention : contrairement aux autres tablettes Ocelot, cette barre n&rsquo;est pas certifi\u00e9e bio.<\/p>\n<p><strong>Ingr\u00e9dients<\/strong> : Sucre de canne brut 33,38 % (Argentine\/Paraguay), beurre de cacao 24,82 % (R\u00e9p. Dom.), <em><strong>lait<\/strong> <\/em>entier en poudre 18,14 % (Suisse), p\u00e2te de cacao 13,53 % (\u00c9quateur), brioche \u00e0 la <em><strong>cannelle<\/strong><\/em> 10 % (\u00c9cosse, Royaume-Uni) (<em><strong>farine de bl\u00e9<\/strong> <\/em>blanc,<strong><em> beurre<\/em><\/strong>, eau, cassonade, sucre en poudre, <em><strong>\u0153ufs<\/strong><\/em> entiers, sirop dor\u00e9, sel, <em><strong>cannelle<\/strong><\/em> (0,27%)), fleur de sel 0,09%, <em><strong>cannelle<\/strong><\/em> 0,04%. Extraits secs du <strong><em>lait<\/em><\/strong> : au moins 20 %, extraits secs du cacao : au moins 42 %.<\/p>\n<p><span style=\"color: #993300;\"><em><strong>Contient des produits laitiers et de la cannelle. Peut contenir des traces de fruits \u00e0 coque (dont arachides), de graines (dont graines de s\u00e9same et de moutarde), de soja et de c\u00e9leri.<\/strong><\/em><\/span><\/p>\n<div class=\"oSioSc\">\n<div id=\"tw-target\">\n<div id=\"kAz1tf\" class=\"g9WsWb\">\n<div id=\"tw-target-text-container\" class=\"tw-ta-container F0azHf tw-nfl\">\n<table width=\"593\">\n<tbody>\n<tr>\n<td width=\"333\"><strong>Nutritional values\/Voedingswaarde\/N\u00e4hrwerte\/Valeurs nutritionnelles<br \/>\n<\/strong><\/td>\n<td width=\"260\"><strong>per\/pro\/pour 100<br \/>\n<\/strong><\/td>\n<\/tr>\n<tr>\n<td>Energy\/Energie\/Valeur \u00e9nerg\u00e9tique<\/td>\n<td>575 kCal \/ 2392 kJ<\/td>\n<\/tr>\n<tr>\n<td>Fat\/Vet\/Fett\/Lipides<\/td>\n<td>39 g<\/td>\n<\/tr>\n<tr>\n<td>of which saturated\/waarvan verzadigd\/davon ges\u00e4ttigte Fetts\u00e4uren\/dont acides gras satur\u00e9s<\/td>\n<td>24 g<\/td>\n<\/tr>\n<tr>\n<td>Carbohydrates\/Koolhydraten\/Kohlenhydrate\/Glucides<\/td>\n<td>46 g<\/td>\n<\/tr>\n<tr>\n<td>davon Zucker\/waarvan suiker\/of which sugar\/dont sucre<\/td>\n<td>43 g<\/td>\n<\/tr>\n<tr>\n<td>Protein\/Eiwit\/Eiweiss\/Prot\u00e9ine<\/td>\n<td>7 g<\/td>\n<\/tr>\n<tr>\n<td>Salt\/Zout\/Salz\/Sel<\/td>\n<td>0.2 g<\/td>\n<\/tr>\n<tr>\n<td><\/td>\n<td><\/td>\n<\/tr>\n<\/tbody>\n<\/table>\n<\/div>\n<\/div>\n<\/div>\n<\/div>\n<p>EAN 658556162415<\/p>\n","protected":false},"excerpt":{"rendered":"<p>Les riches notes de caramel des f\u00e8ves de cacao Arriba rares compl\u00e8tent les ar\u00f4mes apaisants des brioches \u00e0 la cannelle.<\/p>\n","protected":false},"featured_media":91013,"comment_status":"closed","ping_status":"closed","template":"","meta":[],"product_brand":[1101],"product_cat":[15],"product_tag":[1296,1144,1146],"class_list":{"0":"post-91012","1":"product","2":"type-product","3":"status-publish","4":"has-post-thumbnail","6":"product_brand-ocelot","7":"product_cat-chocolat","8":"product_tag-canelle","9":"product_tag-chocolat","10":"product_tag-lait","11":"infinite-scroll-item","12":"resize-featured-image","13":"sales-flash-overlay","14":"woocommerce-text-align-center","15":"woocommerce-image-align-center","16":"wc-has-gallery","18":"first","19":"instock","20":"taxable","21":"shipping-taxable","22":"purchasable","23":"product-type-simple"},"_links":{"self":[{"href":"https:\/\/clearchox.com\/fr\/wp-json\/wp\/v2\/product\/91012","targetHints":{"allow":["GET"]}}],"collection":[{"href":"https:\/\/clearchox.com\/fr\/wp-json\/wp\/v2\/product"}],"about":[{"href":"https:\/\/clearchox.com\/fr\/wp-json\/wp\/v2\/types\/product"}],"replies":[{"embeddable":true,"href":"https:\/\/clearchox.com\/fr\/wp-json\/wp\/v2\/comments?post=91012"}],"wp:featuredmedia":[{"embeddable":true,"href":"https:\/\/clearchox.com\/fr\/wp-json\/wp\/v2\/media\/91013"}],"wp:attachment":[{"href":"https:\/\/clearchox.com\/fr\/wp-json\/wp\/v2\/media?parent=91012"}],"wp:term":[{"taxonomy":"product_brand","embeddable":true,"href":"https:\/\/clearchox.com\/fr\/wp-json\/wp\/v2\/product_brand?post=91012"},{"taxonomy":"product_cat","embeddable":true,"href":"https:\/\/clearchox.com\/fr\/wp-json\/wp\/v2\/product_cat?post=91012"},{"taxonomy":"product_tag","embeddable":true,"href":"https:\/\/clearchox.com\/fr\/wp-json\/wp\/v2\/product_tag?post=91012"}],"curies":[{"name":"wp","href":"https:\/\/api.w.org\/{rel}","templated":true}]}}