{"id":91077,"date":"2024-11-18T13:35:51","date_gmt":"2024-11-18T13:35:51","guid":{"rendered":"https:\/\/clearchox.com\/fr\/?post_type=product&#038;p=91077"},"modified":"2026-04-07T07:24:41","modified_gmt":"2026-04-07T07:24:41","slug":"naive-xocoatl","status":"publish","type":"product","link":"https:\/\/clearchox.com\/fr\/shop\/naive-xocoatl\/","title":{"rendered":"Na\u00efve Xocoatl 65% chocolat Azt\u00e8que c\u00e9r\u00e9monial"},"content":{"rendered":"<p><strong>Ingr\u00e9dients :<\/strong> cacao*, sucre de canne*, beurre de cacao*, roucou*, miel*, vanille pompona*, piment ancho*.<br \/>\n*issu de cueillette sauvage ou de culture naturelle !<\/p>\n<p><em><span style=\"color: #993300;\"><strong>Peut contenir des traces de produits laitiers, de bl\u00e9, de fruits \u00e0 coque et d&rsquo;arachides.<\/strong><\/span><\/em><\/p>\n<table border=\"0\" width=\"593\" cellspacing=\"0\" cellpadding=\"0\">\n<tbody>\n<tr>\n<td class=\"xl68\" width=\"333\" height=\"15\"><strong>Nutritional values\/N\u00e4hrwerte\/Voedingswaarde\/Valeurs nutritionnelles<\/strong><\/td>\n<td class=\"xl66\" width=\"260\"><strong>per\/pro\/per\/pour 100 g<\/strong><\/td>\n<\/tr>\n<tr>\n<td class=\"xl64\" height=\"15\">Energy\/Energie\/Valeur \u00e9nerg\u00e9tique<\/td>\n<td class=\"xl65\">551 kcal \/ 2313 kJ<\/td>\n<\/tr>\n<tr>\n<td class=\"xl64\" height=\"15\">Fat\/Fett\/Vet\/Lipides<\/td>\n<td class=\"xl65\">33.3 g<\/td>\n<\/tr>\n<tr>\n<td class=\"xl64\" height=\"15\">of which saturated\/davon ges\u00e4ttigte Fetts\u00e4uren\/waarvan verzadigd\/dont acides gras satur\u00e9s<\/td>\n<td class=\"xl65\">18 g<\/td>\n<\/tr>\n<tr>\n<td class=\"xl64\" height=\"15\">Carbohydrates\/Kohlenhydrate\/Koolhydraten\/Glucides<\/td>\n<td class=\"xl65\">51 g<\/td>\n<\/tr>\n<tr>\n<td class=\"xl64\" height=\"15\">of which sugar\/davon Zucker\/waarvan suiker\/dont sucre<\/td>\n<td class=\"xl65\">30 g<\/td>\n<\/tr>\n<tr>\n<td class=\"xl64\" height=\"15\">Proteins\/Eiweiss\/Eiwitten\/Prot\u00e9ines<\/td>\n<td class=\"xl65\">7.5 g<\/td>\n<\/tr>\n<tr>\n<td class=\"xl67\" height=\"15\">Salt\/Salz\/Zout\/Sel<\/td>\n<td class=\"xl63\">0.13 g<\/td>\n<\/tr>\n<\/tbody>\n<\/table>\n","protected":false},"excerpt":{"rendered":"<p>Ce chocolat de qualit\u00e9 sup\u00e9rieure est \u00e9pic\u00e9 selon une ancienne recette c\u00e9r\u00e9monielle de style azt\u00e8que. Essayez-le et soyez transport\u00e9 dans le temps.<\/p>\n","protected":false},"featured_media":91075,"comment_status":"open","ping_status":"closed","template":"","meta":[],"product_brand":[100],"product_cat":[15,736],"product_tag":[1300,1301,1302,1127,1303,1305,1304],"class_list":{"0":"post-91077","1":"product","2":"type-product","3":"status-publish","4":"has-post-thumbnail","6":"product_brand-naive","7":"product_cat-chocolat","8":"product_cat-vegane","9":"product_tag-azteque","10":"product_tag-ceremonial","11":"product_tag-miel","12":"product_tag-noir","13":"product_tag-piment","14":"product_tag-roucou","15":"product_tag-vanille-pompona","16":"infinite-scroll-item","17":"resize-featured-image","18":"sales-flash-overlay","19":"woocommerce-text-align-center","20":"woocommerce-image-align-center","22":"first","23":"instock","24":"taxable","25":"shipping-taxable","26":"purchasable","27":"product-type-simple"},"_links":{"self":[{"href":"https:\/\/clearchox.com\/fr\/wp-json\/wp\/v2\/product\/91077","targetHints":{"allow":["GET"]}}],"collection":[{"href":"https:\/\/clearchox.com\/fr\/wp-json\/wp\/v2\/product"}],"about":[{"href":"https:\/\/clearchox.com\/fr\/wp-json\/wp\/v2\/types\/product"}],"replies":[{"embeddable":true,"href":"https:\/\/clearchox.com\/fr\/wp-json\/wp\/v2\/comments?post=91077"}],"wp:featuredmedia":[{"embeddable":true,"href":"https:\/\/clearchox.com\/fr\/wp-json\/wp\/v2\/media\/91075"}],"wp:attachment":[{"href":"https:\/\/clearchox.com\/fr\/wp-json\/wp\/v2\/media?parent=91077"}],"wp:term":[{"taxonomy":"product_brand","embeddable":true,"href":"https:\/\/clearchox.com\/fr\/wp-json\/wp\/v2\/product_brand?post=91077"},{"taxonomy":"product_cat","embeddable":true,"href":"https:\/\/clearchox.com\/fr\/wp-json\/wp\/v2\/product_cat?post=91077"},{"taxonomy":"product_tag","embeddable":true,"href":"https:\/\/clearchox.com\/fr\/wp-json\/wp\/v2\/product_tag?post=91077"}],"curies":[{"name":"wp","href":"https:\/\/api.w.org\/{rel}","templated":true}]}}